{"id":10156,"date":"2025-05-30T02:39:47","date_gmt":"2025-05-29T23:39:47","guid":{"rendered":"https:\/\/www.maltahaliyikama.com\/?page_id=10156"},"modified":"2025-06-22T18:45:34","modified_gmt":"2025-06-22T15:45:34","slug":"battaniye-yikama","status":"publish","type":"page","link":"https:\/\/www.maltahaliyikama.com\/index.php\/hizmetlerimiz\/battaniye-yikama\/","title":{"rendered":"Battaniye Y\u0131kama"},"content":{"rendered":"<div class=\"wpb-content-wrapper\"><p>[vc_section woodmart_css_id=&#8221;6858251c9c010&#8243; responsive_spacing=&#8221;eyJwYXJhbV90eXBlIjoid29vZG1hcnRfcmVzcG9uc2l2ZV9zcGFjaW5nIiwic2VsZWN0b3JfaWQiOiI2ODU4MjUxYzljMDEwIiwic2hvcnRjb2RlIjoidmNfc2VjdGlvbiIsImRhdGEiOnsidGFibGV0Ijp7fSwibW9iaWxlIjp7fX19&#8243; mobile_bg_img_hidden=&#8221;no&#8221; tablet_bg_img_hidden=&#8221;no&#8221; woodmart_parallax=&#8221;0&#8243; woodmart_gradient_switch=&#8221;no&#8221; woodmart_box_shadow=&#8221;no&#8221; wd_z_index=&#8221;no&#8221; woodmart_disable_overflow=&#8221;0&#8243;][vc_row woodmart_css_id=&#8221;6858251823fdd&#8221; responsive_spacing=&#8221;eyJwYXJhbV90eXBlIjoid29vZG1hcnRfcmVzcG9uc2l2ZV9zcGFjaW5nIiwic2VsZWN0b3JfaWQiOiI2ODU4MjUxODIzZmRkIiwic2hvcnRjb2RlIjoidmNfcm93IiwiZGF0YSI6eyJ0YWJsZXQiOnt9LCJtb2JpbGUiOnt9fX0=&#8221; mobile_bg_img_hidden=&#8221;no&#8221; tablet_bg_img_hidden=&#8221;no&#8221; woodmart_parallax=&#8221;0&#8243; woodmart_gradient_switch=&#8221;no&#8221; woodmart_box_shadow=&#8221;no&#8221; wd_z_index=&#8221;no&#8221; woodmart_disable_overflow=&#8221;0&#8243; row_reverse_mobile=&#8221;0&#8243; row_reverse_tablet=&#8221;0&#8243;][vc_column width=&#8221;1\/2&#8243;]\n\t\t<div id=\"wd-684b41ca8a9f4\" class=\"title-wrapper wd-wpb wd-set-mb reset-last-child  wd-rs-684b41ca8a9f4 wd-title-color-default wd-title-style-default text-left  wd-underline-colored\">\n\t\t\t\t\t\t\t\n\t\t\t\t<div class=\"title-subtitle  subtitle-color-default font-alt subtitle-style-default wd-font-weight- wd-fontsize-xs\">Malta Hal\u0131 Y\u0131kama ve Koltuk Y\u0131kama Fabrikas\u0131<br \/>\n| \u0130zmit &amp; Kocaeli Profesyonel Battaniye Temizli\u011fi<\/div>\n\t\t\t\n\t\t\t<div class=\"liner-continer\">\n\t\t\t\t<h4 class=\"woodmart-title-container title  wd-font-weight- wd-fontsize-l\" >Battaniye Y\u0131kama<\/h4>\n\t\t\t\t\t\t\t<\/div>\n\t\t\t\n\t\t\t\n\t\t\t\n\t\t<\/div>\n\t\t\n\t\t\t\t<div id=\"wd-684b41d60c9ef\" class=\"wd-text-block wd-wpb reset-last-child wd-rs-684b41d60c9ef text-left \">\n\t\t\t<p data-start=\"428\" data-end=\"781\"><strong data-start=\"428\" data-end=\"444\">Battaniyeler<\/strong>, d\u00f6rt mevsim boyunca kullan\u0131lan ve do\u011frudan ten temas\u0131nda olan tekstil \u00fcr\u00fcnleridir. \u00d6zellikle k\u0131\u015f mevsiminde yo\u011fun kullan\u0131lan battaniyeler, zamanla ter, toz, bakteri ve k\u00f6t\u00fc kokularla hijyenik olmaktan uzakla\u015f\u0131r.<br data-start=\"657\" data-end=\"660\" \/>Ev tipi makinelerde tam anlam\u0131yla temizlenmesi zordur; \u00e7\u00fcnk\u00fc battaniyeler b\u00fcy\u00fck hacimli, a\u011f\u0131r ve emici yap\u0131lara sahiptir.<\/p>\n<p data-start=\"783\" data-end=\"998\">Yanl\u0131\u015f y\u0131kama i\u015flemleri battaniyenin dokusunu bozabilir, formunu kaybettirebilir ve hatta k\u00f6t\u00fc kokulara yol a\u00e7abilir. Bu nedenle <strong data-start=\"912\" data-end=\"939\">battaniye \u00f6zel y\u0131kama i\u015flemi<\/strong>, profesyonel ekipman ve do\u011fru temizlik bilgisi gerektirir.<\/p>\n<p data-start=\"1000\" data-end=\"1194\"><strong data-start=\"928\" data-end=\"959\">Malta Hal\u0131 Y\u0131kama ve Koltuk Y\u0131kama Fabrikas\u0131<\/strong> olarak, <strong data-start=\"1030\" data-end=\"1039\">\u0130zmit<\/strong>, <strong data-start=\"1041\" data-end=\"1052\">Kocaeli<\/strong>, <strong data-start=\"1054\" data-end=\"1069\">Yahyakaptan<\/strong>, <strong data-start=\"1071\" data-end=\"1083\">Umuttepe<\/strong>, <strong data-start=\"1085\" data-end=\"1096\">Derince<\/strong>, <strong data-start=\"1098\" data-end=\"1108\">K\u00f6rfez<\/strong>, <strong data-start=\"1110\" data-end=\"1122\">Ye\u015filova<\/strong> gibi b\u00f6lgelerde hijyenik ve g\u00fcvenli battaniye y\u0131kama hizmeti sunuyoruz.<\/p>\n\t\t<\/div>\n\t\t[\/vc_column][vc_column width=&#8221;1\/2&#8243;]\t\t<div id=\"wd-6838f027186ae\" class=\"wd-image wd-wpb wd-rs-6838f027186ae text-right \">\n\t\t\t\n\t\t\t<img loading=\"lazy\" decoding=\"async\" width=\"370\" height=\"300\" src=\"https:\/\/www.maltahaliyikama.com\/wp-content\/uploads\/2025\/05\/Battaniye-Yikama-Hizmeti-Kocaeli-Izmit-Korfez-Malta-Yesilova-Umuttepe-Malta-Hali-Yikamada.jpg\" class=\"attachment-medium size-medium\" alt=\"Battaniye Y\u0131kama Hizmeti Kocaeli \u0130zmit K\u00f6rfez Malta Ye\u015filova Umuttepe Malta Hal\u0131 Y\u0131kama&#039;da!\" \/>\n\t\t\t\t\t<\/div>\n\t\t[\/vc_column][\/vc_row][vc_row][vc_column]\n\t\t<div id=\"wd-682cc1c6288a5\" class=\"title-wrapper wd-wpb wd-set-mb reset-last-child  wd-rs-682cc1c6288a5 wd-title-color-default wd-title-style-default text-left  wd-underline-colored\">\n\t\t\t\n\t\t\t<div class=\"liner-continer\">\n\t\t\t\t<h4 class=\"woodmart-title-container title  wd-font-weight- wd-fontsize-l\" >Battaniye Y\u0131kama Neden \u00d6zel Uygulama Gerektirir?<\/h4>\n\t\t\t\t\t\t\t<\/div>\n\t\t\t\n\t\t\t\n\t\t\t\n\t\t<\/div>\n\t\t\n\t\t\t\t<div id=\"wd-682cc1cd18ca9\" class=\"wd-text-block wd-wpb reset-last-child wd-rs-682cc1cd18ca9 text-left \">\n\t\t\t<ul>\n<li data-start=\"1255\" data-end=\"1380\">\n<p data-start=\"1257\" data-end=\"1380\"><strong data-start=\"1257\" data-end=\"1281\">A\u011f\u0131rl\u0131k ve Emicilik:<\/strong> Island\u0131\u011f\u0131nda birka\u00e7 kat a\u011f\u0131rla\u015fan battaniyeler, ev tipi makinelerde d\u00f6nmez ve e\u015fit temizlenemez.<\/p>\n<\/li>\n<li data-start=\"1381\" data-end=\"1480\">\n<p data-start=\"1383\" data-end=\"1480\"><strong data-start=\"1383\" data-end=\"1403\">Ke\u00e7ele\u015fme Riski:<\/strong> Yanl\u0131\u015f su s\u0131cakl\u0131\u011f\u0131 ve deterjan kullan\u0131m\u0131 ile dokuda ke\u00e7ele\u015fme olu\u015fabilir.<\/p>\n<\/li>\n<li data-start=\"1481\" data-end=\"1563\">\n<p data-start=\"1483\" data-end=\"1563\"><strong data-start=\"1483\" data-end=\"1503\">Yetersiz Kuruma:<\/strong> Evde kurutulamayan battaniyeler koku yapar, k\u00fcflenebilir.<\/p>\n<\/li>\n<li data-start=\"1564\" data-end=\"1668\">\n<p data-start=\"1566\" data-end=\"1668\"><strong data-start=\"1566\" data-end=\"1587\">Doku Sertle\u015fmesi:<\/strong> A\u015f\u0131r\u0131 \u0131s\u0131 ya da uygun olmayan deterjan, battaniyenin yumu\u015fak dokusunu bozabilir.<\/p>\n<\/li>\n<\/ul>\n\t\t<\/div>\n\t\t[\/vc_column][\/vc_row][vc_row][vc_column]\n\t\t<div id=\"wd-682cc1d9256ac\" class=\"title-wrapper wd-wpb wd-set-mb reset-last-child  wd-rs-682cc1d9256ac wd-title-color-default wd-title-style-default text-left  wd-underline-colored\">\n\t\t\t\n\t\t\t<div class=\"liner-continer\">\n\t\t\t\t<h4 class=\"woodmart-title-container title  wd-font-weight- wd-fontsize-l\" >Battaniye Y\u0131kama S\u00fcreci Nas\u0131l Olmal\u0131?<\/h4>\n\t\t\t\t\t\t\t<\/div>\n\t\t\t\n\t\t\t\n\t\t\t\n\t\t<\/div>\n\t\t\n\t\t\t\t<div id=\"wd-684b423140e02\" class=\"wd-text-block wd-wpb reset-last-child wd-rs-684b423140e02 text-left \">\n\t\t\t<ul>\n<li data-start=\"1746\" data-end=\"1851\">\n<p data-start=\"1718\" data-end=\"1812\"><strong data-start=\"928\" data-end=\"959\">Malta Hal\u0131 Y\u0131kama ve Koltuk Y\u0131kama Fabrikas\u0131<\/strong> olarak battaniyelerinizi \u00f6zel tekniklerle, g\u00fcvenli bir \u015fekilde temizliyoruz:<\/p>\n<ol data-start=\"1814\" data-end=\"2450\">\n<li data-start=\"1814\" data-end=\"1903\">\n<p data-start=\"1817\" data-end=\"1903\"><strong data-start=\"1817\" data-end=\"1831\">\u00d6n Analiz:<\/strong> Battaniyenin kuma\u015f t\u00fcr\u00fc, boyutu ve kirlilik derecesi de\u011ferlendirilir.<\/p>\n<\/li>\n<li data-start=\"1904\" data-end=\"1978\">\n<p data-start=\"1907\" data-end=\"1978\"><strong data-start=\"1907\" data-end=\"1925\">Toz Temizli\u011fi:<\/strong> Kuruyken \u00f6zel vakumla toz ve y\u00fczey kirleri al\u0131n\u0131r.<\/p>\n<\/li>\n<li data-start=\"1979\" data-end=\"2077\">\n<p data-start=\"1982\" data-end=\"2077\"><strong data-start=\"1982\" data-end=\"2005\">D\u00fc\u015f\u00fck Is\u0131l\u0131 Y\u0131kama:<\/strong> Hassas kuma\u015flar i\u00e7in \u00f6zel programlarla, pH dengeli \u00fcr\u00fcnlerle y\u0131kan\u0131r.<\/p>\n<\/li>\n<li data-start=\"2078\" data-end=\"2174\">\n<p data-start=\"2081\" data-end=\"2174\"><strong data-start=\"2081\" data-end=\"2094\">Durulama:<\/strong> Battaniyeler bol su ile durulanarak t\u00fcm deterjan kal\u0131nt\u0131lar\u0131ndan ar\u0131nd\u0131r\u0131l\u0131r.<\/p>\n<\/li>\n<li data-start=\"2175\" data-end=\"2235\">\n<p data-start=\"2178\" data-end=\"2235\"><strong data-start=\"2178\" data-end=\"2188\">S\u0131kma:<\/strong> Lif yap\u0131s\u0131na zarar vermeden fazla su al\u0131n\u0131r.<\/p>\n<\/li>\n<li data-start=\"2236\" data-end=\"2339\">\n<p data-start=\"2239\" data-end=\"2339\"><strong data-start=\"2239\" data-end=\"2257\">Do\u011fal Kurutma:<\/strong> G\u00f6lgelik ve havaland\u0131rmal\u0131 kurutma alanlar\u0131nda iz ve koku b\u0131rakmadan kurutulur.<\/p>\n<\/li>\n<li data-start=\"2340\" data-end=\"2450\">\n<p data-start=\"2343\" data-end=\"2450\"><strong data-start=\"2343\" data-end=\"2367\">Kontrol ve Teslimat:<\/strong> Hijyen, yumu\u015fakl\u0131k ve doku formu kontrol edilir; battaniye \u00f6zel olarak paketlenir.<\/p>\n<\/li>\n<\/ol>\n<\/li>\n<\/ul>\n\t\t<\/div>\n\t\t[\/vc_column][\/vc_row][vc_row][vc_column]\n\t\t<div id=\"wd-684b423a07d20\" class=\"title-wrapper wd-wpb wd-set-mb reset-last-child  wd-rs-684b423a07d20 wd-title-color-default wd-title-style-default text-left  wd-underline-colored\">\n\t\t\t\n\t\t\t<div class=\"liner-continer\">\n\t\t\t\t<h4 class=\"woodmart-title-container title  wd-font-weight- wd-fontsize-l\" >Malta Hal\u0131 Y\u0131kama ve Koltuk Y\u0131kama Fabrikas\u0131 ile Battaniyeleriniz \u0130lk G\u00fcnk\u00fc Gibi Temiz ve Yumu\u015fak<\/h4>\n\t\t\t\t\t\t\t<\/div>\n\t\t\t\n\t\t\t\n\t\t\t\n\t\t<\/div>\n\t\t\n\t\t\t\t<div id=\"wd-682cc1f55d454\" class=\"wd-text-block wd-wpb reset-last-child wd-rs-682cc1f55d454 text-left \">\n\t\t\t<p data-start=\"2530\" data-end=\"2702\">\u2705 Kuma\u015fa \u00f6zel deterjanlar<br data-start=\"2555\" data-end=\"2558\" \/>\u2705 S\u0131kma sonras\u0131 \u015fekil koruma<br data-start=\"2586\" data-end=\"2589\" \/>\u2705 G\u00f6lge ve hava sirk\u00fclasyonlu kurutma<br data-start=\"2626\" data-end=\"2629\" \/>\u2705 \u0130zmit ve \u00e7evresine \u00fccretsiz servis<br data-start=\"2665\" data-end=\"2668\" \/>\u2705 %100 memnuniyet garantili hizmet<\/p>\n\t\t<\/div>\n\t\t[\/vc_column][\/vc_row][vc_row][vc_column]\n\t\t<div id=\"wd-682cc1fc39916\" class=\"title-wrapper wd-wpb wd-set-mb reset-last-child  wd-rs-682cc1fc39916 wd-title-color-default wd-title-style-default text-left  wd-underline-colored\">\n\t\t\t\n\t\t\t<div class=\"liner-continer\">\n\t\t\t\t<h4 class=\"woodmart-title-container title  wd-font-weight- wd-fontsize-l\" >Battaniye Y\u0131kama Fiyatlar\u0131<\/h4>\n\t\t\t\t\t\t\t<\/div>\n\t\t\t\n\t\t\t\n\t\t\t\n\t\t<\/div>\n\t\t\n\t\t\t\t<div id=\"wd-682cc200b210a\" class=\"wd-text-block wd-wpb reset-last-child wd-rs-682cc200b210a text-left \">\n\t\t\t<p data-start=\"2741\" data-end=\"2852\">Battaniye y\u0131kama \u00fccretleri, battaniyenin ebat\u0131 (tek\/\u00e7ift ki\u015filik), kal\u0131nl\u0131\u011f\u0131 ve malzeme t\u00fcr\u00fcne g\u00f6re belirlenir.<\/p>\n<p data-start=\"2854\" data-end=\"2967\">???? <strong data-start=\"2857\" data-end=\"2881\">Fiyat: 400 TL \/ adet<\/strong><br data-start=\"2881\" data-end=\"2884\" \/>???? Toplu y\u0131kamalarda veya yorgan ile birlikte g\u00f6nderimlerde \u00f6zel indirim uygulan\u0131r.<\/p>\n\t\t<\/div>\n\t\t[\/vc_column][\/vc_row][vc_row][vc_column]\n\t\t<div id=\"wd-682cc209af195\" class=\"title-wrapper wd-wpb wd-set-mb reset-last-child  wd-rs-682cc209af195 wd-title-color-default wd-title-style-default text-left  wd-underline-colored\">\n\t\t\t\n\t\t\t<div class=\"liner-continer\">\n\t\t\t\t<h4 class=\"woodmart-title-container title  wd-font-weight- wd-fontsize-l\" >Battaniye Y\u0131kama Hakk\u0131nda S\u0131k Sorulan Sorular<\/h4>\n\t\t\t\t\t\t\t<\/div>\n\t\t\t\n\t\t\t\n\t\t\t\n\t\t<\/div>\n\t\t\n\t\t\t\t<div id=\"wd-682cc210dfbd5\" class=\"wd-text-block wd-wpb reset-last-child wd-rs-682cc210dfbd5 text-left \">\n\t\t\t<p data-start=\"3018\" data-end=\"3160\"><strong data-start=\"3018\" data-end=\"3057\">Battaniyemi evde y\u0131kayabilir miyim?<\/strong><br data-start=\"3057\" data-end=\"3060\" \/>\u00c7o\u011fu ev tipi makine tam temizlik sa\u011flayamaz, \u0131slak kal\u0131r ve k\u00f6t\u00fc kokar. Profesyonel y\u0131kama \u00f6nerilir.<\/p>\n<p data-start=\"3162\" data-end=\"3270\"><strong data-start=\"3162\" data-end=\"3187\">Kurutma s\u00fcresi nedir?<\/strong><br data-start=\"3187\" data-end=\"3190\" \/>Havan\u0131n nem oran\u0131na g\u00f6re de\u011fi\u015fir, ancak 24\u201336 saat i\u00e7inde do\u011fal kurutma yap\u0131l\u0131r.<\/p>\n<p data-start=\"3272\" data-end=\"3387\"><strong data-start=\"3272\" data-end=\"3314\">Y\u0131kama sonras\u0131 battaniye sertle\u015fir mi?<\/strong><br data-start=\"3314\" data-end=\"3317\" \/>Hay\u0131r. Uygun deterjan ve kurutma ile battaniyeniz yumu\u015fakl\u0131\u011f\u0131n\u0131 korur.<\/p>\n\t\t<\/div>\n\t\t[\/vc_column][\/vc_row][vc_row][vc_column]\n\t\t<div id=\"wd-684b424de13ee\" class=\"title-wrapper wd-wpb wd-set-mb reset-last-child  wd-rs-684b424de13ee wd-title-color-default wd-title-style-default text-left  wd-underline-colored\">\n\t\t\t\n\t\t\t<div class=\"liner-continer\">\n\t\t\t\t<h4 class=\"woodmart-title-container title  wd-font-weight- wd-fontsize-l\" >Kocaeli Battaniye Y\u0131kama Hizmetinde G\u00fcvenilir Adres: Malta Hal\u0131 Y\u0131kama ve Koltuk Y\u0131kama Fabrikas\u0131<\/h4>\n\t\t\t\t\t\t\t<\/div>\n\t\t\t\n\t\t\t\n\t\t\t\n\t\t<\/div>\n\t\t\n\t\t\t\t<div id=\"wd-684b4258a162d\" class=\"wd-text-block wd-wpb reset-last-child wd-rs-684b4258a162d text-left \">\n\t\t\t<p data-start=\"3466\" data-end=\"3674\">Battaniyelerinizin hijyenini ve yumu\u015fakl\u0131\u011f\u0131n\u0131 korumak, sa\u011fl\u0131kl\u0131 bir uyku i\u00e7in olmazsa olmazd\u0131r.<br data-start=\"3561\" data-end=\"3564\" \/><strong data-start=\"928\" data-end=\"959\">Malta Hal\u0131 Y\u0131kama ve Koltuk Y\u0131kama Fabrikas\u0131<\/strong>, battaniyelerinize \u00f6zenle yakla\u015f\u0131r, profesyonel temizlikle ilk g\u00fcnk\u00fc formuna kavu\u015fturur.<\/p>\n<p data-start=\"3676\" data-end=\"3810\">???? <strong data-start=\"3679\" data-end=\"3692\">\u0130leti\u015fim:<\/strong> +90 (262) 322 25 82<br data-start=\"3712\" data-end=\"3715\" \/>???? <strong data-start=\"3718\" data-end=\"3739\">Hizmet B\u00f6lgeleri:<\/strong> \u0130zmit, Yahyakaptan, Umuttepe, Derince, K\u00f6rfez, Ye\u015filova ve t\u00fcm Kocaeli<\/p>\n\t\t<\/div>\n\t\t[\/vc_column][\/vc_row][\/vc_section]<\/p>\n<\/div>","protected":false},"excerpt":{"rendered":"<p>[vc_section woodmart_css_id=&#8221;6858251c9c010&#8243; responsive_spacing=&#8221;eyJwYXJhbV90eXBlIjoid29vZG1hcnRfcmVzcG9uc2l2ZV9zcGFjaW5nIiwic2VsZWN0b3JfaWQiOiI2ODU4MjUxYzljMDEwIiwic2hvcnRjb2RlIjoidmNfc2VjdGlvbiIsImRhdGEiOnsidGFibGV0Ijp7fSwibW9iaWxlIjp7fX19&#8243; mobile_bg_img_hidden=&#8221;no&#8221; tablet_bg_img_hidden=&#8221;no&#8221; woodmart_parallax=&#8221;0&#8243; woodmart_gradient_switch=&#8221;no&#8221; woodmart_box_shadow=&#8221;no&#8221; wd_z_index=&#8221;no&#8221; woodmart_disable_overflow=&#8221;0&#8243;][vc_row woodmart_css_id=&#8221;6858251823fdd&#8221; responsive_spacing=&#8221;eyJwYXJhbV90eXBlIjoid29vZG1hcnRfcmVzcG9uc2l2ZV9zcGFjaW5nIiwic2VsZWN0b3JfaWQiOiI2ODU4MjUxODIzZmRkIiwic2hvcnRjb2RlIjoidmNfcm93IiwiZGF0YSI6eyJ0YWJsZXQiOnt9LCJtb2JpbGUiOnt9fX0=&#8221; mobile_bg_img_hidden=&#8221;no&#8221; tablet_bg_img_hidden=&#8221;no&#8221; woodmart_parallax=&#8221;0&#8243; woodmart_gradient_switch=&#8221;no&#8221; woodmart_box_shadow=&#8221;no&#8221; wd_z_index=&#8221;no&#8221; woodmart_disable_overflow=&#8221;0&#8243; row_reverse_mobile=&#8221;0&#8243;<\/p>\n","protected":false},"author":1,"featured_media":0,"parent":10131,"menu_order":0,"comment_status":"closed","ping_status":"closed","template":"","meta":{"footnotes":""},"class_list":["post-10156","page","type-page","status-publish","hentry"],"_links":{"self":[{"href":"https:\/\/www.maltahaliyikama.com\/index.php\/wp-json\/wp\/v2\/pages\/10156","targetHints":{"allow":["GET"]}}],"collection":[{"href":"https:\/\/www.maltahaliyikama.com\/index.php\/wp-json\/wp\/v2\/pages"}],"about":[{"href":"https:\/\/www.maltahaliyikama.com\/index.php\/wp-json\/wp\/v2\/types\/page"}],"author":[{"embeddable":true,"href":"https:\/\/www.maltahaliyikama.com\/index.php\/wp-json\/wp\/v2\/users\/1"}],"replies":[{"embeddable":true,"href":"https:\/\/www.maltahaliyikama.com\/index.php\/wp-json\/wp\/v2\/comments?post=10156"}],"version-history":[{"count":6,"href":"https:\/\/www.maltahaliyikama.com\/index.php\/wp-json\/wp\/v2\/pages\/10156\/revisions"}],"predecessor-version":[{"id":10426,"href":"https:\/\/www.maltahaliyikama.com\/index.php\/wp-json\/wp\/v2\/pages\/10156\/revisions\/10426"}],"up":[{"embeddable":true,"href":"https:\/\/www.maltahaliyikama.com\/index.php\/wp-json\/wp\/v2\/pages\/10131"}],"wp:attachment":[{"href":"https:\/\/www.maltahaliyikama.com\/index.php\/wp-json\/wp\/v2\/media?parent=10156"}],"curies":[{"name":"wp","href":"https:\/\/api.w.org\/{rel}","templated":true}]}}