{"id":10158,"date":"2025-05-30T02:42:04","date_gmt":"2025-05-29T23:42:04","guid":{"rendered":"https:\/\/www.maltahaliyikama.com\/?page_id=10158"},"modified":"2025-06-22T18:47:13","modified_gmt":"2025-06-22T15:47:13","slug":"bebek-yatagi-yikama","status":"publish","type":"page","link":"https:\/\/www.maltahaliyikama.com\/index.php\/hizmetlerimiz\/bebek-yatagi-yikama\/","title":{"rendered":"Bebek Yata\u011f\u0131 Y\u0131kama"},"content":{"rendered":"<div class=\"wpb-content-wrapper\"><p>[vc_section][vc_row woodmart_css_id=&#8221;6858257b02f41&#8243; responsive_spacing=&#8221;eyJwYXJhbV90eXBlIjoid29vZG1hcnRfcmVzcG9uc2l2ZV9zcGFjaW5nIiwic2VsZWN0b3JfaWQiOiI2ODU4MjU3YjAyZjQxIiwic2hvcnRjb2RlIjoidmNfcm93IiwiZGF0YSI6eyJ0YWJsZXQiOnt9LCJtb2JpbGUiOnt9fX0=&#8221; mobile_bg_img_hidden=&#8221;no&#8221; tablet_bg_img_hidden=&#8221;no&#8221; woodmart_parallax=&#8221;0&#8243; woodmart_gradient_switch=&#8221;no&#8221; woodmart_box_shadow=&#8221;no&#8221; wd_z_index=&#8221;no&#8221; woodmart_disable_overflow=&#8221;0&#8243; row_reverse_mobile=&#8221;0&#8243; row_reverse_tablet=&#8221;0&#8243;][vc_column width=&#8221;1\/2&#8243;]\n\t\t<div id=\"wd-684b4284639cf\" class=\"title-wrapper wd-wpb wd-set-mb reset-last-child  wd-rs-684b4284639cf wd-title-color-default wd-title-style-default text-left  wd-underline-colored\">\n\t\t\t\t\t\t\t\n\t\t\t\t<div class=\"title-subtitle  subtitle-color-default font-alt subtitle-style-default wd-font-weight- wd-fontsize-xs\">Malta Hal\u0131 Y\u0131kama ve Koltuk Y\u0131kama Fabrikas\u0131<br \/>\n| \u0130zmit ve Kocaeli\u2019de Hijyenik Bebek Yatak Temizli\u011fi<\/div>\n\t\t\t\n\t\t\t<div class=\"liner-continer\">\n\t\t\t\t<h4 class=\"woodmart-title-container title  wd-font-weight- wd-fontsize-l\" >Yast\u0131k Y\u0131kama<\/h4>\n\t\t\t\t\t\t\t<\/div>\n\t\t\t\n\t\t\t\n\t\t\t\n\t\t<\/div>\n\t\t\n\t\t\t\t<div id=\"wd-684b428d5bb9b\" class=\"wd-text-block wd-wpb reset-last-child wd-rs-684b428d5bb9b text-left \">\n\t\t\t<p data-start=\"449\" data-end=\"776\"><strong data-start=\"449\" data-end=\"468\">Bebek yataklar\u0131<\/strong>, bebeklerin en uzun s\u00fcre temas etti\u011fi alanlard\u0131r. Bu nedenle, sadece y\u00fczeyde temiz g\u00f6r\u00fcnmeleri de\u011fil, derinlemesine hijyenik olmalar\u0131 da son derece \u00f6nemlidir. Bebek cildi hassas ve ba\u011f\u0131\u015f\u0131kl\u0131k sistemi hen\u00fcz geli\u015fmekte oldu\u011fundan, yataklardaki toz, bakteri, ter ve lekeler ciddi sa\u011fl\u0131k riskleri olu\u015fturabilir.<\/p>\n<p data-start=\"778\" data-end=\"1008\">Evde yap\u0131lan temizlikler yaln\u0131zca y\u00fczeysel etkili olur; yatak s\u00fcngerinde biriken bakteri, toz akar\u0131 ve nemli yap\u0131 kal\u0131c\u0131 olarak temizlenemez. Yanl\u0131\u015f temizlik ise yata\u011f\u0131n formunu bozar, sertle\u015fmesine ya da \u00e7\u00f6kmesine neden olabilir.<\/p>\n<p data-start=\"1010\" data-end=\"1204\"><strong data-start=\"928\" data-end=\"959\">Malta Hal\u0131 Y\u0131kama ve Koltuk Y\u0131kama Fabrikas\u0131<\/strong> olarak, <strong data-start=\"1040\" data-end=\"1049\">\u0130zmit<\/strong>, <strong data-start=\"1051\" data-end=\"1062\">Kocaeli<\/strong>, <strong data-start=\"1064\" data-end=\"1079\">Yahyakaptan<\/strong>, <strong data-start=\"1081\" data-end=\"1093\">Umuttepe<\/strong>, <strong data-start=\"1095\" data-end=\"1106\">Derince<\/strong>, <strong data-start=\"1108\" data-end=\"1118\">K\u00f6rfez<\/strong>, <strong data-start=\"1120\" data-end=\"1132\">Ye\u015filova<\/strong> gibi b\u00f6lgelerde <strong data-start=\"1149\" data-end=\"1172\">bebek yata\u011f\u0131 y\u0131kama<\/strong> hizmetini titizlikle sunuyoruz.<\/p>\n\t\t<\/div>\n\t\t[\/vc_column][vc_column width=&#8221;1\/2&#8243;]\t\t<div id=\"wd-6838f0bc24e15\" class=\"wd-image wd-wpb wd-rs-6838f0bc24e15 text-right \">\n\t\t\t\n\t\t\t<img loading=\"lazy\" decoding=\"async\" width=\"400\" height=\"267\" src=\"https:\/\/www.maltahaliyikama.com\/wp-content\/uploads\/2025\/05\/Bebek-Yatagi-Yikama-Hizmeti-Kocaeli-Izmit-Korfez-Malta-Yesilova-Umuttepe-Malta-Hali-Yikamada.jpg\" class=\"attachment-medium size-medium\" alt=\"Bebek Yata\u011f\u0131 Y\u0131kama Hizmeti Kocaeli \u0130zmit K\u00f6rfez Malta Ye\u015filova Umuttepe Malta Hal\u0131 Y\u0131kama&#039;da!\" \/>\n\t\t\t\t\t<\/div>\n\t\t[\/vc_column][\/vc_row][vc_row][vc_column]\n\t\t<div id=\"wd-684b4299cc008\" class=\"title-wrapper wd-wpb wd-set-mb reset-last-child  wd-rs-684b4299cc008 wd-title-color-default wd-title-style-default text-left  wd-underline-colored\">\n\t\t\t\n\t\t\t<div class=\"liner-continer\">\n\t\t\t\t<h4 class=\"woodmart-title-container title  wd-font-weight- wd-fontsize-l\" >Bebek Yata\u011f\u0131 Y\u0131kama Neden \u00d6zel Yap\u0131lmal\u0131?<\/h4>\n\t\t\t\t\t\t\t<\/div>\n\t\t\t\n\t\t\t\n\t\t\t\n\t\t<\/div>\n\t\t\n\t\t\t\t<div id=\"wd-682d708248c73\" class=\"wd-text-block wd-wpb reset-last-child wd-rs-682d708248c73 text-left \">\n\t\t\t<ul>\n<li data-start=\"1260\" data-end=\"1355\"><strong data-start=\"1260\" data-end=\"1277\">Alerji Riski:<\/strong> Toz akarlar\u0131 ve bakteriler bebeklerde alerjik reaksiyonlara neden olabilir.<\/li>\n<li data-start=\"1358\" data-end=\"1464\"><strong data-start=\"1358\" data-end=\"1374\">Cilt Temas\u0131:<\/strong> Do\u011frudan temas nedeniyle deterjan ve kimyasal kal\u0131nt\u0131lar sa\u011fl\u0131k a\u00e7\u0131s\u0131ndan tehlikelidir.<\/li>\n<li data-start=\"1467\" data-end=\"1543\"><strong data-start=\"1467\" data-end=\"1483\">Yatak Formu:<\/strong> Y\u00fcksek \u0131s\u0131 ya da fazla \u0131slatma yatak s\u00fcngerini bozabilir.<\/li>\n<li data-start=\"1546\" data-end=\"1628\"><strong data-start=\"1546\" data-end=\"1568\">Koku &amp; Nem Sorunu:<\/strong> Yetersiz kurutma k\u00f6t\u00fc kokuya ve bakteri \u00fcretimine yol a\u00e7ar.<\/li>\n<\/ul>\n\t\t<\/div>\n\t\t[\/vc_column][\/vc_row][vc_row][vc_column]\n\t\t<div id=\"wd-682d708c019e9\" class=\"title-wrapper wd-wpb wd-set-mb reset-last-child  wd-rs-682d708c019e9 wd-title-color-default wd-title-style-default text-left  wd-underline-colored\">\n\t\t\t\n\t\t\t<div class=\"liner-continer\">\n\t\t\t\t<h4 class=\"woodmart-title-container title  wd-font-weight- wd-fontsize-l\" >Bebek Yata\u011f\u0131 Y\u0131kama S\u00fcreci Nas\u0131l Olmal\u0131?<\/h4>\n\t\t\t\t\t\t\t<\/div>\n\t\t\t\n\t\t\t\n\t\t\t\n\t\t<\/div>\n\t\t\n\t\t\t\t<div id=\"wd-684b42c54f3a8\" class=\"wd-text-block wd-wpb reset-last-child wd-rs-684b42c54f3a8 text-left \">\n\t\t\t<p data-start=\"1681\" data-end=\"1769\"><strong data-start=\"928\" data-end=\"959\">Malta Hal\u0131 Y\u0131kama ve Koltuk Y\u0131kama Fabrikas\u0131<\/strong> olarak bebek yataklar\u0131n\u0131 a\u015fa\u011f\u0131daki profesyonel ad\u0131mlarla temizliyoruz:<\/p>\n<ol data-start=\"1771\" data-end=\"2449\">\n<li data-start=\"1771\" data-end=\"1871\">\n<p data-start=\"1774\" data-end=\"1871\"><strong data-start=\"1774\" data-end=\"1794\">Malzeme Analizi:<\/strong> Yata\u011f\u0131n i\u00e7 dolgusu (s\u00fcnger, elyaf, pamuk) ve d\u0131\u015f kuma\u015f tipi analiz edilir.<\/p>\n<\/li>\n<li data-start=\"1872\" data-end=\"1966\">\n<p data-start=\"1875\" data-end=\"1966\"><strong data-start=\"1875\" data-end=\"1895\">Y\u00fczey Temizli\u011fi:<\/strong> \u0130lk ad\u0131mda g\u00fc\u00e7l\u00fc vakum sistemiyle t\u00fcm toz ve partik\u00fcller temizlenir.<\/p>\n<\/li>\n<li data-start=\"1967\" data-end=\"2047\">\n<p data-start=\"1970\" data-end=\"2047\"><strong data-start=\"1970\" data-end=\"1990\">Leke M\u00fcdahalesi:<\/strong> Bitkisel, bebek dostu \u00fcr\u00fcnlerle leke \u00e7\u00f6z\u00fcm\u00fc uygulan\u0131r.<\/p>\n<\/li>\n<li data-start=\"2048\" data-end=\"2140\">\n<p data-start=\"2051\" data-end=\"2140\"><strong data-start=\"2051\" data-end=\"2074\">D\u00fc\u015f\u00fck Is\u0131da Y\u0131kama:<\/strong> Yatak \u00f6zel bebek programlar\u0131yla, d\u00fc\u015f\u00fck nem ve \u0131s\u0131da temizlenir.<\/p>\n<\/li>\n<li data-start=\"2141\" data-end=\"2206\">\n<p data-start=\"2144\" data-end=\"2206\"><strong data-start=\"2144\" data-end=\"2157\">Durulama:<\/strong> Bol suyla t\u00fcm kimyasal kal\u0131nt\u0131lar ar\u0131nd\u0131r\u0131l\u0131r.<\/p>\n<\/li>\n<li data-start=\"2207\" data-end=\"2278\">\n<p data-start=\"2210\" data-end=\"2278\"><strong data-start=\"2210\" data-end=\"2230\">Santrif\u00fcj S\u0131kma:<\/strong> Yata\u011f\u0131n i\u00e7 yap\u0131s\u0131n\u0131 bozmadan fazla su al\u0131n\u0131r.<\/p>\n<\/li>\n<li data-start=\"2279\" data-end=\"2364\">\n<p data-start=\"2282\" data-end=\"2364\"><strong data-start=\"2282\" data-end=\"2300\">Do\u011fal Kurutma:<\/strong> G\u00f6lge ve hava sirk\u00fclasyonu olan alanda %100 kurutma sa\u011flan\u0131r.<\/p>\n<\/li>\n<li data-start=\"2365\" data-end=\"2449\">\n<p data-start=\"2368\" data-end=\"2449\"><strong data-start=\"2368\" data-end=\"2399\">Hijyen Kontrol &amp; Paketleme:<\/strong> Son kontrol sonras\u0131 \u00f6zel ambalajla teslim edilir.<\/p>\n<\/li>\n<\/ol>\n\t\t<\/div>\n\t\t[\/vc_column][\/vc_row][vc_row][vc_column]\n\t\t<div id=\"wd-684b42cf7662d\" class=\"title-wrapper wd-wpb wd-set-mb reset-last-child  wd-rs-684b42cf7662d wd-title-color-default wd-title-style-default text-left  wd-underline-colored\">\n\t\t\t\n\t\t\t<div class=\"liner-continer\">\n\t\t\t\t<h4 class=\"woodmart-title-container title  wd-font-weight- wd-fontsize-l\" >Malta Hal\u0131 Y\u0131kama ve Koltuk Y\u0131kama Fabrikas\u0131 ile Bebe\u011finizin Uykusu G\u00fcvende<\/h4>\n\t\t\t\t\t\t\t<\/div>\n\t\t\t\n\t\t\t\n\t\t\t\n\t\t<\/div>\n\t\t\n\t\t\t\t<div id=\"wd-682d709ee733c\" class=\"wd-text-block wd-wpb reset-last-child wd-rs-682d709ee733c text-left \">\n\t\t\t<p data-start=\"2507\" data-end=\"2719\">\u2705 Bebek dostu, hipoalerjenik temizlik \u00fcr\u00fcnleri<br data-start=\"2553\" data-end=\"2556\" \/>\u2705 Do\u011fal kurutma, kimyasal kal\u0131nt\u0131 b\u0131rakmaz<br data-start=\"2598\" data-end=\"2601\" \/>\u2705 Yatak formunu bozmayan \u00f6zel teknikler<br data-start=\"2640\" data-end=\"2643\" \/>\u2705 \u0130zmit ve \u00e7evresine \u00fccretsiz servis<br data-start=\"2679\" data-end=\"2682\" \/>\u2705 %100 hijyen ve memnuniyet garantisi<\/p>\n\t\t<\/div>\n\t\t[\/vc_column][\/vc_row][vc_row][vc_column]\n\t\t<div id=\"wd-682d70a8a8618\" class=\"title-wrapper wd-wpb wd-set-mb reset-last-child  wd-rs-682d70a8a8618 wd-title-color-default wd-title-style-default text-left  wd-underline-colored\">\n\t\t\t\n\t\t\t<div class=\"liner-continer\">\n\t\t\t\t<h4 class=\"woodmart-title-container title  wd-font-weight- wd-fontsize-l\" >Bebek Yata\u011f\u0131 Y\u0131kama Fiyatlar\u0131<\/h4>\n\t\t\t\t\t\t\t<\/div>\n\t\t\t\n\t\t\t\n\t\t\t\n\t\t<\/div>\n\t\t\n\t\t\t\t<div id=\"wd-684b42dcafa18\" class=\"wd-text-block wd-wpb reset-last-child wd-rs-684b42dcafa18 text-left \">\n\t\t\t<p data-start=\"2761\" data-end=\"2849\">Bebek yata\u011f\u0131 \u00f6zel y\u0131kama fiyat\u0131; yata\u011f\u0131n boyutu, kal\u0131nl\u0131\u011f\u0131 ve malzeme t\u00fcr\u00fcne g\u00f6re belirlenir.<\/p>\n<p data-start=\"2761\" data-end=\"2849\">???? Minimum servis bedelimiz: 400 TL\u2019dir<br data-start=\"2945\" data-end=\"2948\" \/>???? Toplu g\u00f6nderimlerde \u00f6zel fiyat avantaj\u0131 sunulur.<\/p>\n\t\t<\/div>\n\t\t[\/vc_column][\/vc_row][vc_row][vc_column]\n\t\t<div id=\"wd-682d70bf5f346\" class=\"title-wrapper wd-wpb wd-set-mb reset-last-child  wd-rs-682d70bf5f346 wd-title-color-default wd-title-style-default text-left  wd-underline-colored\">\n\t\t\t\n\t\t\t<div class=\"liner-continer\">\n\t\t\t\t<h4 class=\"woodmart-title-container title  wd-font-weight- wd-fontsize-l\" >Bebek Yata\u011f\u0131 Y\u0131kama Hakk\u0131nda S\u0131k Sorulan Sorular<\/h4>\n\t\t\t\t\t\t\t<\/div>\n\t\t\t\n\t\t\t\n\t\t\t\n\t\t<\/div>\n\t\t\n\t\t\t\t<div id=\"wd-682d70c82a7cc\" class=\"wd-text-block wd-wpb reset-last-child wd-rs-682d70c82a7cc text-left \">\n\t\t\t<p data-start=\"3053\" data-end=\"3192\"><strong data-start=\"3053\" data-end=\"3095\">Bebek yata\u011f\u0131n\u0131 evde y\u0131kayabilir miyim?<\/strong><br data-start=\"3095\" data-end=\"3098\" \/>Hay\u0131r. Evde yap\u0131lan i\u015flemler yata\u011f\u0131n i\u00e7ini tam temizleyemez, nemli kal\u0131r ve kokuya neden olur.<\/p>\n<p data-start=\"3194\" data-end=\"3303\"><strong data-start=\"3194\" data-end=\"3220\">Ne kadar s\u00fcrede kurur?<\/strong><br data-start=\"3220\" data-end=\"3223\" \/>24\u201336 saat i\u00e7inde do\u011fal kurutma sa\u011flan\u0131r. Tam kuruma sa\u011flanmadan teslim edilmez.<\/p>\n<p data-start=\"3305\" data-end=\"3417\"><strong data-start=\"3305\" data-end=\"3334\">Kimyasal kal\u0131nt\u0131 olur mu?<\/strong><br data-start=\"3334\" data-end=\"3337\" \/>Hay\u0131r. Bebek sa\u011fl\u0131\u011f\u0131na uygun \u00fcr\u00fcnlerle \u00e7al\u0131\u015f\u0131yor, bol su ile durulama yap\u0131yoruz.<\/p>\n\t\t<\/div>\n\t\t[\/vc_column][\/vc_row][vc_row][vc_column]\n\t\t<div id=\"wd-684b42e750bca\" class=\"title-wrapper wd-wpb wd-set-mb reset-last-child  wd-rs-684b42e750bca wd-title-color-default wd-title-style-default text-left  wd-underline-colored\">\n\t\t\t\n\t\t\t<div class=\"liner-continer\">\n\t\t\t\t<h4 class=\"woodmart-title-container title  wd-font-weight- wd-fontsize-l\" >Kocaeli Bebek Yata\u011f\u0131 Y\u0131kama Hizmetinde G\u00fcvenilir Adres: Malta Hal\u0131 Y\u0131kama ve Koltuk Y\u0131kama Fabrikas\u0131<\/h4>\n\t\t\t\t\t\t\t<\/div>\n\t\t\t\n\t\t\t\n\t\t\t\n\t\t<\/div>\n\t\t\n\t\t\t\t<div id=\"wd-684b42eeafe11\" class=\"wd-text-block wd-wpb reset-last-child wd-rs-684b42eeafe11 text-left \">\n\t\t\t<p data-start=\"3499\" data-end=\"3704\">Bebe\u011finizin rahat, sa\u011fl\u0131kl\u0131 ve g\u00fcvenli uykusu i\u00e7in yata\u011f\u0131n\u0131n hijyeninden emin olun.<br data-start=\"3582\" data-end=\"3585\" \/><strong data-start=\"928\" data-end=\"959\">Malta Hal\u0131 Y\u0131kama ve Koltuk Y\u0131kama Fabrikas\u0131<\/strong>, bebek yataklar\u0131n\u0131 profesyonel ve \u00f6zenli \u015fekilde temizler, size i\u00e7 rahatl\u0131\u011f\u0131yla geri teslim eder.<\/p>\n<p data-start=\"3706\" data-end=\"3840\">???? <strong data-start=\"3709\" data-end=\"3722\">\u0130leti\u015fim:<\/strong> +90 (262) 322 25 82<br data-start=\"3742\" data-end=\"3745\" \/>???? <strong data-start=\"3748\" data-end=\"3769\">Hizmet B\u00f6lgeleri:<\/strong> \u0130zmit, Yahyakaptan, Umuttepe, Derince, K\u00f6rfez, Ye\u015filova ve t\u00fcm Kocaeli<\/p>\n\t\t<\/div>\n\t\t[\/vc_column][\/vc_row][\/vc_section]<\/p>\n<\/div>","protected":false},"excerpt":{"rendered":"<p>[vc_section][vc_row woodmart_css_id=&#8221;6858257b02f41&#8243; responsive_spacing=&#8221;eyJwYXJhbV90eXBlIjoid29vZG1hcnRfcmVzcG9uc2l2ZV9zcGFjaW5nIiwic2VsZWN0b3JfaWQiOiI2ODU4MjU3YjAyZjQxIiwic2hvcnRjb2RlIjoidmNfcm93IiwiZGF0YSI6eyJ0YWJsZXQiOnt9LCJtb2JpbGUiOnt9fX0=&#8221; mobile_bg_img_hidden=&#8221;no&#8221; tablet_bg_img_hidden=&#8221;no&#8221; woodmart_parallax=&#8221;0&#8243; woodmart_gradient_switch=&#8221;no&#8221; woodmart_box_shadow=&#8221;no&#8221; wd_z_index=&#8221;no&#8221; woodmart_disable_overflow=&#8221;0&#8243; row_reverse_mobile=&#8221;0&#8243; row_reverse_tablet=&#8221;0&#8243;][vc_column width=&#8221;1\/2&#8243;][\/vc_column][vc_column width=&#8221;1\/2&#8243;][\/vc_column][\/vc_row][vc_row][vc_column][\/vc_column][\/vc_row][vc_row][vc_column][\/vc_column][\/vc_row][vc_row][vc_column][\/vc_column][\/vc_row][vc_row][vc_column][\/vc_column][\/vc_row][vc_row][vc_column][\/vc_column][\/vc_row][vc_row][vc_column][\/vc_column][\/vc_row][\/vc_section]<\/p>\n","protected":false},"author":1,"featured_media":0,"parent":10131,"menu_order":0,"comment_status":"closed","ping_status":"closed","template":"","meta":{"footnotes":""},"class_list":["post-10158","page","type-page","status-publish","hentry"],"_links":{"self":[{"href":"https:\/\/www.maltahaliyikama.com\/index.php\/wp-json\/wp\/v2\/pages\/10158","targetHints":{"allow":["GET"]}}],"collection":[{"href":"https:\/\/www.maltahaliyikama.com\/index.php\/wp-json\/wp\/v2\/pages"}],"about":[{"href":"https:\/\/www.maltahaliyikama.com\/index.php\/wp-json\/wp\/v2\/types\/page"}],"author":[{"embeddable":true,"href":"https:\/\/www.maltahaliyikama.com\/index.php\/wp-json\/wp\/v2\/users\/1"}],"replies":[{"embeddable":true,"href":"https:\/\/www.maltahaliyikama.com\/index.php\/wp-json\/wp\/v2\/comments?post=10158"}],"version-history":[{"count":6,"href":"https:\/\/www.maltahaliyikama.com\/index.php\/wp-json\/wp\/v2\/pages\/10158\/revisions"}],"predecessor-version":[{"id":10431,"href":"https:\/\/www.maltahaliyikama.com\/index.php\/wp-json\/wp\/v2\/pages\/10158\/revisions\/10431"}],"up":[{"embeddable":true,"href":"https:\/\/www.maltahaliyikama.com\/index.php\/wp-json\/wp\/v2\/pages\/10131"}],"wp:attachment":[{"href":"https:\/\/www.maltahaliyikama.com\/index.php\/wp-json\/wp\/v2\/media?parent=10158"}],"curies":[{"name":"wp","href":"https:\/\/api.w.org\/{rel}","templated":true}]}}