{"id":10162,"date":"2025-05-30T02:44:50","date_gmt":"2025-05-29T23:44:50","guid":{"rendered":"https:\/\/www.maltahaliyikama.com\/?page_id=10162"},"modified":"2025-06-22T18:42:35","modified_gmt":"2025-06-22T15:42:35","slug":"cin-halisi-yikama","status":"publish","type":"page","link":"https:\/\/www.maltahaliyikama.com\/index.php\/hizmetlerimiz\/cin-halisi-yikama\/","title":{"rendered":"\u00c7in Hal\u0131s\u0131 Y\u0131kama"},"content":{"rendered":"<div class=\"wpb-content-wrapper\"><p>[vc_section][vc_row woodmart_css_id=&#8221;685824674db19&#8243; responsive_spacing=&#8221;eyJwYXJhbV90eXBlIjoid29vZG1hcnRfcmVzcG9uc2l2ZV9zcGFjaW5nIiwic2VsZWN0b3JfaWQiOiI2ODU4MjQ2NzRkYjE5Iiwic2hvcnRjb2RlIjoidmNfcm93IiwiZGF0YSI6eyJ0YWJsZXQiOnt9LCJtb2JpbGUiOnt9fX0=&#8221; mobile_bg_img_hidden=&#8221;no&#8221; tablet_bg_img_hidden=&#8221;no&#8221; woodmart_parallax=&#8221;0&#8243; woodmart_gradient_switch=&#8221;no&#8221; woodmart_box_shadow=&#8221;no&#8221; wd_z_index=&#8221;no&#8221; woodmart_disable_overflow=&#8221;0&#8243; row_reverse_mobile=&#8221;0&#8243; row_reverse_tablet=&#8221;0&#8243;][vc_column width=&#8221;1\/2&#8243;]\n\t\t<div id=\"wd-68395e50d2630\" class=\"title-wrapper wd-wpb wd-set-mb reset-last-child  wd-rs-68395e50d2630 wd-title-color-default wd-title-style-default text-left  wd-underline-colored\">\n\t\t\t\t\t\t\t\n\t\t\t\t<div class=\"title-subtitle  subtitle-color-default font-alt subtitle-style-default wd-font-weight- wd-fontsize-xs\">Malta Hal\u0131 Y\u0131kama | Narin Yap\u0131lara Profesyonel Temizlik<\/div>\n\t\t\t\n\t\t\t<div class=\"liner-continer\">\n\t\t\t\t<h4 class=\"woodmart-title-container title  wd-font-weight- wd-fontsize-l\" >\u00c7in Hal\u0131s\u0131 Y\u0131kama<\/h4>\n\t\t\t\t\t\t\t<\/div>\n\t\t\t\n\t\t\t\n\t\t\t\n\t\t<\/div>\n\t\t\n\t\t\t\t<div id=\"wd-684b3d76eb65d\" class=\"wd-text-block wd-wpb reset-last-child wd-rs-684b3d76eb65d text-left \">\n\t\t\t<p data-start=\"501\" data-end=\"926\"><strong data-start=\"501\" data-end=\"517\">\u00c7in hal\u0131lar\u0131<\/strong>, dokuma \u00f6zellikleri, motif yap\u0131lar\u0131 ve k\u00fclt\u00fcrel izler ta\u015f\u0131yan desenleri ile sadece estetik olarak de\u011fil, manevi ve maddi a\u00e7\u0131dan da \u00f6zel hal\u0131lard\u0131r. Ancak sahip olduklar\u0131 hassas iplik yap\u0131s\u0131 ve dokuma teknikleri sebebiyle, bu hal\u0131lar standart hal\u0131 y\u0131kama y\u00f6ntemleriyle temizlenmeye uygun de\u011fildir. Yanl\u0131\u015f y\u0131kama uygulamalar\u0131; renk solmalar\u0131, dokuma deformasyonlar\u0131 ve geri d\u00f6n\u00fclemez zararlarla sonu\u00e7lanabilir.<\/p>\n<p data-start=\"928\" data-end=\"1225\"><strong data-start=\"928\" data-end=\"959\">Malta Hal\u0131 Y\u0131kama ve Koltuk Y\u0131kama Fabrikas\u0131<\/strong> olarak, \u00c7in hal\u0131lar\u0131n\u0131n ihtiyac\u0131 olan \u00f6zel bak\u0131m\u0131 sa\u011flamak i\u00e7in e\u011fitimli personelimiz ve \u00f6zel donan\u0131m\u0131m\u0131zla <strong data-start=\"1068\" data-end=\"1077\">\u0130zmit<\/strong>, <strong data-start=\"1079\" data-end=\"1090\">Kocaeli<\/strong>, <strong data-start=\"1092\" data-end=\"1102\">K\u00f6rfez<\/strong>, <strong data-start=\"1104\" data-end=\"1119\">Yahyakaptan<\/strong>, <strong data-start=\"1121\" data-end=\"1133\">Umuttepe<\/strong>, <strong data-start=\"1135\" data-end=\"1146\">Derince<\/strong>, <strong data-start=\"1148\" data-end=\"1160\">Ye\u015filova<\/strong> ve \u00e7evresinde profesyonel \u00c7in hal\u0131s\u0131 y\u0131kama hizmeti sunmaktay\u0131z.<\/p>\n\t\t<\/div>\n\t\t[\/vc_column][vc_column width=&#8221;1\/2&#8243;]\t\t<div id=\"wd-6838f15553d17\" class=\"wd-image wd-wpb wd-rs-6838f15553d17 text-right \">\n\t\t\t\n\t\t\t<img loading=\"lazy\" decoding=\"async\" width=\"400\" height=\"267\" src=\"https:\/\/www.maltahaliyikama.com\/wp-content\/uploads\/2025\/05\/Cin-Halisi-Yikama-Hizmeti-Kocaeli-Izmit-Korfez-Malta-Yesilova-Umuttepe-Malta-Hali-Yikamada.jpg\" class=\"attachment-medium size-medium\" alt=\"\u00c7in Hal\u0131s\u0131 Y\u0131kama Hizmeti Kocaeli \u0130zmit K\u00f6rfez Malta Ye\u015filova Umuttepe Malta Hal\u0131 Y\u0131kama&#039;da!\" \/>\n\t\t\t\t\t<\/div>\n\t\t[\/vc_column][\/vc_row][vc_row][vc_column]\n\t\t<div id=\"wd-682c6d634c251\" class=\"title-wrapper wd-wpb wd-set-mb reset-last-child  wd-rs-682c6d634c251 wd-title-color-default wd-title-style-default text-left  wd-underline-colored\">\n\t\t\t\n\t\t\t<div class=\"liner-continer\">\n\t\t\t\t<h4 class=\"woodmart-title-container title  wd-font-weight- wd-fontsize-l\" >\u00c7in Hal\u0131s\u0131 Nedir?<\/h4>\n\t\t\t\t\t\t\t<\/div>\n\t\t\t\n\t\t\t\n\t\t\t\n\t\t<\/div>\n\t\t\n\t\t\t\t<div id=\"wd-682c6d66e053e\" class=\"wd-text-block wd-wpb reset-last-child wd-rs-682c6d66e053e text-left \">\n\t\t\t<p data-start=\"1300\" data-end=\"1656\">\u00c7in hal\u0131lar\u0131, y\u00fczlerce y\u0131ll\u0131k ge\u00e7mi\u015fe sahip, geleneksel \u00c7in k\u00fclt\u00fcr\u00fcn\u00fc ve sanatsal yakla\u015f\u0131m\u0131n\u0131 yans\u0131tan dokumalard\u0131r. Genellikle ipek veya yumu\u015fak pamuk ipliklerinden dokunan bu hal\u0131lar, s\u0131k d\u00fc\u011f\u00fcml\u00fc ve detayl\u0131 desen yap\u0131lar\u0131 ile bilinir. Hal\u0131n\u0131n motifleri aras\u0131nda mitolojik fig\u00fcrlerden geleneksel \u00e7i\u00e7ek desenlerine kadar pek \u00e7ok sanatsal detay g\u00f6r\u00fclebilir.<\/p>\n<p data-start=\"1658\" data-end=\"1891\">Bu hal\u0131lar; sadece s\u00fcsleme amac\u0131yla de\u011fil, ayn\u0131 zamanda manevi de\u011feri olan, koleksiyonluk par\u00e7alar olarak da de\u011ferlendirilir. Ancak bu kadar de\u011ferli ve hassas hal\u0131lar\u0131n temizlik s\u00fcre\u00e7leri de en az \u00fcretim s\u00fcreci kadar \u00f6zen gerektirir.<\/p>\n\t\t<\/div>\n\t\t[\/vc_column][\/vc_row][vc_row][vc_column]\n\t\t<div id=\"wd-682c6d6ec4509\" class=\"title-wrapper wd-wpb wd-set-mb reset-last-child  wd-rs-682c6d6ec4509 wd-title-color-default wd-title-style-default text-left  wd-underline-colored\">\n\t\t\t\n\t\t\t<div class=\"liner-continer\">\n\t\t\t\t<h4 class=\"woodmart-title-container title  wd-font-weight- wd-fontsize-l\" >\u00c7in Hal\u0131s\u0131 Neden \u00d6zel Y\u0131kama Gerektirir?<\/h4>\n\t\t\t\t\t\t\t<\/div>\n\t\t\t\n\t\t\t\n\t\t\t\n\t\t<\/div>\n\t\t\n\t\t\t\t<div id=\"wd-682c6d7747909\" class=\"wd-text-block wd-wpb reset-last-child wd-rs-682c6d7747909 text-left \">\n\t\t\t<ul>\n<li data-start=\"1945\" data-end=\"2144\">\n<p data-start=\"1947\" data-end=\"2144\"><strong data-start=\"1947\" data-end=\"1969\">\u0130plik Hassasiyeti:<\/strong> \u00c7in hal\u0131lar\u0131nda kullan\u0131lan ipek ve ince pamuk iplikler, kimyasal maddelere ve y\u00fcksek \u0131s\u0131ya kar\u015f\u0131 hassast\u0131r. Yanl\u0131\u015f \u00fcr\u00fcnlerle yap\u0131lan y\u0131kama, hal\u0131n\u0131n iplik yap\u0131s\u0131n\u0131 bozabilir.<\/p>\n<\/li>\n<li data-start=\"2145\" data-end=\"2328\">\n<p data-start=\"2147\" data-end=\"2328\"><strong data-start=\"2147\" data-end=\"2173\">Renk Sabitleme Sorunu:<\/strong> \u00d6zellikle el boyamas\u0131 olan \u00c7in hal\u0131lar\u0131nda renkler y\u0131kama esnas\u0131nda birbirine ge\u00e7ebilir. Bu durum hal\u0131n\u0131n desenlerini geri d\u00f6nd\u00fcr\u00fclemeyecek \u015fekilde bozar.<\/p>\n<\/li>\n<li data-start=\"2329\" data-end=\"2484\">\n<p data-start=\"2331\" data-end=\"2484\"><strong data-start=\"2331\" data-end=\"2359\">Desen ve Doku Bozulmas\u0131:<\/strong> Sert f\u0131r\u00e7alama ya da y\u00fcksek devirli makineler desenlerin kabarmas\u0131na, doku kayb\u0131na veya ipliklerin kopmas\u0131na neden olabilir.<\/p>\n<\/li>\n<\/ul>\n\t\t<\/div>\n\t\t[\/vc_column][\/vc_row][vc_row][vc_column]\n\t\t<div id=\"wd-682c6d7e684f0\" class=\"title-wrapper wd-wpb wd-set-mb reset-last-child  wd-rs-682c6d7e684f0 wd-title-color-default wd-title-style-default text-left  wd-underline-colored\">\n\t\t\t\n\t\t\t<div class=\"liner-continer\">\n\t\t\t\t<h4 class=\"woodmart-title-container title  wd-font-weight- wd-fontsize-l\" >\u00c7in Hal\u0131s\u0131 Y\u0131kama S\u00fcreci Nas\u0131l Olmal\u0131?<\/h4>\n\t\t\t\t\t\t\t<\/div>\n\t\t\t\n\t\t\t\n\t\t\t\n\t\t<\/div>\n\t\t\n\t\t\t\t<div id=\"wd-684b3d9acef7d\" class=\"wd-text-block wd-wpb reset-last-child wd-rs-684b3d9acef7d text-left \">\n\t\t\t<p data-start=\"2539\" data-end=\"2644\"><strong data-start=\"928\" data-end=\"959\">Malta Hal\u0131 Y\u0131kama ve Koltuk Y\u0131kama Fabrikas\u0131<\/strong> olarak, \u00c7in hal\u0131lar\u0131n\u0131n ihtiyac\u0131 olan \u00f6zel bak\u0131m\u0131 \u015fu profesyonel ad\u0131mlarla uyguluyoruz:<\/p>\n<ol data-start=\"2646\" data-end=\"3446\">\n<li data-start=\"2646\" data-end=\"2754\">\n<p data-start=\"2649\" data-end=\"2754\"><strong data-start=\"2649\" data-end=\"2665\">\u00d6n \u0130nceleme:<\/strong> Hal\u0131n\u0131n t\u00fcr\u00fc, ya\u015f\u0131, iplik yap\u0131s\u0131, boya cinsi analiz edilerek en uygun y\u00f6ntem belirlenir.<\/p>\n<\/li>\n<li data-start=\"2755\" data-end=\"2877\">\n<p data-start=\"2758\" data-end=\"2877\"><strong data-start=\"2758\" data-end=\"2771\">Toz Alma:<\/strong> Hal\u0131ya zarar vermeden, d\u00fc\u015f\u00fck vakumla yap\u0131lan toz alma i\u015flemi sayesinde y\u00fczey ve taban kirleri temizlenir.<\/p>\n<\/li>\n<li data-start=\"2878\" data-end=\"3012\">\n<p data-start=\"2881\" data-end=\"3012\"><strong data-start=\"2881\" data-end=\"2900\">Leke \u00c7\u00f6z\u00fcmleme:<\/strong> Kimyasal kullan\u0131lmadan, bitkisel ve do\u011fal bazl\u0131 \u00fcr\u00fcnlerle lekeler noktasal olarak m\u00fcdahale edilerek temizlenir.<\/p>\n<\/li>\n<li data-start=\"3013\" data-end=\"3171\">\n<p data-start=\"3016\" data-end=\"3171\"><strong data-start=\"3016\" data-end=\"3051\">Elle Y\u0131kama \/ Kontroll\u00fc Sistem:<\/strong> \u00c7in hal\u0131lar\u0131 \u00e7o\u011funlukla elle y\u0131kan\u0131r. Ancak gerekiyorsa d\u00fc\u015f\u00fck devirli makinelerde \u00f6zel programlarla y\u0131kanmas\u0131 sa\u011flan\u0131r.<\/p>\n<\/li>\n<li data-start=\"3172\" data-end=\"3298\">\n<p data-start=\"3175\" data-end=\"3298\"><strong data-start=\"3175\" data-end=\"3199\">Durulama ve Kurutma:<\/strong> Hal\u0131 bol suyla duruland\u0131ktan sonra, do\u011fal havaland\u0131rmal\u0131 odalarda, g\u00fcne\u015f \u0131\u015f\u0131\u011f\u0131 g\u00f6rmeden kurutulur.<\/p>\n<\/li>\n<li data-start=\"3299\" data-end=\"3446\">\n<p data-start=\"3302\" data-end=\"3446\"><strong data-start=\"3302\" data-end=\"3333\">Kalite Kontrol ve Teslimat:<\/strong> Son a\u015famada renk, koku, temizlik ve doku b\u00fct\u00fcnl\u00fc\u011f\u00fc kontrol edilerek hal\u0131 \u00f6zel ambalajla m\u00fc\u015fteriye teslim edilir.<\/p>\n<\/li>\n<\/ol>\n\t\t<\/div>\n\t\t[\/vc_column][\/vc_row][vc_row][vc_column]\n\t\t<div id=\"wd-684b3da47c2ca\" class=\"title-wrapper wd-wpb wd-set-mb reset-last-child  wd-rs-684b3da47c2ca wd-title-color-default wd-title-style-default text-left  wd-underline-colored\">\n\t\t\t\n\t\t\t<div class=\"liner-continer\">\n\t\t\t\t<h4 class=\"woodmart-title-container title  wd-font-weight- wd-fontsize-l\" >Malta Hal\u0131 Y\u0131kama ve Koltuk Y\u0131kama Fabrikas\u0131 ile \u00c7in Hal\u0131lar\u0131n\u0131z G\u00fcvende<\/h4>\n\t\t\t\t\t\t\t<\/div>\n\t\t\t\n\t\t\t\n\t\t\t\n\t\t<\/div>\n\t\t\n\t\t\t\t<div id=\"wd-682c6d99a75b0\" class=\"wd-text-block wd-wpb reset-last-child wd-rs-682c6d99a75b0 text-left \">\n\t\t\t<p data-start=\"3505\" data-end=\"3863\">Her hal\u0131 \u00f6zel bir bak\u0131m ister ama \u00c7in hal\u0131lar\u0131; uzmanl\u0131k, dikkat ve teknoloji ister. Hayal Hal\u0131 Y\u0131kama, bu alandaki deneyimi ve geli\u015fmi\u015f sistemleri ile \u00c7in hal\u0131lar\u0131n\u0131z\u0131 g\u00fcvenle temizler. \u0130zmit ve \u00e7evresinde <strong data-start=\"3712\" data-end=\"3733\">\u00c7in hal\u0131s\u0131 y\u0131kama<\/strong> alan\u0131nda en \u00e7ok tercih edilen firmalardan biri olarak; hal\u0131n\u0131za zarar vermeyen, do\u011fa dostu temizlik \u00fcr\u00fcnleriyle hizmet sunuyoruz.<\/p>\n\t\t<\/div>\n\t\t[\/vc_column][\/vc_row][vc_row][vc_column]\n\t\t<div id=\"wd-682c6da0e9ce2\" class=\"title-wrapper wd-wpb wd-set-mb reset-last-child  wd-rs-682c6da0e9ce2 wd-title-color-default wd-title-style-default text-left  wd-underline-colored\">\n\t\t\t\n\t\t\t<div class=\"liner-continer\">\n\t\t\t\t<h4 class=\"woodmart-title-container title  wd-font-weight- wd-fontsize-l\" >\u00c7in Hal\u0131s\u0131 Y\u0131kama Fiyatlar\u0131<\/h4>\n\t\t\t\t\t\t\t<\/div>\n\t\t\t\n\t\t\t\n\t\t\t\n\t\t<\/div>\n\t\t\n\t\t\t\t<div id=\"wd-684b3db3ae9db\" class=\"wd-text-block wd-wpb reset-last-child wd-rs-684b3db3ae9db text-left \">\n\t\t\t<p data-start=\"3907\" data-end=\"4145\">\u00c7in hal\u0131lar\u0131n\u0131n temizlik fiyatlar\u0131; hal\u0131n\u0131n boyutu, dokuma \u015fekli, iplik t\u00fcr\u00fc ve kirlilik seviyesine g\u00f6re de\u011fi\u015fiklik g\u00f6sterebilir. El dokumas\u0131 olan, ipek i\u00e7erikli hal\u0131lar daha fazla dikkat gerektirdi\u011finden \u00f6zel fiyatland\u0131rma yap\u0131lmaktad\u0131r.<\/p>\n<p data-start=\"4147\" data-end=\"4276\">???? <strong data-start=\"4150\" data-end=\"4190\">Minimum servis bedelimiz 500 TL&#8217;dir.<\/strong><br data-start=\"4190\" data-end=\"4193\" \/>???? Detayl\u0131 fiyat bilgisi ve teklif i\u00e7in hal\u0131n\u0131z\u0131n foto\u011fraf\u0131n\u0131 bize iletebilirsiniz.<\/p>\n\t\t<\/div>\n\t\t[\/vc_column][\/vc_row][vc_row][vc_column]\n\t\t<div id=\"wd-682c6dadbb5d8\" class=\"title-wrapper wd-wpb wd-set-mb reset-last-child  wd-rs-682c6dadbb5d8 wd-title-color-default wd-title-style-default text-left  wd-underline-colored\">\n\t\t\t\n\t\t\t<div class=\"liner-continer\">\n\t\t\t\t<h4 class=\"woodmart-title-container title  wd-font-weight- wd-fontsize-l\" >\u00c7in Hal\u0131s\u0131 Y\u0131kama Hakk\u0131nda S\u0131k Sorulan Sorular<\/h4>\n\t\t\t\t\t\t\t<\/div>\n\t\t\t\n\t\t\t\n\t\t\t\n\t\t<\/div>\n\t\t\n\t\t\t\t<div id=\"wd-682c6db5a37dd\" class=\"wd-text-block wd-wpb reset-last-child wd-rs-682c6db5a37dd text-left \">\n\t\t\t<p data-start=\"4332\" data-end=\"4494\"><strong data-start=\"4332\" data-end=\"4370\">\u00c7in hal\u0131m\u0131 evde y\u0131kayabilir miyim?<\/strong><br data-start=\"4370\" data-end=\"4373\" \/>Hay\u0131r. Evde uygulanan temizlikler, hal\u0131n\u0131n dokusuna ve renklerine zarar verir. Bu tip hal\u0131lar profesyonel temizlik ister.<\/p>\n<p data-start=\"4496\" data-end=\"4636\"><strong data-start=\"4496\" data-end=\"4536\">Y\u0131kama sonras\u0131 renk solmas\u0131 olur mu?<\/strong><br data-start=\"4536\" data-end=\"4539\" \/>Hay\u0131r. Biz, do\u011fal sabunlar ve d\u00fc\u015f\u00fck \u0131s\u0131da y\u0131kama y\u00f6ntemleriyle renk solmalar\u0131n\u0131n \u00f6n\u00fcne ge\u00e7iyoruz.<\/p>\n<p data-start=\"4638\" data-end=\"4782\"><strong data-start=\"4638\" data-end=\"4668\">Kuruma s\u00fcresi ne kadard\u0131r?<\/strong><br data-start=\"4668\" data-end=\"4671\" \/>Ortam\u0131n nemine ba\u011fl\u0131 olarak 24 ila 36 saat aras\u0131nda de\u011fi\u015fir. G\u00fcne\u015f \u0131\u015f\u0131\u011f\u0131na maruz b\u0131rak\u0131lmadan kurutma sa\u011flan\u0131r.<\/p>\n\t\t<\/div>\n\t\t[\/vc_column][\/vc_row][vc_row][vc_column]\n\t\t<div id=\"wd-684b3dbeb92c2\" class=\"title-wrapper wd-wpb wd-set-mb reset-last-child  wd-rs-684b3dbeb92c2 wd-title-color-default wd-title-style-default text-left  wd-underline-colored\">\n\t\t\t\n\t\t\t<div class=\"liner-continer\">\n\t\t\t\t<h4 class=\"woodmart-title-container title  wd-font-weight- wd-fontsize-l\" >Kocaeli \u00c7in Hal\u0131s\u0131 Y\u0131kama Hizmetinde G\u00fcvenilir Adres: Malta Hal\u0131 Y\u0131kama ve Koltuk Y\u0131kama Fabrikas\u0131<\/h4>\n\t\t\t\t\t\t\t<\/div>\n\t\t\t\n\t\t\t\n\t\t\t\n\t\t<\/div>\n\t\t\n\t\t\t\t<div id=\"wd-684b3dca4c615\" class=\"wd-text-block wd-wpb reset-last-child wd-rs-684b3dca4c615 text-left \">\n\t\t\t<p data-start=\"4858\" data-end=\"5078\">\u00c7in hal\u0131s\u0131 gibi de\u011ferli dokumalar, s\u0131radan temizlik y\u00f6ntemlerine teslim edilemez. <strong data-start=\"928\" data-end=\"959\">Malta Hal\u0131 Y\u0131kama ve Koltuk Y\u0131kama Fabrikas\u0131<\/strong> olarak biz, bu \u00f6zel hal\u0131lar\u0131n korunmas\u0131 ve ilk g\u00fcnk\u00fc zarafetini yans\u0131tmas\u0131 i\u00e7in en do\u011fru temizlik sistemlerini uyguluyoruz.<\/p>\n<p data-start=\"5080\" data-end=\"5214\">???? <strong data-start=\"5083\" data-end=\"5096\">\u0130leti\u015fim:<\/strong> +90 (262) 322 25 82<br data-start=\"5116\" data-end=\"5119\" \/>???? <strong data-start=\"5122\" data-end=\"5143\">Hizmet B\u00f6lgeleri:<\/strong> \u0130zmit, K\u00f6rfez, Yahyakaptan, Umuttepe, Derince, Ye\u015filova ve t\u00fcm Kocaeli<\/p>\n\t\t<\/div>\n\t\t[\/vc_column][\/vc_row][\/vc_section]<\/p>\n<\/div>","protected":false},"excerpt":{"rendered":"<p>[vc_section][vc_row woodmart_css_id=&#8221;685824674db19&#8243; responsive_spacing=&#8221;eyJwYXJhbV90eXBlIjoid29vZG1hcnRfcmVzcG9uc2l2ZV9zcGFjaW5nIiwic2VsZWN0b3JfaWQiOiI2ODU4MjQ2NzRkYjE5Iiwic2hvcnRjb2RlIjoidmNfcm93IiwiZGF0YSI6eyJ0YWJsZXQiOnt9LCJtb2JpbGUiOnt9fX0=&#8221; mobile_bg_img_hidden=&#8221;no&#8221; tablet_bg_img_hidden=&#8221;no&#8221; woodmart_parallax=&#8221;0&#8243; woodmart_gradient_switch=&#8221;no&#8221; woodmart_box_shadow=&#8221;no&#8221; wd_z_index=&#8221;no&#8221; woodmart_disable_overflow=&#8221;0&#8243; row_reverse_mobile=&#8221;0&#8243; row_reverse_tablet=&#8221;0&#8243;][vc_column width=&#8221;1\/2&#8243;][\/vc_column][vc_column width=&#8221;1\/2&#8243;][\/vc_column][\/vc_row][vc_row][vc_column][\/vc_column][\/vc_row][vc_row][vc_column][\/vc_column][\/vc_row][vc_row][vc_column][\/vc_column][\/vc_row][vc_row][vc_column][\/vc_column][\/vc_row][vc_row][vc_column][\/vc_column][\/vc_row][vc_row][vc_column][\/vc_column][\/vc_row][vc_row][vc_column][\/vc_column][\/vc_row][\/vc_section]<\/p>\n","protected":false},"author":1,"featured_media":0,"parent":10131,"menu_order":0,"comment_status":"closed","ping_status":"closed","template":"","meta":{"footnotes":""},"class_list":["post-10162","page","type-page","status-publish","hentry"],"_links":{"self":[{"href":"https:\/\/www.maltahaliyikama.com\/index.php\/wp-json\/wp\/v2\/pages\/10162","targetHints":{"allow":["GET"]}}],"collection":[{"href":"https:\/\/www.maltahaliyikama.com\/index.php\/wp-json\/wp\/v2\/pages"}],"about":[{"href":"https:\/\/www.maltahaliyikama.com\/index.php\/wp-json\/wp\/v2\/types\/page"}],"author":[{"embeddable":true,"href":"https:\/\/www.maltahaliyikama.com\/index.php\/wp-json\/wp\/v2\/users\/1"}],"replies":[{"embeddable":true,"href":"https:\/\/www.maltahaliyikama.com\/index.php\/wp-json\/wp\/v2\/comments?post=10162"}],"version-history":[{"count":6,"href":"https:\/\/www.maltahaliyikama.com\/index.php\/wp-json\/wp\/v2\/pages\/10162\/revisions"}],"predecessor-version":[{"id":10414,"href":"https:\/\/www.maltahaliyikama.com\/index.php\/wp-json\/wp\/v2\/pages\/10162\/revisions\/10414"}],"up":[{"embeddable":true,"href":"https:\/\/www.maltahaliyikama.com\/index.php\/wp-json\/wp\/v2\/pages\/10131"}],"wp:attachment":[{"href":"https:\/\/www.maltahaliyikama.com\/index.php\/wp-json\/wp\/v2\/media?parent=10162"}],"curies":[{"name":"wp","href":"https:\/\/api.w.org\/{rel}","templated":true}]}}