{"id":10164,"date":"2025-05-30T02:46:51","date_gmt":"2025-05-29T23:46:51","guid":{"rendered":"https:\/\/www.maltahaliyikama.com\/?page_id=10164"},"modified":"2025-06-22T18:43:36","modified_gmt":"2025-06-22T15:43:36","slug":"dokuma-hali-yikama","status":"publish","type":"page","link":"https:\/\/www.maltahaliyikama.com\/index.php\/hizmetlerimiz\/dokuma-hali-yikama\/","title":{"rendered":"Dokuma Hal\u0131 Y\u0131kama"},"content":{"rendered":"<div class=\"wpb-content-wrapper\"><p>[vc_section woodmart_css_id=&#8221;685824a3d1879&#8243; responsive_spacing=&#8221;eyJwYXJhbV90eXBlIjoid29vZG1hcnRfcmVzcG9uc2l2ZV9zcGFjaW5nIiwic2VsZWN0b3JfaWQiOiI2ODU4MjRhM2QxODc5Iiwic2hvcnRjb2RlIjoidmNfc2VjdGlvbiIsImRhdGEiOnsidGFibGV0Ijp7fSwibW9iaWxlIjp7fX19&#8243; mobile_bg_img_hidden=&#8221;no&#8221; tablet_bg_img_hidden=&#8221;no&#8221; woodmart_parallax=&#8221;0&#8243; woodmart_gradient_switch=&#8221;no&#8221; woodmart_box_shadow=&#8221;no&#8221; wd_z_index=&#8221;no&#8221; woodmart_disable_overflow=&#8221;0&#8243;][vc_row][vc_column width=&#8221;1\/2&#8243;]\n\t\t<div id=\"wd-684b1cfc61e25\" class=\"title-wrapper wd-wpb wd-set-mb reset-last-child  wd-rs-684b1cfc61e25 wd-title-color-default wd-title-style-default text-left  wd-underline-colored\">\n\t\t\t\t\t\t\t\n\t\t\t\t<div class=\"title-subtitle  subtitle-color-default font-alt subtitle-style-default wd-font-weight- wd-fontsize-xs\">Malta Hal\u0131 Y\u0131kama ve Koltuk Y\u0131kama Fabrikas\u0131<br \/>\n| Kocaeli El Dokuma Hal\u0131 Temizli\u011fi ve Bak\u0131m Hizmeti<\/div>\n\t\t\t\n\t\t\t<div class=\"liner-continer\">\n\t\t\t\t<h4 class=\"woodmart-title-container title  wd-font-weight- wd-fontsize-l\" >Dokuma Hal\u0131 Y\u0131kama<\/h4>\n\t\t\t\t\t\t\t<\/div>\n\t\t\t\n\t\t\t\n\t\t\t\n\t\t<\/div>\n\t\t\n\t\t\t\t<div id=\"wd-6839607db9446\" class=\"wd-text-block wd-wpb reset-last-child wd-rs-6839607db9446 text-left \">\n\t\t\t<p data-start=\"602\" data-end=\"933\"><strong data-start=\"602\" data-end=\"620\">Dokuma hal\u0131lar<\/strong>, hem el eme\u011fi hem de estetik anlamda \u00f6zel de\u011fere sahip olan geleneksel hal\u0131 t\u00fcrlerindendir. Her biri ustas\u0131n\u0131n imzas\u0131n\u0131 ta\u015f\u0131yan bu hal\u0131lar; yap\u0131s\u0131, kullan\u0131lan iplik cinsi ve d\u00fc\u011f\u00fcm teknikleriyle olduk\u00e7a hassas ve k\u0131ymetlidir.<br data-start=\"845\" data-end=\"848\" \/>Ancak bu \u00f6zel yap\u0131, temizlik i\u015flemini klasik hal\u0131lardan \u00e7ok daha farkl\u0131 hale getirir.<\/p>\n<p data-start=\"935\" data-end=\"1133\">Yanl\u0131\u015f y\u0131kama uygulamalar\u0131; renk solmas\u0131, iplik deformasyonu ve geri d\u00f6n\u00fc\u015f\u00fc olmayan zararlara yol a\u00e7abilir. Bu nedenle <strong data-start=\"1054\" data-end=\"1076\">dokuma hal\u0131 y\u0131kama<\/strong>, bilgi, tecr\u00fcbe ve \u00f6zel ekipman gerektiren bir i\u015flemdir.<\/p>\n<p data-start=\"1135\" data-end=\"1344\"><strong data-start=\"1135\" data-end=\"1156\">Malta Hal\u0131 Y\u0131kama<\/strong> olarak, <strong data-start=\"1165\" data-end=\"1174\">\u0130zmit<\/strong>, <strong data-start=\"1176\" data-end=\"1187\">Kocaeli<\/strong>, <strong data-start=\"1189\" data-end=\"1204\">Yahyakaptan<\/strong>, <strong data-start=\"1206\" data-end=\"1218\">Umuttepe<\/strong>, <strong data-start=\"1220\" data-end=\"1230\">K\u00f6rfez<\/strong>, <strong data-start=\"1232\" data-end=\"1243\">Derince<\/strong>, <strong data-start=\"1245\" data-end=\"1257\">Ye\u015filova<\/strong> gibi bir\u00e7ok b\u00f6lgede dokuma hal\u0131lar\u0131n g\u00fcvenli temizli\u011fini, uzman ekibimizle sa\u011fl\u0131yoruz.<\/p>\n\t\t<\/div>\n\t\t[\/vc_column][vc_column width=&#8221;1\/2&#8243;]\t\t<div id=\"wd-6838f1d720f6d\" class=\"wd-image wd-wpb wd-rs-6838f1d720f6d text-right \">\n\t\t\t\n\t\t\t<img loading=\"lazy\" decoding=\"async\" width=\"370\" height=\"300\" src=\"https:\/\/www.maltahaliyikama.com\/wp-content\/uploads\/2025\/05\/Dokuma-Hali-Yikama-Hizmeti-Kocaeli-Izmit-Korfez-Malta-Yesilova-Umuttepe-Malta-Hali-Yikamada.jpg\" class=\"attachment-medium size-medium\" alt=\"Dokuma Hal\u0131 Y\u0131kama Hizmeti Kocaeli \u0130zmit K\u00f6rfez Malta Ye\u015filova Umuttepe Malta Hal\u0131 Y\u0131kama&#039;da!\" \/>\n\t\t\t\t\t<\/div>\n\t\t[\/vc_column][\/vc_row][vc_row][vc_column]\n\t\t<div id=\"wd-682c7229d3e68\" class=\"title-wrapper wd-wpb wd-set-mb reset-last-child  wd-rs-682c7229d3e68 wd-title-color-default wd-title-style-default text-left  wd-underline-colored\">\n\t\t\t\n\t\t\t<div class=\"liner-continer\">\n\t\t\t\t<h4 class=\"woodmart-title-container title  wd-font-weight- wd-fontsize-l\" >Dokuma Hal\u0131s\u0131 Nedir?<\/h4>\n\t\t\t\t\t\t\t<\/div>\n\t\t\t\n\t\t\t\n\t\t\t\n\t\t<\/div>\n\t\t\n\t\t\t\t<div id=\"wd-682c722ee42e8\" class=\"wd-text-block wd-wpb reset-last-child wd-rs-682c722ee42e8 text-left \">\n\t\t\t<p data-start=\"1377\" data-end=\"1646\">Dokuma hal\u0131lar; ipek, y\u00fcn ya da pamuk gibi do\u011fal ipliklerle, geleneksel y\u00f6ntemlerle, tezg\u00e2hlarda el ile ilmek ilmek dokunan hal\u0131lard\u0131r. Kullan\u0131lan iplik, d\u00fc\u011f\u00fcm s\u0131kl\u0131\u011f\u0131 ve desen yap\u0131s\u0131 hal\u0131n\u0131n kalitesini belirler. Genellikle Anadolu, \u0130ran, Nepal ve Uzak Do\u011fu k\u00f6kenlidir.<\/p>\n<p data-start=\"1648\" data-end=\"1858\">Bu hal\u0131lar; tarihi, k\u00fclt\u00fcrel ve sanatsal bir de\u011fer ta\u015f\u0131d\u0131klar\u0131 i\u00e7in piyasada hem koleksiyonluk hem de fonksiyonel olarak kullan\u0131l\u0131r. Ancak hassas yap\u0131lar\u0131 nedeniyle dikkatli ve \u00f6zel y\u00f6ntemlerle temizlenmelidir.<\/p>\n\t\t<\/div>\n\t\t[\/vc_column][\/vc_row][vc_row][vc_column]\n\t\t<div id=\"wd-682c72358553c\" class=\"title-wrapper wd-wpb wd-set-mb reset-last-child  wd-rs-682c72358553c wd-title-color-default wd-title-style-default text-left  wd-underline-colored\">\n\t\t\t\n\t\t\t<div class=\"liner-continer\">\n\t\t\t\t<h4 class=\"woodmart-title-container title  wd-font-weight- wd-fontsize-l\" >Dokuma Hal\u0131s\u0131 Neden \u00d6zel Y\u0131kama Gerektirir?<\/h4>\n\t\t\t\t\t\t\t<\/div>\n\t\t\t\n\t\t\t\n\t\t\t\n\t\t<\/div>\n\t\t\n\t\t\t\t<div id=\"wd-682c72b7a0a90\" class=\"wd-text-block wd-wpb reset-last-child wd-rs-682c72b7a0a90 text-left \">\n\t\t\t<ul>\n<li data-start=\"1914\" data-end=\"2031\">\n<p data-start=\"1916\" data-end=\"2031\"><strong data-start=\"1916\" data-end=\"1937\">Do\u011fal Boya Riski:<\/strong> El dokuma hal\u0131larda kullan\u0131lan do\u011fal boyalar, yanl\u0131\u015f y\u0131kama deterjanlar\u0131nda akma yapabilir.<\/p>\n<\/li>\n<li data-start=\"2032\" data-end=\"2136\">\n<p data-start=\"2034\" data-end=\"2136\"><strong data-start=\"2034\" data-end=\"2054\">\u0130plik Zay\u0131fl\u0131\u011f\u0131:<\/strong> Y\u0131llanm\u0131\u015f y\u00fcn veya ipek iplikler y\u0131kama s\u0131ras\u0131nda kopabilir, dokuma a\u00e7\u0131labilir.<\/p>\n<\/li>\n<li data-start=\"2137\" data-end=\"2254\">\n<p data-start=\"2139\" data-end=\"2254\"><strong data-start=\"2139\" data-end=\"2157\">K\u0131ymetli Yap\u0131:<\/strong> Hal\u0131n\u0131n yap\u0131sal de\u011ferini ve desen b\u00fct\u00fcnl\u00fc\u011f\u00fcn\u00fc korumak i\u00e7in klasik makineler kullan\u0131lmamal\u0131d\u0131r.<\/p>\n<\/li>\n<li data-start=\"2255\" data-end=\"2349\">\n<p data-start=\"2257\" data-end=\"2349\"><strong data-start=\"2257\" data-end=\"2278\">Kurutma Hatalar\u0131:<\/strong> G\u00fcne\u015fte kurutma renk solmalar\u0131na ve form bozulmalar\u0131na neden olabilir.<\/p>\n<\/li>\n<\/ul>\n\t\t<\/div>\n\t\t[\/vc_column][\/vc_row][vc_row][vc_column]\n\t\t<div id=\"wd-682c723f012b7\" class=\"title-wrapper wd-wpb wd-set-mb reset-last-child  wd-rs-682c723f012b7 wd-title-color-default wd-title-style-default text-left  wd-underline-colored\">\n\t\t\t\n\t\t\t<div class=\"liner-continer\">\n\t\t\t\t<h4 class=\"woodmart-title-container title  wd-font-weight- wd-fontsize-l\" >Dokuma Hal\u0131s\u0131 Y\u0131kama S\u00fcreci Nas\u0131l Olmal\u0131?<\/h4>\n\t\t\t\t\t\t\t<\/div>\n\t\t\t\n\t\t\t\n\t\t\t\n\t\t<\/div>\n\t\t\n\t\t\t\t<div id=\"wd-6839608e6eac0\" class=\"wd-text-block wd-wpb reset-last-child wd-rs-6839608e6eac0 text-left \">\n\t\t\t<p data-start=\"2403\" data-end=\"2484\"><strong data-start=\"2403\" data-end=\"2424\">Malta Hal\u0131 Y\u0131kama<\/strong> olarak, dokuma hal\u0131lar\u0131n y\u0131kamas\u0131nda \u015fu ad\u0131mlar\u0131 izliyoruz:<\/p>\n<ol data-start=\"2486\" data-end=\"3183\">\n<li data-start=\"2486\" data-end=\"2587\">\n<p data-start=\"2489\" data-end=\"2587\"><strong data-start=\"2489\" data-end=\"2515\">Hal\u0131n\u0131n \u00d6n \u0130ncelemesi:<\/strong> Lif tipi, d\u00fc\u011f\u00fcm yap\u0131s\u0131, ya\u015f durumu ve boya \u00f6zellikleri analiz edilir.<\/p>\n<\/li>\n<li data-start=\"2588\" data-end=\"2693\">\n<p data-start=\"2591\" data-end=\"2693\"><strong data-start=\"2591\" data-end=\"2612\">Toz Alma A\u015famas\u0131:<\/strong> Hal\u0131n\u0131n y\u00fczeyi ve taban\u0131 \u00f6zel toz alma cihazlar\u0131 ile derinlemesine temizlenir.<\/p>\n<\/li>\n<li data-start=\"2694\" data-end=\"2788\">\n<p data-start=\"2697\" data-end=\"2788\"><strong data-start=\"2697\" data-end=\"2717\">Leke M\u00fcdahalesi:<\/strong> Do\u011fal i\u00e7erikli sabunlarla, hassas lekelere noktadan m\u00fcdahale edilir.<\/p>\n<\/li>\n<li data-start=\"2789\" data-end=\"2909\">\n<p data-start=\"2792\" data-end=\"2909\"><strong data-start=\"2792\" data-end=\"2825\">Elle Y\u0131kama \/ \u00d6zel Makineler:<\/strong> Hal\u0131n\u0131n hassasiyetine g\u00f6re elle veya d\u00fc\u015f\u00fck devirli makinede, d\u00fc\u015f\u00fck \u0131s\u0131da y\u0131kan\u0131r.<\/p>\n<\/li>\n<li data-start=\"2910\" data-end=\"2986\">\n<p data-start=\"2913\" data-end=\"2986\"><strong data-start=\"2913\" data-end=\"2930\">Bol Durulama:<\/strong> T\u00fcm temizlik \u00fcr\u00fcnleri hal\u0131dan tamamen uzakla\u015ft\u0131r\u0131l\u0131r.<\/p>\n<\/li>\n<li data-start=\"2987\" data-end=\"3079\">\n<p data-start=\"2990\" data-end=\"3079\"><strong data-start=\"2990\" data-end=\"3011\">G\u00f6lgelik Kurutma:<\/strong> G\u00fcne\u015f g\u00f6rmeden, g\u00f6lgelik alanda do\u011fal havaland\u0131rma ile kurutulur.<\/p>\n<\/li>\n<li data-start=\"3080\" data-end=\"3183\">\n<p data-start=\"3083\" data-end=\"3183\"><strong data-start=\"3083\" data-end=\"3111\">Son Kontrol ve Teslimat:<\/strong> Desen, renk ve doku kontrol edilerek hal\u0131 \u00f6zel ambalajla teslim edilir.<\/p>\n<\/li>\n<\/ol>\n\t\t<\/div>\n\t\t[\/vc_column][\/vc_row][vc_row][vc_column]\n\t\t<div id=\"wd-684b1d21c6bd9\" class=\"title-wrapper wd-wpb wd-set-mb reset-last-child  wd-rs-684b1d21c6bd9 wd-title-color-default wd-title-style-default text-left  wd-underline-colored\">\n\t\t\t\n\t\t\t<div class=\"liner-continer\">\n\t\t\t\t<h4 class=\"woodmart-title-container title  wd-font-weight- wd-fontsize-l\" >Malta Hal\u0131 Y\u0131kama ve Koltuk Y\u0131kama Fabrikas\u0131 ile Dokuma Hal\u0131lar\u0131n\u0131z G\u00fcvende<\/h4>\n\t\t\t\t\t\t\t<\/div>\n\t\t\t\n\t\t\t\n\t\t\t\n\t\t<\/div>\n\t\t\n\t\t\t\t<div id=\"wd-684b1d2d5629b\" class=\"wd-text-block wd-wpb reset-last-child wd-rs-684b1d2d5629b text-left \">\n\t\t\t<div class=\"title-subtitle subtitle-color-default font-alt subtitle-style-default wd-font-weight- wd-fontsize-xs\"><strong>Malta Hal\u0131 Y\u0131kama ve Koltuk Y\u0131kama Fabrikas\u0131<\/strong>, sekt\u00f6rdeki tecr\u00fcbesiyle el dokuma hal\u0131lar\u0131n\u0131z\u0131 tan\u0131r ve ona g\u00f6re temizlik plan\u0131 haz\u0131rlar.<br data-start=\"3353\" data-end=\"3356\" \/>Hal\u0131n\u0131z ister 3 y\u0131ll\u0131k ister 30 y\u0131ll\u0131k olsun, biz de\u011ferine de\u011fer katacak temizlik s\u00fcre\u00e7leriyle ona yeniden hayat veririz.<\/div>\n<p data-start=\"3479\" data-end=\"3656\">\u2705 Renk sabitleme deste\u011fi<br data-start=\"3503\" data-end=\"3506\" \/>\u2705 El i\u015f\u00e7ili\u011fine \u00f6zel koruma program\u0131<br data-start=\"3542\" data-end=\"3545\" \/>\u2705 G\u00f6lgelik kurutma ile renk ve doku koruma<br data-start=\"3587\" data-end=\"3590\" \/>\u2705 \u0130zmit ve \u00e7evresinde \u00fccretsiz servis<br data-start=\"3627\" data-end=\"3630\" \/>\u2705 %100 m\u00fc\u015fteri memnuniyeti<\/p>\n\t\t<\/div>\n\t\t[\/vc_column][\/vc_row][vc_row][vc_column]\n\t\t<div id=\"wd-682c7253a22c6\" class=\"title-wrapper wd-wpb wd-set-mb reset-last-child  wd-rs-682c7253a22c6 wd-title-color-default wd-title-style-default text-left  wd-underline-colored\">\n\t\t\t\n\t\t\t<div class=\"liner-continer\">\n\t\t\t\t<h4 class=\"woodmart-title-container title  wd-font-weight- wd-fontsize-l\" >Dokuma Hal\u0131s\u0131 Y\u0131kama Fiyatlar\u0131<\/h4>\n\t\t\t\t\t\t\t<\/div>\n\t\t\t\n\t\t\t\n\t\t\t\n\t\t<\/div>\n\t\t\n\t\t\t\t<div id=\"wd-684b1d4b266cc\" class=\"wd-text-block wd-wpb reset-last-child wd-rs-684b1d4b266cc text-left \">\n\t\t\t<p data-start=\"3699\" data-end=\"3843\">El dokuma hal\u0131lar, standart hal\u0131lardan farkl\u0131 fiyatland\u0131r\u0131l\u0131r. Metrekareye ek olarak, ya\u015f, iplik cinsi ve bozulma riski g\u00f6z \u00f6n\u00fcnde bulundurulur.<\/p>\n<p data-start=\"3845\" data-end=\"3971\">???? <strong data-start=\"3848\" data-end=\"3888\">Minimum servis bedelimiz 500 TL&#8217;dir.<\/strong><br data-start=\"3888\" data-end=\"3891\" \/>???? Fiyat almak i\u00e7in hal\u0131n\u0131z\u0131n detaylar\u0131n\u0131 veya foto\u011fraf\u0131n\u0131 bize iletebilirsiniz.<\/p>\n\t\t<\/div>\n\t\t[\/vc_column][\/vc_row][vc_row][vc_column]\n\t\t<div id=\"wd-682c7287771f2\" class=\"title-wrapper wd-wpb wd-set-mb reset-last-child  wd-rs-682c7287771f2 wd-title-color-default wd-title-style-default text-left  wd-underline-colored\">\n\t\t\t\n\t\t\t<div class=\"liner-continer\">\n\t\t\t\t<h4 class=\"woodmart-title-container title  wd-font-weight- wd-fontsize-l\" >Dokuma Hal\u0131s\u0131 Y\u0131kama Hakk\u0131nda S\u0131k Sorulan Sorular<\/h4>\n\t\t\t\t\t\t\t<\/div>\n\t\t\t\n\t\t\t\n\t\t\t\n\t\t<\/div>\n\t\t\n\t\t\t\t<div id=\"wd-682c7291f13e3\" class=\"wd-text-block wd-wpb reset-last-child wd-rs-682c7291f13e3 text-left \">\n\t\t\t<p data-start=\"4003\" data-end=\"4158\"><strong data-start=\"4003\" data-end=\"4042\">Evde dokuma hal\u0131 y\u0131kayabilir miyim?<\/strong><br data-start=\"4042\" data-end=\"4045\" \/>Hay\u0131r. Evde uygulanan s\u0131cak su, deterjan ve y\u00fcksek bas\u0131n\u00e7l\u0131 su, el dokumas\u0131na geri d\u00f6n\u00fc\u015f\u00fc olmayan zararlar verir.<\/p>\n<p data-start=\"4160\" data-end=\"4285\"><strong data-start=\"4160\" data-end=\"4179\">Boyas\u0131 akar m\u0131?<\/strong><br data-start=\"4179\" data-end=\"4182\" \/>Yanl\u0131\u015f y\u0131kama deterjan\u0131 ile evet. Ancak biz \u00f6zel sabitleyicili \u00fcr\u00fcnlerle bu riski ortadan kald\u0131r\u0131yoruz.<\/p>\n<p data-start=\"4287\" data-end=\"4372\"><strong data-start=\"4287\" data-end=\"4311\">Kuruma s\u00fcresi nedir?<\/strong><br data-start=\"4311\" data-end=\"4314\" \/>Ortalama 24\u201348 saat aral\u0131\u011f\u0131nda, g\u00f6lgelik alanda kurutulur.<\/p>\n\t\t<\/div>\n\t\t[\/vc_column][\/vc_row][vc_row][vc_column]\n\t\t<div id=\"wd-684b1d6e82ad1\" class=\"title-wrapper wd-wpb wd-set-mb reset-last-child  wd-rs-684b1d6e82ad1 wd-title-color-default wd-title-style-default text-left  wd-underline-colored\">\n\t\t\t\n\t\t\t<div class=\"liner-continer\">\n\t\t\t\t<h4 class=\"woodmart-title-container title  wd-font-weight- wd-fontsize-l\" >Kocaeli Dokuma Hal\u0131s\u0131 Y\u0131kama Hizmetinde G\u00fcvenilir Adres: Malta Hal\u0131 Y\u0131kama ve Koltuk Y\u0131kama Fabrikas\u0131<\/h4>\n\t\t\t\t\t\t\t<\/div>\n\t\t\t\n\t\t\t\n\t\t\t\n\t\t<\/div>\n\t\t\n\t\t\t\t<div id=\"wd-684b1d5887ab6\" class=\"wd-text-block wd-wpb reset-last-child wd-rs-684b1d5887ab6 text-left \">\n\t\t\t<p data-start=\"4455\" data-end=\"4589\">Hal\u0131n\u0131za tarih i\u015flemi\u015fse, temizli\u011fi s\u0131radan olamaz. Malta Hal\u0131 Y\u0131kama ve Koltuk Y\u0131kama Fabrikas\u0131 olarak, dokuma hal\u0131lar\u0131n\u0131za \u00f6zel profesyonel \u00e7\u00f6z\u00fcmler sunuyoruz.<\/p>\n<p data-start=\"4591\" data-end=\"4721\">???? <strong data-start=\"4594\" data-end=\"4607\">\u0130leti\u015fim:<\/strong> +90 (262) 322 25 82<br data-start=\"4627\" data-end=\"4630\" \/>???? <strong data-start=\"4633\" data-end=\"4654\">Hizmet B\u00f6lgeleri:<\/strong> \u0130zmit, Yahyakaptan, Umuttepe, Derince, K\u00f6rfez, Ye\u015filova ve \u00e7evresi<\/p>\n\t\t<\/div>\n\t\t[\/vc_column][\/vc_row][\/vc_section]<\/p>\n<\/div>","protected":false},"excerpt":{"rendered":"<p>[vc_section woodmart_css_id=&#8221;685824a3d1879&#8243; responsive_spacing=&#8221;eyJwYXJhbV90eXBlIjoid29vZG1hcnRfcmVzcG9uc2l2ZV9zcGFjaW5nIiwic2VsZWN0b3JfaWQiOiI2ODU4MjRhM2QxODc5Iiwic2hvcnRjb2RlIjoidmNfc2VjdGlvbiIsImRhdGEiOnsidGFibGV0Ijp7fSwibW9iaWxlIjp7fX19&#8243; mobile_bg_img_hidden=&#8221;no&#8221; tablet_bg_img_hidden=&#8221;no&#8221; woodmart_parallax=&#8221;0&#8243; woodmart_gradient_switch=&#8221;no&#8221; woodmart_box_shadow=&#8221;no&#8221; wd_z_index=&#8221;no&#8221; woodmart_disable_overflow=&#8221;0&#8243;][vc_row][vc_column width=&#8221;1\/2&#8243;][\/vc_column][vc_column width=&#8221;1\/2&#8243;][\/vc_column][\/vc_row][vc_row][vc_column][\/vc_column][\/vc_row][vc_row][vc_column][\/vc_column][\/vc_row][vc_row][vc_column][\/vc_column][\/vc_row][vc_row][vc_column][\/vc_column][\/vc_row][vc_row][vc_column][\/vc_column][\/vc_row][vc_row][vc_column][\/vc_column][\/vc_row][vc_row][vc_column][\/vc_column][\/vc_row][\/vc_section]<\/p>\n","protected":false},"author":1,"featured_media":0,"parent":10131,"menu_order":0,"comment_status":"closed","ping_status":"closed","template":"","meta":{"footnotes":""},"class_list":["post-10164","page","type-page","status-publish","hentry"],"_links":{"self":[{"href":"https:\/\/www.maltahaliyikama.com\/index.php\/wp-json\/wp\/v2\/pages\/10164","targetHints":{"allow":["GET"]}}],"collection":[{"href":"https:\/\/www.maltahaliyikama.com\/index.php\/wp-json\/wp\/v2\/pages"}],"about":[{"href":"https:\/\/www.maltahaliyikama.com\/index.php\/wp-json\/wp\/v2\/types\/page"}],"author":[{"embeddable":true,"href":"https:\/\/www.maltahaliyikama.com\/index.php\/wp-json\/wp\/v2\/users\/1"}],"replies":[{"embeddable":true,"href":"https:\/\/www.maltahaliyikama.com\/index.php\/wp-json\/wp\/v2\/comments?post=10164"}],"version-history":[{"count":8,"href":"https:\/\/www.maltahaliyikama.com\/index.php\/wp-json\/wp\/v2\/pages\/10164\/revisions"}],"predecessor-version":[{"id":10418,"href":"https:\/\/www.maltahaliyikama.com\/index.php\/wp-json\/wp\/v2\/pages\/10164\/revisions\/10418"}],"up":[{"embeddable":true,"href":"https:\/\/www.maltahaliyikama.com\/index.php\/wp-json\/wp\/v2\/pages\/10131"}],"wp:attachment":[{"href":"https:\/\/www.maltahaliyikama.com\/index.php\/wp-json\/wp\/v2\/media?parent=10164"}],"curies":[{"name":"wp","href":"https:\/\/api.w.org\/{rel}","templated":true}]}}