{"id":10174,"date":"2025-05-30T02:52:41","date_gmt":"2025-05-29T23:52:41","guid":{"rendered":"https:\/\/www.maltahaliyikama.com\/?page_id=10174"},"modified":"2025-06-22T18:44:28","modified_gmt":"2025-06-22T15:44:28","slug":"isparta-halisi-yikama","status":"publish","type":"page","link":"https:\/\/www.maltahaliyikama.com\/index.php\/hizmetlerimiz\/isparta-halisi-yikama\/","title":{"rendered":"Isparta Hal\u0131s\u0131 Y\u0131kama"},"content":{"rendered":"<div class=\"wpb-content-wrapper\"><p>[vc_section][vc_row woodmart_css_id=&#8221;685824d5254b3&#8243; responsive_spacing=&#8221;eyJwYXJhbV90eXBlIjoid29vZG1hcnRfcmVzcG9uc2l2ZV9zcGFjaW5nIiwic2VsZWN0b3JfaWQiOiI2ODU4MjRkNTI1NGIzIiwic2hvcnRjb2RlIjoidmNfcm93IiwiZGF0YSI6eyJ0YWJsZXQiOnt9LCJtb2JpbGUiOnt9fX0=&#8221; mobile_bg_img_hidden=&#8221;no&#8221; tablet_bg_img_hidden=&#8221;no&#8221; woodmart_parallax=&#8221;0&#8243; woodmart_gradient_switch=&#8221;no&#8221; woodmart_box_shadow=&#8221;no&#8221; wd_z_index=&#8221;no&#8221; woodmart_disable_overflow=&#8221;0&#8243; row_reverse_mobile=&#8221;0&#8243; row_reverse_tablet=&#8221;0&#8243;][vc_column width=&#8221;1\/2&#8243;]\n\t\t<div id=\"wd-683962805d6c5\" class=\"title-wrapper wd-wpb wd-set-mb reset-last-child  wd-rs-683962805d6c5 wd-title-color-default wd-title-style-default text-left  wd-underline-colored\">\n\t\t\t\t\t\t\t\n\t\t\t\t<div class=\"title-subtitle  subtitle-color-default font-alt subtitle-style-default wd-font-weight- wd-fontsize-xs\">Malta Hal\u0131 Y\u0131kama | Kocaeli\u2019nin G\u00fcvenilir Isparta Hal\u0131s\u0131 Temizlik Merkezi<\/div>\n\t\t\t\n\t\t\t<div class=\"liner-continer\">\n\t\t\t\t<h4 class=\"woodmart-title-container title  wd-font-weight- wd-fontsize-l\" >Isparta Hal\u0131s\u0131 Y\u0131kama<\/h4>\n\t\t\t\t\t\t\t<\/div>\n\t\t\t\n\t\t\t\n\t\t\t\n\t\t<\/div>\n\t\t\n\t\t\t\t<div id=\"wd-684b201b771ba\" class=\"wd-text-block wd-wpb reset-last-child wd-rs-684b201b771ba text-left \">\n\t\t\t<p data-start=\"519\" data-end=\"821\"><strong data-start=\"519\" data-end=\"539\">Isparta hal\u0131lar\u0131<\/strong>, T\u00fcrkiye&#8217;nin hal\u0131 dokumac\u0131l\u0131\u011f\u0131 tarihinde \u00f6nemli bir yere sahip, geleneksel T\u00fcrk motifleriyle bezenmi\u015f, s\u0131k dokuma ve dayan\u0131kl\u0131 yap\u0131ya sahip de\u011ferli hal\u0131 t\u00fcrlerindendir.<br data-start=\"708\" data-end=\"711\" \/>Bu hal\u0131lar, y\u0131llarca formunu koruyabilen yap\u0131s\u0131 sayesinde hem kullan\u0131m hem koleksiyon a\u00e7\u0131s\u0131ndan tercih edilir.<\/p>\n<p data-start=\"823\" data-end=\"1068\">Ancak t\u00fcm bu g\u00fc\u00e7l\u00fc yap\u0131s\u0131na ra\u011fmen, yanl\u0131\u015f y\u0131kama teknikleri ile renkleri solabilir, dokusu zarar g\u00f6rebilir veya desen b\u00fct\u00fcnl\u00fc\u011f\u00fc bozulabilir. Bu nedenle <strong data-start=\"976\" data-end=\"1008\">Isparta hal\u0131s\u0131 y\u0131kama i\u015flemi<\/strong>, \u00f6zel teknik, uygun \u00fcr\u00fcn ve profesyonel deneyim gerektirir.<\/p>\n<div class=\"title-subtitle subtitle-color-default font-alt subtitle-style-default wd-font-weight- wd-fontsize-xs\"><strong>Malta Hal\u0131 Y\u0131kama ve Koltuk Y\u0131kama <\/strong>olarak, <strong data-start=\"1100\" data-end=\"1109\">\u0130zmit<\/strong>, <strong data-start=\"1111\" data-end=\"1122\">Kocaeli<\/strong>, <strong data-start=\"1124\" data-end=\"1139\">Yahyakaptan<\/strong>, <strong data-start=\"1141\" data-end=\"1153\">Umuttepe<\/strong>, <strong data-start=\"1155\" data-end=\"1166\">Derince<\/strong>, <strong data-start=\"1168\" data-end=\"1178\">K\u00f6rfez<\/strong>, <strong data-start=\"1180\" data-end=\"1192\">Ye\u015filova<\/strong> ba\u015fta olmak \u00fczere t\u00fcm b\u00f6lgelerde Isparta hal\u0131lar\u0131na \u00f6zel y\u0131kama \u00e7\u00f6z\u00fcmleri sunmaktay\u0131z.<\/div>\n\t\t<\/div>\n\t\t[\/vc_column][vc_column width=&#8221;1\/2&#8243;]\t\t<div id=\"wd-6838f33953046\" class=\"wd-image wd-wpb wd-rs-6838f33953046 text-right \">\n\t\t\t\n\t\t\t<img loading=\"lazy\" decoding=\"async\" width=\"370\" height=\"300\" src=\"https:\/\/www.maltahaliyikama.com\/wp-content\/uploads\/2025\/05\/Isparta-Halisi-Yikama-Hizmeti-Kocaeli-Izmit-Korfez-Malta-Yesilova-Umuttepe-Malta-Hali-Yikamada.jpg\" class=\"attachment-medium size-medium\" alt=\"Isparta Hal\u0131s\u0131 Y\u0131kama Hizmeti Kocaeli \u0130zmit K\u00f6rfez Malta Ye\u015filova Umuttepe Malta Hal\u0131 Y\u0131kama&#039;da!\" \/>\n\t\t\t\t\t<\/div>\n\t\t[\/vc_column][\/vc_row][vc_row][vc_column]\n\t\t<div id=\"wd-682c764a01aee\" class=\"title-wrapper wd-wpb wd-set-mb reset-last-child  wd-rs-682c764a01aee wd-title-color-default wd-title-style-default text-left  wd-underline-colored\">\n\t\t\t\n\t\t\t<div class=\"liner-continer\">\n\t\t\t\t<h4 class=\"woodmart-title-container title  wd-font-weight- wd-fontsize-l\" >Isparta Hal\u0131s\u0131 Nedir?<\/h4>\n\t\t\t\t\t\t\t<\/div>\n\t\t\t\n\t\t\t\n\t\t\t\n\t\t<\/div>\n\t\t\n\t\t\t\t<div id=\"wd-682c7654c08f7\" class=\"wd-text-block wd-wpb reset-last-child wd-rs-682c7654c08f7 text-left \">\n\t\t\t<p data-start=\"1313\" data-end=\"1646\">Isparta hal\u0131lar\u0131, ad\u0131n\u0131 \u00fcretildi\u011fi \u015fehirden al\u0131r ve genellikle pamuk \u00e7\u00f6zg\u00fcl\u00fc, y\u00fcn ilmekli olarak el tezg\u00e2hlar\u0131nda dokunur.<br data-start=\"1435\" data-end=\"1438\" \/>S\u0131k d\u00fc\u011f\u00fcm yap\u0131s\u0131, klasik T\u00fcrk hal\u0131 motifleri ve dayan\u0131kl\u0131 yap\u0131s\u0131yla \u00f6ne \u00e7\u0131kar.<br data-start=\"1516\" data-end=\"1519\" \/>Yerli \u00fcretimin gururu olan bu hal\u0131lar, hem geleneksel desenleri hem de uzun \u00f6m\u00fcrl\u00fc kullan\u0131m potansiyeliyle evlerin ba\u015f tac\u0131d\u0131r.<\/p>\n<p data-start=\"1648\" data-end=\"1785\">Ancak do\u011fal iplikten \u00fcretildikleri i\u00e7in y\u0131kama i\u015flemlerinde dikkatli olunmal\u0131; \u0131s\u0131, deterjan ve kurutma ko\u015fullar\u0131 \u00f6zenle belirlenmelidir.<\/p>\n\t\t<\/div>\n\t\t[\/vc_column][\/vc_row][vc_row][vc_column]\n\t\t<div id=\"wd-682c765f77a1a\" class=\"title-wrapper wd-wpb wd-set-mb reset-last-child  wd-rs-682c765f77a1a wd-title-color-default wd-title-style-default text-left  wd-underline-colored\">\n\t\t\t\n\t\t\t<div class=\"liner-continer\">\n\t\t\t\t<h4 class=\"woodmart-title-container title  wd-font-weight- wd-fontsize-l\" >Isparta Hal\u0131s\u0131 Neden \u00d6zel Y\u0131kama Gerektirir?<\/h4>\n\t\t\t\t\t\t\t<\/div>\n\t\t\t\n\t\t\t\n\t\t\t\n\t\t<\/div>\n\t\t\n\t\t\t\t<div id=\"wd-682c76651a38c\" class=\"wd-text-block wd-wpb reset-last-child wd-rs-682c76651a38c text-left \">\n\t\t\t<ul>\n<li data-start=\"1844\" data-end=\"1941\"><strong data-start=\"1844\" data-end=\"1875\">Do\u011fal Y\u00fcn ve Pamuk \u0130\u00e7eri\u011fi:<\/strong> Is\u0131ya ve kimyasallara duyarl\u0131d\u0131r, lif deformasyonu riski ta\u015f\u0131r.<\/li>\n<li data-start=\"1944\" data-end=\"2048\"><strong data-start=\"1944\" data-end=\"1972\">El Dokumas\u0131 Hassasiyeti:<\/strong> Sert f\u0131r\u00e7alama ve y\u00fcksek devirli makineler hal\u0131ya kal\u0131c\u0131 zarar verebilir.<\/li>\n<li data-start=\"2051\" data-end=\"2168\"><strong data-start=\"2051\" data-end=\"2076\">Motif ve Renk Koruma:<\/strong> Geleneksel boyama teknikleri ile \u00fcretilen hal\u0131larda renk ge\u00e7i\u015fi ve solma riski y\u00fcksektir.<\/li>\n<li data-start=\"2171\" data-end=\"2253\"><strong data-start=\"2171\" data-end=\"2198\">Doku Sertle\u015fmesi Riski:<\/strong> Yanl\u0131\u015f kurutma y\u00f6ntemi hal\u0131n\u0131n yumu\u015fakl\u0131\u011f\u0131n\u0131 alabilir.<\/li>\n<\/ul>\n\t\t<\/div>\n\t\t[\/vc_column][\/vc_row][vc_row][vc_column]\n\t\t<div id=\"wd-682c767e90aed\" class=\"title-wrapper wd-wpb wd-set-mb reset-last-child  wd-rs-682c767e90aed wd-title-color-default wd-title-style-default text-left  wd-underline-colored\">\n\t\t\t\n\t\t\t<div class=\"liner-continer\">\n\t\t\t\t<h4 class=\"woodmart-title-container title  wd-font-weight- wd-fontsize-l\" >Isparta Hal\u0131s\u0131 Y\u0131kama S\u00fcreci Nas\u0131l Olmal\u0131?<\/h4>\n\t\t\t\t\t\t\t<\/div>\n\t\t\t\n\t\t\t\n\t\t\t\n\t\t<\/div>\n\t\t\n\t\t\t\t<div id=\"wd-6839623f809a7\" class=\"wd-text-block wd-wpb reset-last-child wd-rs-6839623f809a7 text-left \">\n\t\t\t<p data-start=\"2308\" data-end=\"2402\">Malta Hal\u0131 Y\u0131kama olarak, Isparta hal\u0131lar\u0131n\u0131z\u0131 \u00f6zel ve titiz bir i\u015flem s\u00fcrecinden ge\u00e7iriyoruz:<\/p>\n<ol data-start=\"2404\" data-end=\"3105\">\n<li data-start=\"2404\" data-end=\"2507\">\n<p data-start=\"2407\" data-end=\"2507\"><strong data-start=\"2407\" data-end=\"2431\">\u00d6n Kontrol &amp; Analiz:<\/strong> Hal\u0131n\u0131n ya\u015f\u0131, iplik yap\u0131s\u0131, desen durumu ve leke yo\u011funlu\u011fu tespit edilir.<\/p>\n<\/li>\n<li data-start=\"2508\" data-end=\"2601\">\n<p data-start=\"2511\" data-end=\"2601\"><strong data-start=\"2511\" data-end=\"2524\">Toz Alma:<\/strong> Hal\u0131n\u0131n i\u00e7 dokusuna i\u015flemi\u015f toz ve partik\u00fcller \u00f6zel cihazlarla temizlenir.<\/p>\n<\/li>\n<li data-start=\"2602\" data-end=\"2717\">\n<p data-start=\"2605\" data-end=\"2717\"><strong data-start=\"2605\" data-end=\"2625\">Leke M\u00fcdahalesi:<\/strong> Yumu\u015fak i\u00e7erikli ve do\u011fal bazl\u0131 leke \u00e7\u00f6z\u00fcc\u00fclerle y\u00fczeye zarar vermeden temizlik sa\u011flan\u0131r.<\/p>\n<\/li>\n<li data-start=\"2718\" data-end=\"2834\">\n<p data-start=\"2721\" data-end=\"2834\"><strong data-start=\"2721\" data-end=\"2758\">Elle veya \u00d6zel Makine ile Y\u0131kama:<\/strong> Hal\u0131n\u0131n durumuna g\u00f6re d\u00fc\u015f\u00fck devirli makine ya da manuel y\u0131kama uygulan\u0131r.<\/p>\n<\/li>\n<li data-start=\"2835\" data-end=\"2907\">\n<p data-start=\"2838\" data-end=\"2907\"><strong data-start=\"2838\" data-end=\"2851\">Durulama:<\/strong> Bol su ile hal\u0131 deterjan kal\u0131nt\u0131lar\u0131ndan ar\u0131nd\u0131r\u0131l\u0131r.<\/p>\n<\/li>\n<li data-start=\"2908\" data-end=\"2999\">\n<p data-start=\"2911\" data-end=\"2999\"><strong data-start=\"2911\" data-end=\"2929\">G\u00f6lge Kurutma:<\/strong> Do\u011frudan g\u00fcne\u015f \u0131\u015f\u0131\u011f\u0131 g\u00f6rmeden, formunu koruyacak \u015fekilde kurutulur.<\/p>\n<\/li>\n<li data-start=\"3000\" data-end=\"3105\">\n<p data-start=\"3003\" data-end=\"3105\"><strong data-start=\"3003\" data-end=\"3019\">Son Kontrol:<\/strong> Renk sabitli\u011fi, desen korunumu ve doku kontrol edildikten sonra teslimata haz\u0131rlan\u0131r.<\/p>\n<\/li>\n<\/ol>\n\t\t<\/div>\n\t\t[\/vc_column][\/vc_row][vc_row][vc_column]\n\t\t<div id=\"wd-684b2046bd46e\" class=\"title-wrapper wd-wpb wd-set-mb reset-last-child  wd-rs-684b2046bd46e wd-title-color-default wd-title-style-default text-left  wd-underline-colored\">\n\t\t\t\n\t\t\t<div class=\"liner-continer\">\n\t\t\t\t<h4 class=\"woodmart-title-container title  wd-font-weight- wd-fontsize-l\" >Malta Hal\u0131 Y\u0131kama ve Koltuk Y\u0131kama Fabrikas\u0131 ile Isparta Hal\u0131lar\u0131n\u0131z G\u00fcvende<\/h4>\n\t\t\t\t\t\t\t<\/div>\n\t\t\t\n\t\t\t\n\t\t\t\n\t\t<\/div>\n\t\t\n\t\t\t\t<div id=\"wd-682c769697cc2\" class=\"wd-text-block wd-wpb reset-last-child wd-rs-682c769697cc2 text-left \">\n\t\t\t<p data-start=\"3164\" data-end=\"3353\">Isparta hal\u0131lar\u0131 k\u00fclt\u00fcrel bir mirast\u0131r. Biz de Hayal Hal\u0131 Y\u0131kama olarak bu miras\u0131, hal\u0131n\u0131za uygun temizlikle koruma alt\u0131na al\u0131yoruz.<br data-start=\"3296\" data-end=\"3299\" \/>Gelenekten gelen de\u011feri, teknolojiyle birle\u015ftiriyoruz.<\/p>\n<p data-start=\"3355\" data-end=\"3571\">\u2705 Isparta hal\u0131s\u0131na \u00f6zel bak\u0131m ve koruma<br data-start=\"3394\" data-end=\"3397\" \/>\u2705 Renk sabitleme ve ke\u00e7ele\u015fme \u00f6nleyici i\u015flemler<br data-start=\"3444\" data-end=\"3447\" \/>\u2705 G\u00f6lge kurutma ile yumu\u015fak doku koruma<br data-start=\"3486\" data-end=\"3489\" \/>\u2705 \u0130zmit ve \u00e7evresine \u00fccretsiz al\u0131m ve teslim<br data-start=\"3533\" data-end=\"3536\" \/>\u2705 %100 m\u00fc\u015fteri memnuniyet garantisi<\/p>\n\t\t<\/div>\n\t\t[\/vc_column][\/vc_row][vc_row][vc_column]\n\t\t<div id=\"wd-682c76a50040c\" class=\"title-wrapper wd-wpb wd-set-mb reset-last-child  wd-rs-682c76a50040c wd-title-color-default wd-title-style-default text-left  wd-underline-colored\">\n\t\t\t\n\t\t\t<div class=\"liner-continer\">\n\t\t\t\t<h4 class=\"woodmart-title-container title  wd-font-weight- wd-fontsize-l\" >Isparta Hal\u0131s\u0131 Y\u0131kama Fiyatlar\u0131<\/h4>\n\t\t\t\t\t\t\t<\/div>\n\t\t\t\n\t\t\t\n\t\t\t\n\t\t<\/div>\n\t\t\n\t\t\t\t<div id=\"wd-684b2056dd68b\" class=\"wd-text-block wd-wpb reset-last-child wd-rs-684b2056dd68b text-left \">\n\t\t\t<p data-start=\"3615\" data-end=\"3734\">Fiyatland\u0131rma; hal\u0131n\u0131n metrekaresi, el dokumas\u0131 olup olmamas\u0131, ya\u015f\u0131 ve kirlilik derecesine g\u00f6re \u00f6zel olarak belirlenir.<\/p>\n<p data-start=\"3736\" data-end=\"3861\">???? <strong data-start=\"3739\" data-end=\"3779\">Minimum servis bedelimiz 500 TL&#8217;dir.<\/strong><br data-start=\"3779\" data-end=\"3782\" \/>???? WhatsApp \u00fczerinden hal\u0131n\u0131z\u0131n foto\u011fraf\u0131n\u0131 g\u00f6ndererek net fiyat alabilirsiniz.<\/p>\n\t\t<\/div>\n\t\t[\/vc_column][\/vc_row][vc_row][vc_column]\n\t\t<div id=\"wd-682c76bb87b81\" class=\"title-wrapper wd-wpb wd-set-mb reset-last-child  wd-rs-682c76bb87b81 wd-title-color-default wd-title-style-default text-left  wd-underline-colored\">\n\t\t\t\n\t\t\t<div class=\"liner-continer\">\n\t\t\t\t<h4 class=\"woodmart-title-container title  wd-font-weight- wd-fontsize-l\" >Isparta Hal\u0131s\u0131 Y\u0131kama Hakk\u0131nda S\u0131k Sorulan Sorular<\/h4>\n\t\t\t\t\t\t\t<\/div>\n\t\t\t\n\t\t\t\n\t\t\t\n\t\t<\/div>\n\t\t\n\t\t\t\t<div id=\"wd-682c76c788844\" class=\"wd-text-block wd-wpb reset-last-child wd-rs-682c76c788844 text-left \">\n\t\t\t<p data-start=\"3917\" data-end=\"4053\"><strong data-start=\"3917\" data-end=\"3959\">Isparta hal\u0131m\u0131 evde y\u0131kayabilir miyim?<\/strong><br data-start=\"3959\" data-end=\"3962\" \/>Hay\u0131r. El dokumas\u0131 yap\u0131s\u0131 zarar g\u00f6rebilir, renkleri akabilir. Profesyonel temizlik \u015fartt\u0131r.<\/p>\n<p data-start=\"4055\" data-end=\"4179\"><strong data-start=\"4055\" data-end=\"4094\">Kuruduktan sonra hal\u0131 sertle\u015fir mi?<\/strong><br data-start=\"4094\" data-end=\"4097\" \/>Hay\u0131r. \u00d6zel kurutma ve f\u0131r\u00e7alama teknikleri ile hal\u0131n\u0131n do\u011fal yumu\u015fakl\u0131\u011f\u0131 korunur.<\/p>\n<p data-start=\"4181\" data-end=\"4273\"><strong data-start=\"4181\" data-end=\"4215\">Ne kadar s\u00fcrede teslim edilir?<\/strong><br data-start=\"4215\" data-end=\"4218\" \/>Havan\u0131n durumuna g\u00f6re 2\u20133 i\u015f g\u00fcn\u00fc i\u00e7inde teslim edilir.<\/p>\n\t\t<\/div>\n\t\t[\/vc_column][\/vc_row][vc_row][vc_column]\n\t\t<div id=\"wd-684b20a662fd2\" class=\"title-wrapper wd-wpb wd-set-mb reset-last-child  wd-rs-684b20a662fd2 wd-title-color-default wd-title-style-default text-left  wd-underline-colored\">\n\t\t\t\n\t\t\t<div class=\"liner-continer\">\n\t\t\t\t<h4 class=\"woodmart-title-container title  wd-font-weight- wd-fontsize-l\" >Kocaeli Isparta Hal\u0131s\u0131 Y\u0131kama Hizmetinde G\u00fcvenilir Adres: Malta Hal\u0131 Y\u0131kama ve Koltuk Y\u0131kama<\/h4>\n\t\t\t\t\t\t\t<\/div>\n\t\t\t\n\t\t\t\n\t\t\t\n\t\t<\/div>\n\t\t\n\t\t\t\t<div id=\"wd-684b20cc4e295\" class=\"wd-text-block wd-wpb reset-last-child wd-rs-684b20cc4e295 text-left \">\n\t\t\t<p data-start=\"4357\" data-end=\"4553\">El eme\u011fini, k\u00fclt\u00fcrel miras\u0131 ve geleneksel desenleri temsil eden Isparta hal\u0131lar\u0131n\u0131z\u0131 s\u0131radan y\u00f6ntemlere teslim etmeyin.<\/p>\n<p data-start=\"4357\" data-end=\"4553\"><strong>Malta Hal\u0131 Y\u0131kama ve Koltuk Y\u0131kama<\/strong>\u00a0olarak, de\u011ferli hal\u0131lar\u0131n\u0131za \u00f6zel bak\u0131m uyguluyoruz.<\/p>\n<p data-start=\"4555\" data-end=\"4689\">???? <strong data-start=\"4558\" data-end=\"4571\">\u0130leti\u015fim:<\/strong> +90 (262) 322 25 82<br data-start=\"4591\" data-end=\"4594\" \/>???? <strong data-start=\"4597\" data-end=\"4618\">Hizmet B\u00f6lgeleri:<\/strong> \u0130zmit, Yahyakaptan, Umuttepe, Derince, K\u00f6rfez, Ye\u015filova ve t\u00fcm Kocaeli<\/p>\n\t\t<\/div>\n\t\t[\/vc_column][\/vc_row][\/vc_section]<\/p>\n<\/div>","protected":false},"excerpt":{"rendered":"<p>[vc_section][vc_row woodmart_css_id=&#8221;685824d5254b3&#8243; responsive_spacing=&#8221;eyJwYXJhbV90eXBlIjoid29vZG1hcnRfcmVzcG9uc2l2ZV9zcGFjaW5nIiwic2VsZWN0b3JfaWQiOiI2ODU4MjRkNTI1NGIzIiwic2hvcnRjb2RlIjoidmNfcm93IiwiZGF0YSI6eyJ0YWJsZXQiOnt9LCJtb2JpbGUiOnt9fX0=&#8221; mobile_bg_img_hidden=&#8221;no&#8221; tablet_bg_img_hidden=&#8221;no&#8221; woodmart_parallax=&#8221;0&#8243; woodmart_gradient_switch=&#8221;no&#8221; woodmart_box_shadow=&#8221;no&#8221; wd_z_index=&#8221;no&#8221; woodmart_disable_overflow=&#8221;0&#8243; row_reverse_mobile=&#8221;0&#8243; row_reverse_tablet=&#8221;0&#8243;][vc_column width=&#8221;1\/2&#8243;][\/vc_column][vc_column width=&#8221;1\/2&#8243;][\/vc_column][\/vc_row][vc_row][vc_column][\/vc_column][\/vc_row][vc_row][vc_column][\/vc_column][\/vc_row][vc_row][vc_column][\/vc_column][\/vc_row][vc_row][vc_column][\/vc_column][\/vc_row][vc_row][vc_column][\/vc_column][\/vc_row][vc_row][vc_column][\/vc_column][\/vc_row][vc_row][vc_column][\/vc_column][\/vc_row][\/vc_section]<\/p>\n","protected":false},"author":1,"featured_media":0,"parent":10131,"menu_order":0,"comment_status":"closed","ping_status":"closed","template":"","meta":{"footnotes":""},"class_list":["post-10174","page","type-page","status-publish","hentry"],"_links":{"self":[{"href":"https:\/\/www.maltahaliyikama.com\/index.php\/wp-json\/wp\/v2\/pages\/10174","targetHints":{"allow":["GET"]}}],"collection":[{"href":"https:\/\/www.maltahaliyikama.com\/index.php\/wp-json\/wp\/v2\/pages"}],"about":[{"href":"https:\/\/www.maltahaliyikama.com\/index.php\/wp-json\/wp\/v2\/types\/page"}],"author":[{"embeddable":true,"href":"https:\/\/www.maltahaliyikama.com\/index.php\/wp-json\/wp\/v2\/users\/1"}],"replies":[{"embeddable":true,"href":"https:\/\/www.maltahaliyikama.com\/index.php\/wp-json\/wp\/v2\/comments?post=10174"}],"version-history":[{"count":6,"href":"https:\/\/www.maltahaliyikama.com\/index.php\/wp-json\/wp\/v2\/pages\/10174\/revisions"}],"predecessor-version":[{"id":10421,"href":"https:\/\/www.maltahaliyikama.com\/index.php\/wp-json\/wp\/v2\/pages\/10174\/revisions\/10421"}],"up":[{"embeddable":true,"href":"https:\/\/www.maltahaliyikama.com\/index.php\/wp-json\/wp\/v2\/pages\/10131"}],"wp:attachment":[{"href":"https:\/\/www.maltahaliyikama.com\/index.php\/wp-json\/wp\/v2\/media?parent=10174"}],"curies":[{"name":"wp","href":"https:\/\/api.w.org\/{rel}","templated":true}]}}