{"id":10176,"date":"2025-05-30T02:53:43","date_gmt":"2025-05-29T23:53:43","guid":{"rendered":"https:\/\/www.maltahaliyikama.com\/?page_id=10176"},"modified":"2025-06-22T18:46:13","modified_gmt":"2025-06-22T15:46:13","slug":"kilim-yikama","status":"publish","type":"page","link":"https:\/\/www.maltahaliyikama.com\/index.php\/hizmetlerimiz\/kilim-yikama\/","title":{"rendered":"Kilim Y\u0131kama"},"content":{"rendered":"<div class=\"wpb-content-wrapper\"><p>[vc_section woodmart_css_id=&#8221;68582542e221c&#8221; responsive_spacing=&#8221;eyJwYXJhbV90eXBlIjoid29vZG1hcnRfcmVzcG9uc2l2ZV9zcGFjaW5nIiwic2VsZWN0b3JfaWQiOiI2ODU4MjU0MmUyMjFjIiwic2hvcnRjb2RlIjoidmNfc2VjdGlvbiIsImRhdGEiOnsidGFibGV0Ijp7fSwibW9iaWxlIjp7fX19&#8243; mobile_bg_img_hidden=&#8221;no&#8221; tablet_bg_img_hidden=&#8221;no&#8221; woodmart_parallax=&#8221;0&#8243; woodmart_gradient_switch=&#8221;no&#8221; woodmart_box_shadow=&#8221;no&#8221; wd_z_index=&#8221;no&#8221; woodmart_disable_overflow=&#8221;0&#8243;][vc_row woodmart_css_id=&#8221;6858253e4294a&#8221; responsive_spacing=&#8221;eyJwYXJhbV90eXBlIjoid29vZG1hcnRfcmVzcG9uc2l2ZV9zcGFjaW5nIiwic2VsZWN0b3JfaWQiOiI2ODU4MjUzZTQyOTRhIiwic2hvcnRjb2RlIjoidmNfcm93IiwiZGF0YSI6eyJ0YWJsZXQiOnt9LCJtb2JpbGUiOnt9fX0=&#8221; mobile_bg_img_hidden=&#8221;no&#8221; tablet_bg_img_hidden=&#8221;no&#8221; woodmart_parallax=&#8221;0&#8243; woodmart_gradient_switch=&#8221;no&#8221; woodmart_box_shadow=&#8221;no&#8221; wd_z_index=&#8221;no&#8221; woodmart_disable_overflow=&#8221;0&#8243; row_reverse_mobile=&#8221;0&#8243; row_reverse_tablet=&#8221;0&#8243;][vc_column width=&#8221;1\/2&#8243;]\n\t\t<div id=\"wd-684b40b72bd11\" class=\"title-wrapper wd-wpb wd-set-mb reset-last-child  wd-rs-684b40b72bd11 wd-title-color-default wd-title-style-default text-left  wd-underline-colored\">\n\t\t\t\t\t\t\t\n\t\t\t\t<div class=\"title-subtitle  subtitle-color-default font-alt subtitle-style-default wd-font-weight- wd-fontsize-xs\">Malta Hal\u0131 Y\u0131kama ve Koltuk Y\u0131kama Fabrikas\u0131<br \/>\n| Kocaeli ve \u0130zmit\u2019te El Dokuma Kilim Temizli\u011fi<\/div>\n\t\t\t\n\t\t\t<div class=\"liner-continer\">\n\t\t\t\t<h4 class=\"woodmart-title-container title  wd-font-weight- wd-fontsize-l\" >Kilim Y\u0131kama<\/h4>\n\t\t\t\t\t\t\t<\/div>\n\t\t\t\n\t\t\t\n\t\t\t\n\t\t<\/div>\n\t\t\n\t\t\t\t<div id=\"wd-684b40c40fab8\" class=\"wd-text-block wd-wpb reset-last-child wd-rs-684b40c40fab8 text-left \">\n\t\t\t<p data-start=\"471\" data-end=\"762\"><strong data-start=\"471\" data-end=\"483\">Kilimler<\/strong>, hem geleneksel hem modern dekorasyonlarda kullan\u0131lan, genellikle y\u00fcn, pamuk ya da ke\u00e7i t\u00fcy\u00fcnden dokunan, ince yap\u0131l\u0131 ve motifli zemin \u00f6rt\u00fcleridir. Anadolu k\u00fclt\u00fcr\u00fcn\u00fcn bir par\u00e7as\u0131 olan bu el eme\u011fi \u00fcr\u00fcnler, estetik de\u011ferlerinin yan\u0131nda, kullan\u0131m kolayl\u0131klar\u0131yla da \u00f6n plana \u00e7\u0131kar.<\/p>\n<p data-start=\"764\" data-end=\"1068\">Ancak bu zarif dokulu kilimler, temizlik a\u00e7\u0131s\u0131ndan hal\u0131lardan farkl\u0131d\u0131r. Yanl\u0131\u015f deterjan, y\u00fcksek s\u0131cakl\u0131k ya da sert f\u0131r\u00e7alama; kilimin lif yap\u0131s\u0131n\u0131 bozabilir, renklerini soldurabilir veya desen b\u00fct\u00fcnl\u00fc\u011f\u00fcn\u00fc kaybettirebilir.<br data-start=\"987\" data-end=\"990\" \/>Bu nedenle \u00f6zel <strong data-start=\"1001\" data-end=\"1017\">kilim y\u0131kama<\/strong>, dikkatli ve profesyonel bir \u015fekilde yap\u0131lmal\u0131d\u0131r.<\/p>\n<p data-start=\"1070\" data-end=\"1249\"><strong data-start=\"928\" data-end=\"959\">Malta Hal\u0131 Y\u0131kama ve Koltuk Y\u0131kama Fabrikas\u0131<\/strong> olarak, <strong data-start=\"1100\" data-end=\"1109\">\u0130zmit<\/strong>, <strong data-start=\"1111\" data-end=\"1122\">Kocaeli<\/strong>, <strong data-start=\"1124\" data-end=\"1139\">Yahyakaptan<\/strong>, <strong data-start=\"1141\" data-end=\"1153\">Umuttepe<\/strong>, <strong data-start=\"1155\" data-end=\"1166\">Derince<\/strong>, <strong data-start=\"1168\" data-end=\"1178\">K\u00f6rfez<\/strong>, <strong data-start=\"1180\" data-end=\"1192\">Ye\u015filova<\/strong> gibi t\u00fcm b\u00f6lgelerde \u00f6zel kilim y\u0131kama hizmeti sunuyoruz.<\/p>\n\t\t<\/div>\n\t\t[\/vc_column][vc_column width=&#8221;1\/2&#8243;]\t\t<div id=\"wd-6838f3756f74b\" class=\"wd-image wd-wpb wd-rs-6838f3756f74b text-right \">\n\t\t\t\n\t\t\t<img loading=\"lazy\" decoding=\"async\" width=\"400\" height=\"267\" src=\"https:\/\/www.maltahaliyikama.com\/wp-content\/uploads\/2025\/05\/Kilim-Yikama-Hizmeti-Kocaeli-Izmit-Korfez-Malta-Yesilova-Umuttepe-Malta-Hali-Yikamada.jpg\" class=\"attachment-medium size-medium\" alt=\"Kilim Y\u0131kama Hizmeti Kocaeli \u0130zmit K\u00f6rfez Malta Ye\u015filova Umuttepe Malta Hal\u0131 Y\u0131kama&#039;da!\" \/>\n\t\t\t\t\t<\/div>\n\t\t[\/vc_column][\/vc_row][vc_row][vc_column]\n\t\t<div id=\"wd-682cc48bd89cb\" class=\"title-wrapper wd-wpb wd-set-mb reset-last-child  wd-rs-682cc48bd89cb wd-title-color-default wd-title-style-default text-left  wd-underline-colored\">\n\t\t\t\n\t\t\t<div class=\"liner-continer\">\n\t\t\t\t<h4 class=\"woodmart-title-container title  wd-font-weight- wd-fontsize-l\" >Kilim Nedir?<\/h4>\n\t\t\t\t\t\t\t<\/div>\n\t\t\t\n\t\t\t\n\t\t\t\n\t\t<\/div>\n\t\t\n\t\t\t\t<div id=\"wd-682cc4901fc4e\" class=\"wd-text-block wd-wpb reset-last-child wd-rs-682cc4901fc4e text-left \">\n\t\t\t<p data-start=\"1274\" data-end=\"1507\">Kilimler; atk\u0131 ve \u00e7\u00f6zg\u00fc ipliklerinin d\u00fc\u011f\u00fcms\u00fcz olarak dokundu\u011fu, d\u00fcz dokuma zemin \u00f6rt\u00fcleridir. Anadolu\u2019nun bir\u00e7ok b\u00f6lgesinde, geleneksel tezg\u00e2hlarda el i\u015f\u00e7ili\u011fi ile \u00fcretilir. Her biri y\u00f6resine \u00f6zg\u00fc motifler, renkler ve anlamlar ta\u015f\u0131r.<\/p>\n<p data-start=\"1509\" data-end=\"1682\">\u0130nce yap\u0131s\u0131 ve do\u011fal malzemeleri nedeniyle kilimler; a\u015f\u0131r\u0131 suya, y\u00fcksek s\u0131cakl\u0131\u011fa ve yo\u011fun kimyasallara kar\u015f\u0131 olduk\u00e7a hassast\u0131r. Temizlik s\u00fcrecinde \u00f6zel yakla\u015f\u0131m gerektirir.<\/p>\n\t\t<\/div>\n\t\t[\/vc_column][\/vc_row][vc_row][vc_column]\n\t\t<div id=\"wd-682cc494ccca4\" class=\"title-wrapper wd-wpb wd-set-mb reset-last-child  wd-rs-682cc494ccca4 wd-title-color-default wd-title-style-default text-left  wd-underline-colored\">\n\t\t\t\n\t\t\t<div class=\"liner-continer\">\n\t\t\t\t<h4 class=\"woodmart-title-container title  wd-font-weight- wd-fontsize-l\" >Kilim Y\u0131kama Neden Profesyonellik Gerektirir?<\/h4>\n\t\t\t\t\t\t\t<\/div>\n\t\t\t\n\t\t\t\n\t\t\t\n\t\t<\/div>\n\t\t\n\t\t\t\t<div id=\"wd-682cc4a671bb7\" class=\"wd-text-block wd-wpb reset-last-child wd-rs-682cc4a671bb7 text-left \">\n\t\t\t<ul>\n<li data-start=\"1742\" data-end=\"1858\"><strong data-start=\"1742\" data-end=\"1764\">\u0130plik Hassasiyeti:<\/strong> El dokumas\u0131 ve do\u011fal ipliklerden olu\u015fan kilimler y\u0131kamada \u00e7ekme veya renk atma riski ta\u015f\u0131r.<\/li>\n<li data-start=\"1861\" data-end=\"1967\"><strong data-start=\"1861\" data-end=\"1878\">Desen Koruma:<\/strong> Kilimin en \u00f6nemli \u00f6zelliklerinden olan desen b\u00fct\u00fcnl\u00fc\u011f\u00fc, yanl\u0131\u015f y\u0131kama ile bozulabilir.<\/li>\n<li data-start=\"1970\" data-end=\"2060\"><strong data-start=\"1970\" data-end=\"1991\">Kenar K\u0131vr\u0131lmas\u0131:<\/strong> Dengesiz \u0131slatma ve kurutma sonras\u0131 kenar deformasyonu olu\u015fabilir.<\/li>\n<li data-start=\"2063\" data-end=\"2131\"><strong data-start=\"2063\" data-end=\"2083\">Ke\u00e7ele\u015fme Riski:<\/strong> Yanl\u0131\u015f s\u0131cakl\u0131kta y\u0131kama, kilim y\u00fczeyini bozar.<\/li>\n<\/ul>\n\t\t<\/div>\n\t\t[\/vc_column][\/vc_row][vc_row][vc_column]\n\t\t<div id=\"wd-682cc4af5ed8c\" class=\"title-wrapper wd-wpb wd-set-mb reset-last-child  wd-rs-682cc4af5ed8c wd-title-color-default wd-title-style-default text-left  wd-underline-colored\">\n\t\t\t\n\t\t\t<div class=\"liner-continer\">\n\t\t\t\t<h4 class=\"woodmart-title-container title  wd-font-weight- wd-fontsize-l\" >Kilim Y\u0131kama S\u00fcreci Nas\u0131l Olmal\u0131?<\/h4>\n\t\t\t\t\t\t\t<\/div>\n\t\t\t\n\t\t\t\n\t\t\t\n\t\t<\/div>\n\t\t\n\t\t\t\t<div id=\"wd-684b40e752865\" class=\"wd-text-block wd-wpb reset-last-child wd-rs-684b40e752865 text-left \">\n\t\t\t<p data-start=\"2177\" data-end=\"2256\"><strong data-start=\"928\" data-end=\"959\">Malta Hal\u0131 Y\u0131kama ve Koltuk Y\u0131kama Fabrikas\u0131<\/strong> olarak kilimlerinizi \u015fu \u00f6zel i\u015flem ad\u0131mlar\u0131 ile temizliyoruz:<\/p>\n<ol data-start=\"2258\" data-end=\"2927\">\n<li data-start=\"2258\" data-end=\"2348\">\n<p data-start=\"2261\" data-end=\"2348\"><strong data-start=\"2261\" data-end=\"2276\">\u00d6n Kontrol:<\/strong> Kilimin ya\u015f\u0131, dokuma tipi, iplik yap\u0131s\u0131 ve leke durumu analiz edilir.<\/p>\n<\/li>\n<li data-start=\"2349\" data-end=\"2438\">\n<p data-start=\"2352\" data-end=\"2438\"><strong data-start=\"2352\" data-end=\"2365\">Toz Alma:<\/strong> Derin vakum cihazlar\u0131yla kilim y\u00fczeyinden tozlar ve kal\u0131nt\u0131lar al\u0131n\u0131r.<\/p>\n<\/li>\n<li data-start=\"2439\" data-end=\"2548\">\n<p data-start=\"2442\" data-end=\"2548\"><strong data-start=\"2442\" data-end=\"2461\">Leke Temizli\u011fi:<\/strong> Bitkisel i\u00e7erikli, do\u011fal liflere zarar vermeyen temizlik \u00fcr\u00fcnleriyle leke \u00e7\u0131kar\u0131l\u0131r.<\/p>\n<\/li>\n<li data-start=\"2549\" data-end=\"2667\">\n<p data-start=\"2552\" data-end=\"2667\"><strong data-start=\"2552\" data-end=\"2585\">Elle Y\u0131kama \/ \u00d6zel Makineler:<\/strong> Yumu\u015fak f\u0131r\u00e7alama teknikleri ya da d\u00fc\u015f\u00fck devirli makinelerle temizlik sa\u011flan\u0131r.<\/p>\n<\/li>\n<li data-start=\"2668\" data-end=\"2753\">\n<p data-start=\"2671\" data-end=\"2753\"><strong data-start=\"2671\" data-end=\"2684\">Durulama:<\/strong> Kilim bol su ile durulanarak deterjan kal\u0131nt\u0131lar\u0131ndan ar\u0131nd\u0131r\u0131l\u0131r.<\/p>\n<\/li>\n<li data-start=\"2754\" data-end=\"2840\">\n<p data-start=\"2757\" data-end=\"2840\"><strong data-start=\"2757\" data-end=\"2775\">G\u00f6lge Kurutma:<\/strong> Renk solmamas\u0131 ve deformasyon olmamas\u0131 i\u00e7in g\u00f6lgede kurutulur.<\/p>\n<\/li>\n<li data-start=\"2841\" data-end=\"2927\">\n<p data-start=\"2844\" data-end=\"2927\"><strong data-start=\"2844\" data-end=\"2867\">Kontrol &amp; Teslimat:<\/strong> Son kontrol sonras\u0131 \u00f6zel ambalajla m\u00fc\u015fteriye teslim edilir.<\/p>\n<\/li>\n<\/ol>\n\t\t<\/div>\n\t\t[\/vc_column][\/vc_row][vc_row][vc_column]\n\t\t<div id=\"wd-684b40f072a1b\" class=\"title-wrapper wd-wpb wd-set-mb reset-last-child  wd-rs-684b40f072a1b wd-title-color-default wd-title-style-default text-left  wd-underline-colored\">\n\t\t\t\n\t\t\t<div class=\"liner-continer\">\n\t\t\t\t<h4 class=\"woodmart-title-container title  wd-font-weight- wd-fontsize-l\" >Malta Hal\u0131 Y\u0131kama ve Koltuk Y\u0131kama Fabrikas\u0131 ile Kilimleriniz Emin Ellerde<\/h4>\n\t\t\t\t\t\t\t<\/div>\n\t\t\t\n\t\t\t\n\t\t\t\n\t\t<\/div>\n\t\t\n\t\t\t\t<div id=\"wd-682cc4c10f2ed\" class=\"wd-text-block wd-wpb reset-last-child wd-rs-682cc4c10f2ed text-left \">\n\t\t\t<p data-start=\"3009\" data-end=\"3143\">\u2705 El dokumas\u0131na \u00f6zel y\u0131kama plan\u0131<br data-start=\"3017\" data-end=\"3020\" \/>\u2705 Renk ve motif koruma garantisi<br data-start=\"3052\" data-end=\"3055\" \/>\u2705 G\u00f6lge kurutma ile doku ve \u00f6l\u00e7\u00fc sabitli\u011fi<br data-start=\"3097\" data-end=\"3100\" \/>\u2705 \u0130zmit ve \u00e7evresinde adresten al\u0131m \u2013 teslimat<br data-start=\"3146\" data-end=\"3149\" \/>\u2705 %100 memnuniyet garantili hizmet<\/p>\n\t\t<\/div>\n\t\t[\/vc_column][\/vc_row][vc_row][vc_column]\n\t\t<div id=\"wd-682cc4c9736b6\" class=\"title-wrapper wd-wpb wd-set-mb reset-last-child  wd-rs-682cc4c9736b6 wd-title-color-default wd-title-style-default text-left  wd-underline-colored\">\n\t\t\t\n\t\t\t<div class=\"liner-continer\">\n\t\t\t\t<h4 class=\"woodmart-title-container title  wd-font-weight- wd-fontsize-l\" >Kilim Y\u0131kama Fiyatlar\u0131<\/h4>\n\t\t\t\t\t\t\t<\/div>\n\t\t\t\n\t\t\t\n\t\t\t\n\t\t<\/div>\n\t\t\n\t\t\t\t<div id=\"wd-684b40f86ec83\" class=\"wd-text-block wd-wpb reset-last-child wd-rs-684b40f86ec83 text-left \">\n\t\t\t<p data-start=\"3218\" data-end=\"3326\">Fiyatland\u0131rma; kilimin metrekaresi, dokuma tipi (el\/makine), iplik t\u00fcr\u00fc ve leke yo\u011funlu\u011funa g\u00f6re belirlenir.<\/p>\n<p data-start=\"3328\" data-end=\"3455\">???? <strong data-start=\"3331\" data-end=\"3364\">Ba\u015flang\u0131\u00e7 fiyat\u0131: 100 TL \/ m\u00b2<\/strong><br data-start=\"3364\" data-end=\"3367\" \/>???? Minimum servis bedelimiz: 500 TL<br data-start=\"3402\" data-end=\"3405\" \/>???? Toplu y\u0131kamalarda \u00f6zel fiyat avantaj\u0131 sa\u011flan\u0131r.<\/p>\n\t\t<\/div>\n\t\t[\/vc_column][\/vc_row][vc_row][vc_column]\n\t\t<div id=\"wd-682cc4d57e867\" class=\"title-wrapper wd-wpb wd-set-mb reset-last-child  wd-rs-682cc4d57e867 wd-title-color-default wd-title-style-default text-left  wd-underline-colored\">\n\t\t\t\n\t\t\t<div class=\"liner-continer\">\n\t\t\t\t<h4 class=\"woodmart-title-container title  wd-font-weight- wd-fontsize-l\" >Kilim Y\u0131kama Hakk\u0131nda S\u0131k Sorulan Sorular<\/h4>\n\t\t\t\t\t\t\t<\/div>\n\t\t\t\n\t\t\t\n\t\t\t\n\t\t<\/div>\n\t\t\n\t\t\t\t<div id=\"wd-682cc4dc01522\" class=\"wd-text-block wd-wpb reset-last-child wd-rs-682cc4dc01522 text-left \">\n\t\t\t<p data-start=\"3502\" data-end=\"3651\"><strong data-start=\"3502\" data-end=\"3535\">Kilimler evde y\u0131kanabilir mi?<\/strong><br data-start=\"3535\" data-end=\"3538\" \/>Hay\u0131r. Y\u00fcn ve do\u011fal lifli kilimlerde evdeki deterjan ve su kontrol\u00fc renk kayb\u0131 ve \u015fekil bozulmas\u0131na yol a\u00e7abilir.<\/p>\n<p data-start=\"3653\" data-end=\"3771\"><strong data-start=\"3653\" data-end=\"3693\">Y\u0131kama sonras\u0131 kilim \u00e7ekme yapar m\u0131?<\/strong><br data-start=\"3693\" data-end=\"3696\" \/>Profesyonel y\u00f6ntemle y\u0131kand\u0131\u011f\u0131nda \u00f6l\u00e7\u00fc de\u011fi\u015fmez. Biz \u00f6l\u00e7\u00fc ve formu koruruz.<\/p>\n<p data-start=\"3773\" data-end=\"3859\"><strong data-start=\"3773\" data-end=\"3800\">Kuruma s\u00fcresi ne kadar?<\/strong><br data-start=\"3800\" data-end=\"3803\" \/>Havan\u0131n nemine ba\u011fl\u0131 olarak 24\u201348 saat aras\u0131nda de\u011fi\u015fir.<\/p>\n\t\t<\/div>\n\t\t[\/vc_column][\/vc_row][vc_row][vc_column]\n\t\t<div id=\"wd-684b411dbb95f\" class=\"title-wrapper wd-wpb wd-set-mb reset-last-child  wd-rs-684b411dbb95f wd-title-color-default wd-title-style-default text-left  wd-underline-colored\">\n\t\t\t\n\t\t\t<div class=\"liner-continer\">\n\t\t\t\t<h4 class=\"woodmart-title-container title  wd-font-weight- wd-fontsize-l\" >Kocaeli Kilim \u00d6zel Y\u0131kama Hizmetinde G\u00fcvenilir Adres: Malta Hal\u0131 Y\u0131kama ve Koltuk Y\u0131kama Fabrikas\u0131<\/h4>\n\t\t\t\t\t\t\t<\/div>\n\t\t\t\n\t\t\t\n\t\t\t\n\t\t<\/div>\n\t\t\n\t\t\t\t<div id=\"wd-684b4132183c3\" class=\"wd-text-block wd-wpb reset-last-child wd-rs-684b4132183c3 text-left \">\n\t\t\t<p data-start=\"3934\" data-end=\"4151\">Anadolu\u2019nun miras\u0131 olan el dokuma kilimlerinizi g\u00fcvenle temizletmek istiyorsan\u0131z, do\u011fru adrestesiniz.<br data-start=\"4035\" data-end=\"4038\" \/><strong data-start=\"928\" data-end=\"959\">Malta Hal\u0131 Y\u0131kama ve Koltuk Y\u0131kama Fabrikas\u0131<\/strong>, kilimlerinizin hem dokusunu hem de desenlerini koruyarak ilk g\u00fcnk\u00fc gibi temiz teslim eder.<\/p>\n<p data-start=\"4153\" data-end=\"4287\">???? <strong data-start=\"4156\" data-end=\"4169\">\u0130leti\u015fim:<\/strong> +90 (262) 322 25 82<br data-start=\"4189\" data-end=\"4192\" \/>???? <strong data-start=\"4195\" data-end=\"4216\">Hizmet B\u00f6lgeleri:<\/strong> \u0130zmit, Yahyakaptan, Umuttepe, Derince, K\u00f6rfez, Ye\u015filova ve t\u00fcm Kocaeli<\/p>\n\t\t<\/div>\n\t\t[\/vc_column][\/vc_row][\/vc_section]<\/p>\n<\/div>","protected":false},"excerpt":{"rendered":"<p>[vc_section woodmart_css_id=&#8221;68582542e221c&#8221; responsive_spacing=&#8221;eyJwYXJhbV90eXBlIjoid29vZG1hcnRfcmVzcG9uc2l2ZV9zcGFjaW5nIiwic2VsZWN0b3JfaWQiOiI2ODU4MjU0MmUyMjFjIiwic2hvcnRjb2RlIjoidmNfc2VjdGlvbiIsImRhdGEiOnsidGFibGV0Ijp7fSwibW9iaWxlIjp7fX19&#8243; mobile_bg_img_hidden=&#8221;no&#8221; tablet_bg_img_hidden=&#8221;no&#8221; woodmart_parallax=&#8221;0&#8243; woodmart_gradient_switch=&#8221;no&#8221; woodmart_box_shadow=&#8221;no&#8221; wd_z_index=&#8221;no&#8221; woodmart_disable_overflow=&#8221;0&#8243;][vc_row woodmart_css_id=&#8221;6858253e4294a&#8221; responsive_spacing=&#8221;eyJwYXJhbV90eXBlIjoid29vZG1hcnRfcmVzcG9uc2l2ZV9zcGFjaW5nIiwic2VsZWN0b3JfaWQiOiI2ODU4MjUzZTQyOTRhIiwic2hvcnRjb2RlIjoidmNfcm93IiwiZGF0YSI6eyJ0YWJsZXQiOnt9LCJtb2JpbGUiOnt9fX0=&#8221; mobile_bg_img_hidden=&#8221;no&#8221; tablet_bg_img_hidden=&#8221;no&#8221; woodmart_parallax=&#8221;0&#8243; woodmart_gradient_switch=&#8221;no&#8221; woodmart_box_shadow=&#8221;no&#8221; wd_z_index=&#8221;no&#8221; woodmart_disable_overflow=&#8221;0&#8243; row_reverse_mobile=&#8221;0&#8243;<\/p>\n","protected":false},"author":1,"featured_media":0,"parent":10131,"menu_order":0,"comment_status":"closed","ping_status":"closed","template":"","meta":{"footnotes":""},"class_list":["post-10176","page","type-page","status-publish","hentry"],"_links":{"self":[{"href":"https:\/\/www.maltahaliyikama.com\/index.php\/wp-json\/wp\/v2\/pages\/10176","targetHints":{"allow":["GET"]}}],"collection":[{"href":"https:\/\/www.maltahaliyikama.com\/index.php\/wp-json\/wp\/v2\/pages"}],"about":[{"href":"https:\/\/www.maltahaliyikama.com\/index.php\/wp-json\/wp\/v2\/types\/page"}],"author":[{"embeddable":true,"href":"https:\/\/www.maltahaliyikama.com\/index.php\/wp-json\/wp\/v2\/users\/1"}],"replies":[{"embeddable":true,"href":"https:\/\/www.maltahaliyikama.com\/index.php\/wp-json\/wp\/v2\/comments?post=10176"}],"version-history":[{"count":6,"href":"https:\/\/www.maltahaliyikama.com\/index.php\/wp-json\/wp\/v2\/pages\/10176\/revisions"}],"predecessor-version":[{"id":10429,"href":"https:\/\/www.maltahaliyikama.com\/index.php\/wp-json\/wp\/v2\/pages\/10176\/revisions\/10429"}],"up":[{"embeddable":true,"href":"https:\/\/www.maltahaliyikama.com\/index.php\/wp-json\/wp\/v2\/pages\/10131"}],"wp:attachment":[{"href":"https:\/\/www.maltahaliyikama.com\/index.php\/wp-json\/wp\/v2\/media?parent=10176"}],"curies":[{"name":"wp","href":"https:\/\/api.w.org\/{rel}","templated":true}]}}