{"id":10180,"date":"2025-05-30T02:56:00","date_gmt":"2025-05-29T23:56:00","guid":{"rendered":"https:\/\/www.maltahaliyikama.com\/?page_id=10180"},"modified":"2025-06-22T18:41:47","modified_gmt":"2025-06-22T15:41:47","slug":"makine-halisi-yikama","status":"publish","type":"page","link":"https:\/\/www.maltahaliyikama.com\/index.php\/hizmetlerimiz\/makine-halisi-yikama\/","title":{"rendered":"Makine Hal\u0131s\u0131 Y\u0131kama"},"content":{"rendered":"<div class=\"wpb-content-wrapper\"><p>[vc_section woodmart_css_id=&#8221;684b17bba877b&#8221; responsive_spacing=&#8221;eyJwYXJhbV90eXBlIjoid29vZG1hcnRfcmVzcG9uc2l2ZV9zcGFjaW5nIiwic2VsZWN0b3JfaWQiOiI2ODRiMTdiYmE4NzdiIiwic2hvcnRjb2RlIjoidmNfc2VjdGlvbiIsImRhdGEiOnsidGFibGV0Ijp7fSwibW9iaWxlIjp7fX19&#8243; mobile_bg_img_hidden=&#8221;no&#8221; tablet_bg_img_hidden=&#8221;no&#8221; woodmart_parallax=&#8221;0&#8243; woodmart_gradient_switch=&#8221;no&#8221; woodmart_box_shadow=&#8221;no&#8221; wd_z_index=&#8221;no&#8221; woodmart_disable_overflow=&#8221;0&#8243;][vc_row woodmart_css_id=&#8221;685824376ad67&#8243; responsive_spacing=&#8221;eyJwYXJhbV90eXBlIjoid29vZG1hcnRfcmVzcG9uc2l2ZV9zcGFjaW5nIiwic2VsZWN0b3JfaWQiOiI2ODU4MjQzNzZhZDY3Iiwic2hvcnRjb2RlIjoidmNfcm93IiwiZGF0YSI6eyJ0YWJsZXQiOnt9LCJtb2JpbGUiOnt9fX0=&#8221; mobile_bg_img_hidden=&#8221;no&#8221; tablet_bg_img_hidden=&#8221;no&#8221; woodmart_parallax=&#8221;0&#8243; woodmart_gradient_switch=&#8221;no&#8221; woodmart_box_shadow=&#8221;no&#8221; wd_z_index=&#8221;no&#8221; woodmart_disable_overflow=&#8221;0&#8243; row_reverse_mobile=&#8221;0&#8243; row_reverse_tablet=&#8221;0&#8243;][vc_column width=&#8221;1\/2&#8243;]\n\t\t<div id=\"wd-684b17e4b4a79\" class=\"title-wrapper wd-wpb wd-set-mb reset-last-child  wd-rs-684b17e4b4a79 wd-title-color-default wd-title-style-default text-left  wd-underline-colored\">\n\t\t\t\t\t\t\t\n\t\t\t\t<div class=\"title-subtitle  subtitle-color-default font-alt subtitle-style-default wd-font-weight- wd-fontsize-xs\">Malta Hal\u0131 Y\u0131kama ve Koltuk Y\u0131kama Fabrikas\u0131<\/div>\n\t\t\t\n\t\t\t<div class=\"liner-continer\">\n\t\t\t\t<h4 class=\"woodmart-title-container title  wd-font-weight- wd-fontsize-l\" >Profesyonel Makine Hal\u0131s\u0131 Y\u0131kama Hizmeti<\/h4>\n\t\t\t\t\t\t\t<\/div>\n\t\t\t\n\t\t\t\n\t\t\t\n\t\t<\/div>\n\t\t\n\t\t\t\t<div id=\"wd-684b17f973580\" class=\"wd-text-block wd-wpb reset-last-child wd-rs-684b17f973580 text-left \">\n\t\t\t<p data-start=\"443\" data-end=\"952\">Kocaeli ve \u00e7evresinde hal\u0131 y\u0131kama denince akla gelen ilk isimlerden biri olan <strong data-start=\"521\" data-end=\"539\">Malta Hal\u0131 Y\u0131kama<\/strong>, \u00f6zellikle <strong data-start=\"551\" data-end=\"575\">makine hal\u0131s\u0131 y\u0131kama<\/strong> konusunda sundu\u011fu profesyonel \u00e7\u00f6z\u00fcmlerle \u00f6ne \u00e7\u0131kmaktad\u0131r. Modern teknolojiye sahip tam otomatik y\u0131kama makineleri, deneyimli personel kadrosu ve m\u00fc\u015fteri memnuniyeti odakl\u0131 hizmet anlay\u0131\u015f\u0131 ile Malta Hal\u0131 Y\u0131kama, <strong data-start=\"787\" data-end=\"796\">\u0130zmit<\/strong>, <strong data-start=\"798\" data-end=\"813\">Yahyakaptan<\/strong>, <strong data-start=\"815\" data-end=\"827\">Umuttepe<\/strong>, <strong data-start=\"829\" data-end=\"839\">K\u00f6rfez<\/strong>, <strong data-start=\"841\" data-end=\"852\">Derince<\/strong> ve <strong data-start=\"856\" data-end=\"868\">Ye\u015filova<\/strong> gibi pek \u00e7ok b\u00f6lgede hal\u0131 y\u0131kama ihtiya\u00e7lar\u0131n\u0131 en y\u00fcksek kaliteyle kar\u015f\u0131lamaktad\u0131r.<\/p>\n<h3 data-start=\"954\" data-end=\"982\"><\/h3>\n\t\t<\/div>\n\t\t[\/vc_column][vc_column width=&#8221;1\/2&#8243;]\t\t<div id=\"wd-6838f3fa457fa\" class=\"wd-image wd-wpb wd-rs-6838f3fa457fa text-right \">\n\t\t\t\n\t\t\t<img loading=\"lazy\" decoding=\"async\" width=\"370\" height=\"300\" src=\"https:\/\/www.maltahaliyikama.com\/wp-content\/uploads\/2025\/05\/Makine-Halisi-Yikama-Hizmeti-Kocaeli-Izmit-Korfez-Malta-Yesilova-Umuttepe-Malta-Hali-Yikamada.png\" class=\"attachment-medium size-medium\" alt=\"Makine Hal\u0131s\u0131 Y\u0131kama Hizmeti Kocaeli \u0130zmit K\u00f6rfez Malta Ye\u015filova Umuttepe Malta Hal\u0131 Y\u0131kama&#039;da!\" \/>\n\t\t\t\t\t<\/div>\n\t\t[\/vc_column][\/vc_row][vc_row][vc_column]\n\t\t<div id=\"wd-682c66ceec32e\" class=\"title-wrapper wd-wpb wd-set-mb reset-last-child  wd-rs-682c66ceec32e wd-title-color-default wd-title-style-default text-left  wd-underline-colored\">\n\t\t\t\n\t\t\t<div class=\"liner-continer\">\n\t\t\t\t<h4 class=\"woodmart-title-container title  wd-font-weight- wd-fontsize-l\" >Makine Hal\u0131s\u0131 Nedir?<\/h4>\n\t\t\t\t\t\t\t<\/div>\n\t\t\t\n\t\t\t\n\t\t\t\n\t\t<\/div>\n\t\t\n\t\t\t\t<div id=\"wd-684b181b75e7e\" class=\"wd-text-block wd-wpb reset-last-child wd-rs-684b181b75e7e text-left \">\n\t\t\t<p data-start=\"984\" data-end=\"1435\">Makine hal\u0131lar\u0131, ad\u0131ndan da anla\u015f\u0131laca\u011f\u0131 gibi fabrikasyon olarak, y\u00fcksek \u00fcretim kapasitesine sahip makineler arac\u0131l\u0131\u011f\u0131yla dokunan hal\u0131lard\u0131r. El dokumas\u0131 hal\u0131lardan farkl\u0131 olarak, daha h\u0131zl\u0131 ve standart \u00f6l\u00e7\u00fclerde \u00fcretilirler. Ortalama bir makine hal\u0131s\u0131 fabrikas\u0131nda 8 saatlik bir vardiyada 1000 metrekareye kadar hal\u0131 \u00fcretilebilir. Genellikle 3 ila 8 renkten olu\u015fan desenler kullan\u0131l\u0131r ve d\u00fc\u011f\u00fcm tekni\u011fi yerine otomatik dokuma teknikleri tercih edilir.<\/p>\n<p data-start=\"1437\" data-end=\"1797\">Bu t\u00fcr hal\u0131lar, yayg\u0131n kullan\u0131m\u0131 ve uygun fiyatlar\u0131 sayesinde evlerden i\u015f yerlerine kadar pek \u00e7ok ya\u015fam alan\u0131nda tercih edilmektedir. Ancak bu yayg\u0131n kullan\u0131m, d\u00fczenli ve profesyonel temizlik ihtiyac\u0131n\u0131 da beraberinde getirir. Malta Hal\u0131 Y\u0131kama olarak, <strong data-start=\"1687\" data-end=\"1719\">Kocaeli makine hal\u0131s\u0131 y\u0131kama<\/strong> hizmetimizde her hal\u0131 t\u00fcr\u00fcne \u00f6zel temizlik uygulamalar\u0131 ile hizmet veriyoruz.<\/p>\n\t\t<\/div>\n\t\t[\/vc_column][\/vc_row][vc_row][vc_column]\n\t\t<div id=\"wd-684b459723a9c\" class=\"title-wrapper wd-wpb wd-set-mb reset-last-child  wd-rs-684b459723a9c wd-title-color-default wd-title-style-default text-left  wd-underline-colored\">\n\t\t\t\n\t\t\t<div class=\"liner-continer\">\n\t\t\t\t<h4 class=\"woodmart-title-container title  wd-font-weight- wd-fontsize-l\" >\u00d6zel Temizlik \u0130\u00e7in Malta Hal\u0131 Y\u0131kama<\/h4>\n\t\t\t\t\t\t\t<\/div>\n\t\t\t\n\t\t\t\n\t\t\t\n\t\t<\/div>\n\t\t\n\t\t\t\t<div id=\"wd-683963f3de7ea\" class=\"wd-text-block wd-wpb reset-last-child wd-rs-683963f3de7ea text-left \">\n\t\t\t<p data-start=\"1854\" data-end=\"2151\">Makine hal\u0131lar\u0131, dayan\u0131kl\u0131 yap\u0131lar\u0131 sayesinde otomatik sistemlerde y\u0131kanmaya uygundur. Ancak do\u011fru y\u0131kama teknikleri ve malzemeler kullan\u0131lmad\u0131\u011f\u0131 takdirde renk solmas\u0131, deformasyon veya k\u00f6t\u00fc koku gibi problemler ya\u015fanabilir. Malta Hal\u0131 Y\u0131kama olarak her hal\u0131ya \u00f6zel temizlik protokol\u00fc uyguluyoruz.<\/p>\n<p data-start=\"2153\" data-end=\"2192\"><strong data-start=\"2153\" data-end=\"2192\">Y\u0131kama s\u00fcreci \u015fu ad\u0131mlardan olu\u015fur:<\/strong><\/p>\n<ol data-start=\"2193\" data-end=\"2922\">\n<li data-start=\"2193\" data-end=\"2276\">\n<p data-start=\"2196\" data-end=\"2276\"><strong data-start=\"2196\" data-end=\"2212\">\u00d6n inceleme:<\/strong> Hal\u0131 t\u00fcr\u00fc, leke durumu ve genel kirlilik d\u00fczeyi kontrol edilir.<\/p>\n<\/li>\n<li data-start=\"2277\" data-end=\"2387\">\n<p data-start=\"2280\" data-end=\"2387\"><strong data-start=\"2280\" data-end=\"2293\">Toz alma:<\/strong> Hal\u0131n\u0131n y\u00fczey ve taban k\u0131sm\u0131ndaki kaba tozlar profesyonel vakumlama makineleriyle temizlenir.<\/p>\n<\/li>\n<li data-start=\"2388\" data-end=\"2486\">\n<p data-start=\"2391\" data-end=\"2486\"><strong data-start=\"2391\" data-end=\"2406\">Leke \u00e7\u00f6zme:<\/strong> Gerekli g\u00f6r\u00fclen durumlarda bitkisel bazl\u0131 leke \u00e7\u00f6z\u00fcc\u00fclerle \u00f6n m\u00fcdahale yap\u0131l\u0131r.<\/p>\n<\/li>\n<li data-start=\"2487\" data-end=\"2602\">\n<p data-start=\"2490\" data-end=\"2602\"><strong data-start=\"2490\" data-end=\"2510\">Otomatik y\u0131kama:<\/strong> Tam otomatik f\u0131r\u00e7al\u0131 makinelerde, \u00f6zel hal\u0131 \u015fampuanlar\u0131 ile y\u0131kama i\u015flemi ger\u00e7ekle\u015ftirilir.<\/p>\n<\/li>\n<li data-start=\"2603\" data-end=\"2717\">\n<p data-start=\"2606\" data-end=\"2717\"><strong data-start=\"2606\" data-end=\"2628\">Durulama ve s\u0131kma:<\/strong> Hal\u0131 tamamen durulan\u0131r ve y\u00fcksek devirli s\u0131kma makinelerinde suyunun b\u00fcy\u00fck k\u0131sm\u0131 al\u0131n\u0131r.<\/p>\n<\/li>\n<li data-start=\"2718\" data-end=\"2810\">\n<p data-start=\"2721\" data-end=\"2810\"><strong data-start=\"2721\" data-end=\"2734\">Kurulama:<\/strong> Hal\u0131lar, hijyenik kurutma odalar\u0131nda g\u00fcne\u015f g\u00f6rmeden, toz almadan kurutulur.<\/p>\n<\/li>\n<li data-start=\"2811\" data-end=\"2922\">\n<p data-start=\"2814\" data-end=\"2922\"><strong data-start=\"2814\" data-end=\"2845\">Kalite kontrol ve teslimat:<\/strong> Kuruyan hal\u0131lar son kez kontrol edilip paketlenerek m\u00fc\u015fteriye teslim edilir.<\/p>\n<\/li>\n<\/ol>\n\t\t<\/div>\n\t\t[\/vc_column][\/vc_row][vc_row][vc_column]\n\t\t<div id=\"wd-684b1883064d9\" class=\"title-wrapper wd-wpb wd-set-mb reset-last-child  wd-rs-684b1883064d9 wd-title-color-default wd-title-style-default text-left  wd-underline-colored\">\n\t\t\t\n\t\t\t<div class=\"liner-continer\">\n\t\t\t\t<h4 class=\"woodmart-title-container title  wd-font-weight- wd-fontsize-l\" >Neden Malta Hal\u0131 Y\u0131kama ile Makine Hal\u0131s\u0131 Y\u0131katmal\u0131s\u0131n\u0131z?<\/h4>\n\t\t\t\t\t\t\t<\/div>\n\t\t\t\n\t\t\t\n\t\t\t\n\t\t<\/div>\n\t\t\n\t\t\t\t<div id=\"wd-684b189d24f6e\" class=\"wd-text-block wd-wpb reset-last-child wd-rs-684b189d24f6e text-left \">\n\t\t\t<p data-start=\"2993\" data-end=\"3411\">Malta Hal\u0131 Y\u0131kama olarak sadece hal\u0131lar\u0131 y\u0131kam\u0131yor, onlar\u0131 adeta yeniliyoruz. <strong data-start=\"3068\" data-end=\"3098\">\u0130zmit makine hal\u0131s\u0131 y\u0131kama<\/strong> hizmetlerimizde hijyenik, etkili ve \u00e7evre dostu \u00fcr\u00fcnler kullanarak hal\u0131n\u0131z\u0131n \u00f6mr\u00fcn\u00fc uzatmay\u0131 hedefliyoruz. \u00d6zellikle <strong data-start=\"3216\" data-end=\"3231\">Yahyakaptan<\/strong>, <strong data-start=\"3233\" data-end=\"3243\">K\u00f6rfez<\/strong>, <strong data-start=\"3245\" data-end=\"3257\">Umuttepe<\/strong> ve <strong data-start=\"3261\" data-end=\"3273\">Ye\u015filova<\/strong> b\u00f6lgelerinde sundu\u011fumuz h\u0131zl\u0131 servis a\u011f\u0131m\u0131z sayesinde, hal\u0131lar\u0131n\u0131z\u0131 k\u0131sa s\u00fcrede adresinizden al\u0131p, en temiz \u015fekilde geri teslim ediyoruz.<\/p>\n<p data-start=\"3413\" data-end=\"3439\"><strong data-start=\"3413\" data-end=\"3439\">Sundu\u011fumuz avantajlar:<\/strong><\/p>\n<ul data-start=\"3440\" data-end=\"3679\">\n<li data-start=\"3440\" data-end=\"3487\">\n<p data-start=\"3442\" data-end=\"3487\">Tam otomatik makinelerde profesyonel temizlik<\/p>\n<\/li>\n<li data-start=\"3488\" data-end=\"3528\">\n<p data-start=\"3490\" data-end=\"3528\">Her hal\u0131 t\u00fcr\u00fcne \u00f6zel y\u0131kama teknikleri<\/p>\n<\/li>\n<li data-start=\"3529\" data-end=\"3572\">\n<p data-start=\"3531\" data-end=\"3572\">Bitkisel ve \u00e7evre dostu temizlik \u00fcr\u00fcnleri<\/p>\n<\/li>\n<li data-start=\"3573\" data-end=\"3601\">\n<p data-start=\"3575\" data-end=\"3601\">G\u00fcvenli kurutma sistemleri<\/p>\n<\/li>\n<li data-start=\"3602\" data-end=\"3642\">\n<p data-start=\"3604\" data-end=\"3642\">Adresten al\u0131m ve adrese teslim hizmeti<\/p>\n<\/li>\n<li data-start=\"3643\" data-end=\"3679\">\n<p data-start=\"3645\" data-end=\"3679\">%100 m\u00fc\u015fteri memnuniyeti garantisi<\/p>\n<\/li>\n<\/ul>\n\t\t<\/div>\n\t\t[\/vc_column][\/vc_row][vc_row][vc_column]\n\t\t<div id=\"wd-682c66da0c4bf\" class=\"title-wrapper wd-wpb wd-set-mb reset-last-child  wd-rs-682c66da0c4bf wd-title-color-default wd-title-style-default text-left  wd-underline-colored\">\n\t\t\t\n\t\t\t<div class=\"liner-continer\">\n\t\t\t\t<h4 class=\"woodmart-title-container title  wd-font-weight- wd-fontsize-l\" >Makine Hal\u0131s\u0131 Y\u0131kama Fiyatlar\u0131 Ne Kadar?<\/h4>\n\t\t\t\t\t\t\t<\/div>\n\t\t\t\n\t\t\t\n\t\t\t\n\t\t<\/div>\n\t\t\n\t\t\t\t<div id=\"wd-684b18b3ac638\" class=\"wd-text-block wd-wpb reset-last-child wd-rs-684b18b3ac638 text-left \">\n\t\t\t<p data-start=\"3736\" data-end=\"4001\"><strong data-start=\"3736\" data-end=\"3770\">Makine hal\u0131s\u0131 y\u0131kama fiyatlar\u0131<\/strong>, hal\u0131n\u0131n metrekaresi, leke durumu ve yo\u011funlu\u011funa g\u00f6re de\u011fi\u015fiklik g\u00f6stermektedir. Standart hizmetlerimizde metrekare ba\u015f\u0131na fiyatland\u0131rma yap\u0131lmakta olup, toplu al\u0131mlar ve d\u00fczenli m\u00fc\u015fterilerimiz i\u00e7in \u00f6zel kampanyalar sunulmaktad\u0131r.<\/p>\n<p data-start=\"4003\" data-end=\"4179\">???? <strong data-start=\"4006\" data-end=\"4046\">Minimum servis bedelimiz 500 TL&#8217;dir.<\/strong><br data-start=\"4046\" data-end=\"4049\" \/>???? Fiyatlar hakk\u0131nda detayl\u0131 bilgi almak i\u00e7in bizimle ileti\u015fime ge\u00e7ebilir veya web sitemizdeki fiyat listemizi inceleyebilirsiniz.<\/p>\n\t\t<\/div>\n\t\t[\/vc_column][\/vc_row][vc_row][vc_column]\n\t\t<div id=\"wd-682c66deb929c\" class=\"title-wrapper wd-wpb wd-set-mb reset-last-child  wd-rs-682c66deb929c wd-title-color-default wd-title-style-default text-left  wd-underline-colored\">\n\t\t\t\n\t\t\t<div class=\"liner-continer\">\n\t\t\t\t<h4 class=\"woodmart-title-container title  wd-font-weight- wd-fontsize-l\" >Makine Hal\u0131s\u0131 Y\u0131kama Hakk\u0131nda S\u0131k Sorulan Sorular<\/h4>\n\t\t\t\t\t\t\t<\/div>\n\t\t\t\n\t\t\t\n\t\t\t\n\t\t<\/div>\n\t\t\n\t\t\t\t<div id=\"wd-682c64177641f\" class=\"wd-text-block wd-wpb reset-last-child wd-rs-682c64177641f text-left \">\n\t\t\t<p data-start=\"4245\" data-end=\"4450\"><strong data-start=\"4245\" data-end=\"4285\">Makine hal\u0131lar\u0131 evde y\u0131kanabilir mi?<\/strong><br data-start=\"4285\" data-end=\"4288\" \/>Hay\u0131r, ev ortam\u0131nda yap\u0131lan temizlik y\u00fczeysel olur. Profesyonel makinelerle yap\u0131lan temizlik hal\u0131n\u0131n diplerindeki kir, bakteri ve alerjenleri de tamamen yok eder.<\/p>\n<p data-start=\"4452\" data-end=\"4582\"><strong data-start=\"4452\" data-end=\"4483\">Makine hal\u0131m renk verir mi?<\/strong><br data-start=\"4483\" data-end=\"4486\" \/>Kulland\u0131\u011f\u0131m\u0131z deterjanlar, hal\u0131n\u0131n rengini koruyan \u00f6zel form\u00fcller i\u00e7erir. Renk solmas\u0131 ya\u015fanmaz.<\/p>\n<p data-start=\"4584\" data-end=\"4732\"><strong data-start=\"4584\" data-end=\"4620\">Ne s\u0131kl\u0131kla hal\u0131m\u0131 y\u0131katmal\u0131y\u0131m?<\/strong><br data-start=\"4620\" data-end=\"4623\" \/>Yo\u011fun kullan\u0131lan ya\u015fam alanlar\u0131nda y\u0131lda 2 kez, daha az kullan\u0131lan yerlerde y\u0131lda 1 kez hal\u0131 y\u0131kama \u00f6nerilir.<\/p>\n\t\t<\/div>\n\t\t[\/vc_column][\/vc_row][vc_row][vc_column]\n\t\t<div id=\"wd-684b45a6b2ffa\" class=\"title-wrapper wd-wpb wd-set-mb reset-last-child  wd-rs-684b45a6b2ffa wd-title-color-default wd-title-style-default text-left  wd-underline-colored\">\n\t\t\t\n\t\t\t<div class=\"liner-continer\">\n\t\t\t\t<h4 class=\"woodmart-title-container title  wd-font-weight- wd-fontsize-l\" >Kocaeli Temizlik \u0130\u00e7in Malta Hal\u0131 Y\u0131kama<\/h4>\n\t\t\t\t\t\t\t<\/div>\n\t\t\t\n\t\t\t\n\t\t\t\n\t\t<\/div>\n\t\t\n\t\t\t\t<div id=\"wd-684b1a321ad03\" class=\"wd-text-block wd-wpb reset-last-child wd-rs-684b1a321ad03 text-left \">\n\t\t\t<p data-start=\"4795\" data-end=\"5036\">Kalitenin ve g\u00fcvenin adresi <strong data-start=\"4823\" data-end=\"4844\">Malta Hal\u0131 Y\u0131kama<\/strong>, <strong data-start=\"4846\" data-end=\"4878\">Kocaeli makine hal\u0131s\u0131 y\u0131kama<\/strong> hizmetinde lider markalardan biri olman\u0131n gururunu ya\u015famaktad\u0131r. H\u0131zl\u0131, ekonomik ve g\u00fcvenilir \u00e7\u00f6z\u00fcmlerimizden faydalanmak i\u00e7in hemen bizimle ileti\u015fime ge\u00e7in!<\/p>\n<p data-start=\"5038\" data-end=\"5169\">???? <strong data-start=\"5041\" data-end=\"5054\">\u0130leti\u015fim:<\/strong> +90 (262) 322 25 82<br data-start=\"5074\" data-end=\"5077\" \/>???? <strong data-start=\"5080\" data-end=\"5101\">Hizmet B\u00f6lgeleri:<\/strong> \u0130zmit, Yahyakaptan, K\u00f6rfez, Umuttepe, Derince, Ye\u015filova ve \u00e7evresi.<\/p>\n\t\t<\/div>\n\t\t[\/vc_column][\/vc_row][\/vc_section]<\/p>\n<\/div>","protected":false},"excerpt":{"rendered":"<p>[vc_section woodmart_css_id=&#8221;684b17bba877b&#8221; responsive_spacing=&#8221;eyJwYXJhbV90eXBlIjoid29vZG1hcnRfcmVzcG9uc2l2ZV9zcGFjaW5nIiwic2VsZWN0b3JfaWQiOiI2ODRiMTdiYmE4NzdiIiwic2hvcnRjb2RlIjoidmNfc2VjdGlvbiIsImRhdGEiOnsidGFibGV0Ijp7fSwibW9iaWxlIjp7fX19&#8243; mobile_bg_img_hidden=&#8221;no&#8221; tablet_bg_img_hidden=&#8221;no&#8221; woodmart_parallax=&#8221;0&#8243; woodmart_gradient_switch=&#8221;no&#8221; woodmart_box_shadow=&#8221;no&#8221; wd_z_index=&#8221;no&#8221; woodmart_disable_overflow=&#8221;0&#8243;][vc_row woodmart_css_id=&#8221;685824376ad67&#8243; responsive_spacing=&#8221;eyJwYXJhbV90eXBlIjoid29vZG1hcnRfcmVzcG9uc2l2ZV9zcGFjaW5nIiwic2VsZWN0b3JfaWQiOiI2ODU4MjQzNzZhZDY3Iiwic2hvcnRjb2RlIjoidmNfcm93IiwiZGF0YSI6eyJ0YWJsZXQiOnt9LCJtb2JpbGUiOnt9fX0=&#8221; mobile_bg_img_hidden=&#8221;no&#8221; tablet_bg_img_hidden=&#8221;no&#8221; woodmart_parallax=&#8221;0&#8243; woodmart_gradient_switch=&#8221;no&#8221; woodmart_box_shadow=&#8221;no&#8221; wd_z_index=&#8221;no&#8221; woodmart_disable_overflow=&#8221;0&#8243; row_reverse_mobile=&#8221;0&#8243;<\/p>\n","protected":false},"author":1,"featured_media":0,"parent":10131,"menu_order":0,"comment_status":"closed","ping_status":"closed","template":"","meta":{"footnotes":""},"class_list":["post-10180","page","type-page","status-publish","hentry"],"_links":{"self":[{"href":"https:\/\/www.maltahaliyikama.com\/index.php\/wp-json\/wp\/v2\/pages\/10180","targetHints":{"allow":["GET"]}}],"collection":[{"href":"https:\/\/www.maltahaliyikama.com\/index.php\/wp-json\/wp\/v2\/pages"}],"about":[{"href":"https:\/\/www.maltahaliyikama.com\/index.php\/wp-json\/wp\/v2\/types\/page"}],"author":[{"embeddable":true,"href":"https:\/\/www.maltahaliyikama.com\/index.php\/wp-json\/wp\/v2\/users\/1"}],"replies":[{"embeddable":true,"href":"https:\/\/www.maltahaliyikama.com\/index.php\/wp-json\/wp\/v2\/comments?post=10180"}],"version-history":[{"count":9,"href":"https:\/\/www.maltahaliyikama.com\/index.php\/wp-json\/wp\/v2\/pages\/10180\/revisions"}],"predecessor-version":[{"id":10410,"href":"https:\/\/www.maltahaliyikama.com\/index.php\/wp-json\/wp\/v2\/pages\/10180\/revisions\/10410"}],"up":[{"embeddable":true,"href":"https:\/\/www.maltahaliyikama.com\/index.php\/wp-json\/wp\/v2\/pages\/10131"}],"wp:attachment":[{"href":"https:\/\/www.maltahaliyikama.com\/index.php\/wp-json\/wp\/v2\/media?parent=10180"}],"curies":[{"name":"wp","href":"https:\/\/api.w.org\/{rel}","templated":true}]}}