{"id":10182,"date":"2025-05-30T02:57:04","date_gmt":"2025-05-29T23:57:04","guid":{"rendered":"https:\/\/www.maltahaliyikama.com\/?page_id=10182"},"modified":"2025-06-22T18:42:22","modified_gmt":"2025-06-22T15:42:22","slug":"nepal-hali-yikama","status":"publish","type":"page","link":"https:\/\/www.maltahaliyikama.com\/index.php\/hizmetlerimiz\/nepal-hali-yikama\/","title":{"rendered":"Nepal Hal\u0131 Y\u0131kama"},"content":{"rendered":"<div class=\"wpb-content-wrapper\"><p>[vc_section][vc_row woodmart_css_id=&#8221;6858245a226ab&#8221; responsive_spacing=&#8221;eyJwYXJhbV90eXBlIjoid29vZG1hcnRfcmVzcG9uc2l2ZV9zcGFjaW5nIiwic2VsZWN0b3JfaWQiOiI2ODU4MjQ1YTIyNmFiIiwic2hvcnRjb2RlIjoidmNfcm93IiwiZGF0YSI6eyJ0YWJsZXQiOnt9LCJtb2JpbGUiOnt9fX0=&#8221; mobile_bg_img_hidden=&#8221;no&#8221; tablet_bg_img_hidden=&#8221;no&#8221; woodmart_parallax=&#8221;0&#8243; woodmart_gradient_switch=&#8221;no&#8221; woodmart_box_shadow=&#8221;no&#8221; wd_z_index=&#8221;no&#8221; woodmart_disable_overflow=&#8221;0&#8243; row_reverse_mobile=&#8221;0&#8243; row_reverse_tablet=&#8221;0&#8243;][vc_column width=&#8221;1\/2&#8243;]\n\t\t<div id=\"wd-684b2133d6646\" class=\"title-wrapper wd-wpb wd-set-mb reset-last-child  wd-rs-684b2133d6646 wd-title-color-default wd-title-style-default text-left  wd-underline-colored\">\n\t\t\t\t\t\t\t\n\t\t\t\t<div class=\"title-subtitle  subtitle-color-default font-alt subtitle-style-default wd-font-weight- wd-fontsize-xs\">Malta Hal\u0131 Y\u0131kama ve Koltuk Y\u0131kama Fabrikas\u0131 ile Hassas ve \u00d6zel Hal\u0131lara \u00d6zenli Temizlik<\/div>\n\t\t\t\n\t\t\t<div class=\"liner-continer\">\n\t\t\t\t<h4 class=\"woodmart-title-container title  wd-font-weight- wd-fontsize-l\" >Nepal Hal\u0131 Y\u0131kama<\/h4>\n\t\t\t\t\t\t\t<\/div>\n\t\t\t\n\t\t\t\n\t\t\t\n\t\t<\/div>\n\t\t\n\t\t\t\t<div id=\"wd-684b216328cbb\" class=\"wd-text-block wd-wpb reset-last-child wd-rs-684b216328cbb text-left \">\n\t\t\t<p data-start=\"425\" data-end=\"943\"><strong data-start=\"425\" data-end=\"443\">Nepal hal\u0131lar\u0131<\/strong>, zarif dokular\u0131, pastel tonlar\u0131 ve modern \u00e7izgileriyle g\u00fcn\u00fcm\u00fczde bir\u00e7ok ev ve ofis ortam\u0131nda tercih edilen \u00f6zel hal\u0131 t\u00fcrlerinden biridir. G\u00f6rsel esteti\u011fiyle dikkat \u00e7eken bu hal\u0131lar, ayn\u0131 zamanda narin yap\u0131lar\u0131 nedeniyle temizlik esnas\u0131nda \u00f6zel bak\u0131m gerektirir. Di\u011fer hal\u0131 t\u00fcrlerine g\u00f6re daha hassas olan Nepal hal\u0131lar\u0131, yanl\u0131\u015f uygulanan y\u0131kama teknikleri nedeniyle kolayca zarar g\u00f6rebilir. Bu nedenle <strong data-start=\"846\" data-end=\"867\">Nepal hal\u0131 y\u0131kama<\/strong>, yaln\u0131zca uzmanl\u0131k gerektiren profesyonel firmalar taraf\u0131ndan yap\u0131lmal\u0131d\u0131r.<\/p>\n<p data-start=\"945\" data-end=\"1262\"><strong data-start=\"945\" data-end=\"976\">Malta Hal\u0131 Y\u0131kama Fabrikas\u0131<\/strong> olarak, <strong data-start=\"985\" data-end=\"996\">Kocaeli<\/strong>, <strong data-start=\"998\" data-end=\"1007\">\u0130zmit<\/strong>, <strong data-start=\"1009\" data-end=\"1024\">Yahyakaptan<\/strong>, <strong data-start=\"1026\" data-end=\"1038\">Umuttepe<\/strong>, <strong data-start=\"1040\" data-end=\"1050\">K\u00f6rfez<\/strong>, <strong data-start=\"1052\" data-end=\"1063\">Derince<\/strong> ve <strong data-start=\"1067\" data-end=\"1079\">Ye\u015filova<\/strong> gibi b\u00f6lgelerde Nepal hal\u0131 y\u0131kama hizmetini \u00f6zenle sunuyoruz. Hal\u0131lar\u0131n\u0131z\u0131n dokusuna ve rengine zarar vermeden, en geli\u015fmi\u015f teknolojiler ve \u00e7evre dostu \u00fcr\u00fcnlerle temizlik sa\u011fl\u0131yoruz.<\/p>\n\t\t<\/div>\n\t\t[\/vc_column][vc_column width=&#8221;1\/2&#8243;]\t\t<div id=\"wd-6838f43edeb37\" class=\"wd-image wd-wpb wd-rs-6838f43edeb37 text-right \">\n\t\t\t\n\t\t\t<img loading=\"lazy\" decoding=\"async\" width=\"370\" height=\"300\" src=\"https:\/\/www.maltahaliyikama.com\/wp-content\/uploads\/2025\/05\/Nepal-Hali-Yikama-Hizmeti-Kocaeli-Izmit-Korfez-Malta-Yesilova-Umuttepe-Malta-Hali-Yikamada.jpg\" class=\"attachment-medium size-medium\" alt=\"Nepal Hal\u0131 Y\u0131kama Hizmeti Kocaeli \u0130zmit K\u00f6rfez Malta Ye\u015filova Umuttepe Malta Hal\u0131 Y\u0131kama&#039;da!\" \/>\n\t\t\t\t\t<\/div>\n\t\t[\/vc_column][\/vc_row][vc_row][vc_column]\n\t\t<div id=\"wd-682c6c27e6c85\" class=\"title-wrapper wd-wpb wd-set-mb reset-last-child  wd-rs-682c6c27e6c85 wd-title-color-default wd-title-style-default text-left  wd-underline-colored\">\n\t\t\t\n\t\t\t<div class=\"liner-continer\">\n\t\t\t\t<h4 class=\"woodmart-title-container title  wd-font-weight- wd-fontsize-l\" >Nepal Hal\u0131s\u0131 Nedir?<\/h4>\n\t\t\t\t\t\t\t<\/div>\n\t\t\t\n\t\t\t\n\t\t\t\n\t\t<\/div>\n\t\t\n\t\t\t\t<div id=\"wd-682c6c2e98ae6\" class=\"wd-text-block wd-wpb reset-last-child wd-rs-682c6c2e98ae6 text-left \">\n\t\t\t<p data-start=\"1298\" data-end=\"1633\">Nepal hal\u0131lar\u0131, ad\u0131n\u0131 genellikle \u00fcretim y\u00f6ntemlerinden de\u011fil, dokuma tarz\u0131 ve dokundu\u011fu iplikten al\u0131r. Bu hal\u0131lar, \u00f6zellikle bambu, viskon ya da ipek kar\u0131\u015f\u0131ml\u0131 ipliklerle \u00fcretildi\u011finden dolay\u0131 \u00e7ok daha hassas bir yap\u0131ya sahiptir. Modern ve sade tasar\u0131mlar\u0131yla dikkat \u00e7eken Nepal hal\u0131lar\u0131, ev dekorasyonunda zarif bir g\u00f6r\u00fcn\u00fcm olu\u015fturur.<\/p>\n<p data-start=\"1635\" data-end=\"1862\">Y\u00fczeyleri genellikle parlak, t\u00fcys\u00fcz ve ince iplik dokusuna sahiptir. Bu da hal\u0131n\u0131n hem yumu\u015fak hem de kaygan bir yap\u0131da olmas\u0131n\u0131 sa\u011flar. Bu \u00f6zellikleri nedeniyle Nepal hal\u0131lar\u0131n\u0131n temizli\u011fi olduk\u00e7a hassas bir konu haline gelir.<\/p>\n\t\t<\/div>\n\t\t[\/vc_column][\/vc_row][vc_row][vc_column]\n\t\t<div id=\"wd-682c6c3764c3e\" class=\"title-wrapper wd-wpb wd-set-mb reset-last-child  wd-rs-682c6c3764c3e wd-title-color-default wd-title-style-default text-left  wd-underline-colored\">\n\t\t\t\n\t\t\t<div class=\"liner-continer\">\n\t\t\t\t<h4 class=\"woodmart-title-container title  wd-font-weight- wd-fontsize-l\" >Nepal Hal\u0131 Y\u0131kama Neden \u00d6nemlidir?<\/h4>\n\t\t\t\t\t\t\t<\/div>\n\t\t\t\n\t\t\t\n\t\t\t\n\t\t<\/div>\n\t\t\n\t\t\t\t<div id=\"wd-6839647bcdd45\" class=\"wd-text-block wd-wpb reset-last-child wd-rs-6839647bcdd45 text-left \">\n\t\t\t<p data-start=\"1913\" data-end=\"2155\">Nepal hal\u0131lar\u0131; y\u0131kama s\u0131ras\u0131nda kullan\u0131lan suyun \u0131s\u0131s\u0131, deterjan\u0131n kimyasal yap\u0131s\u0131, kurutma y\u00f6ntemi gibi fakt\u00f6rlere son derece duyarl\u0131d\u0131r. Yanl\u0131\u015f bir y\u0131kama s\u00fcreci, hal\u0131n\u0131n matla\u015fmas\u0131na, renginin solmas\u0131na veya deformasyonuna neden olabilir.<\/p>\n<p data-start=\"2157\" data-end=\"2373\">\u00d6zellikle klasik hal\u0131 y\u0131kama teknikleri (y\u00fcksek bas\u0131n\u00e7l\u0131 makineler, g\u00fc\u00e7l\u00fc kimyasallar vs.) Nepal hal\u0131lar\u0131nda geri d\u00f6n\u00fc\u015f\u00fc olmayan zararlara yol a\u00e7abilir. \u0130\u015fte bu noktada <strong data-start=\"2326\" data-end=\"2347\">Malta Hal\u0131 Y\u0131kama<\/strong> olarak devreye giriyoruz.<\/p>\n\t\t<\/div>\n\t\t[\/vc_column][\/vc_row][vc_row][vc_column]\n\t\t<div id=\"wd-682c6c4b04f06\" class=\"title-wrapper wd-wpb wd-set-mb reset-last-child  wd-rs-682c6c4b04f06 wd-title-color-default wd-title-style-default text-left  wd-underline-colored\">\n\t\t\t\n\t\t\t<div class=\"liner-continer\">\n\t\t\t\t<h4 class=\"woodmart-title-container title  wd-font-weight- wd-fontsize-l\" >Nepal Hal\u0131 Y\u0131kama S\u00fcrecimiz<\/h4>\n\t\t\t\t\t\t\t<\/div>\n\t\t\t\n\t\t\t\n\t\t\t\n\t\t<\/div>\n\t\t\n\t\t\t\t<div id=\"wd-6839649d3526d\" class=\"wd-text-block wd-wpb reset-last-child wd-rs-6839649d3526d text-left \">\n\t\t\t<p data-start=\"2417\" data-end=\"2542\">Malta Hal\u0131 Y\u0131kama\u2019da Nepal hal\u0131lar\u0131, klasik hal\u0131 y\u0131kama hatalar\u0131ndan tamamen ar\u0131nd\u0131r\u0131lm\u0131\u015f, \u00f6zel y\u00f6ntemlerle temizlenmektedir:<\/p>\n<ol data-start=\"2544\" data-end=\"3425\">\n<li data-start=\"2544\" data-end=\"2693\">\n<p data-start=\"2547\" data-end=\"2693\"><strong data-start=\"2547\" data-end=\"2567\">Toz Alma \u0130\u015flemi:<\/strong><br data-start=\"2567\" data-end=\"2570\" \/>Hal\u0131n\u0131n y\u00fczeyine zarar vermeden, yumu\u015fak vakumlarla yap\u0131lan toz alma i\u015flemi ile hal\u0131 \u00fczerindeki partik\u00fcller ar\u0131nd\u0131r\u0131l\u0131r.<\/p>\n<\/li>\n<li data-start=\"2695\" data-end=\"2825\">\n<p data-start=\"2698\" data-end=\"2825\"><strong data-start=\"2698\" data-end=\"2724\">Analiz ve \u00d6n \u0130nceleme:<\/strong><br data-start=\"2724\" data-end=\"2727\" \/>Hal\u0131n\u0131n iplik cinsi, boyas\u0131 ve dokuma yo\u011funlu\u011fu belirlenerek en uygun y\u0131kama y\u00f6ntemi planlan\u0131r.<\/p>\n<\/li>\n<li data-start=\"2827\" data-end=\"3049\">\n<p data-start=\"2830\" data-end=\"3049\"><strong data-start=\"2830\" data-end=\"2866\">Yumu\u015fak Y\u0131kama ve Do\u011fal \u00dcr\u00fcnler:<\/strong><br data-start=\"2866\" data-end=\"2869\" \/>\u00c7evre dostu ve ipeksi y\u00fczeyleri koruyan \u00f6zel \u015fampuanlarla yap\u0131lan y\u0131kama i\u015flemi, d\u00fc\u015f\u00fck devirli sistemlerde veya elle ger\u00e7ekle\u015ftirilir. Hi\u00e7bir zararl\u0131 kimyasal madde kullan\u0131lmaz.<\/p>\n<\/li>\n<li data-start=\"3051\" data-end=\"3255\">\n<p data-start=\"3054\" data-end=\"3255\"><strong data-start=\"3054\" data-end=\"3085\">Durulama ve Hassas Kurutma:<\/strong><br data-start=\"3085\" data-end=\"3088\" \/>Durulama i\u015fleminde bol su kullan\u0131larak kal\u0131nt\u0131lar tamamen ar\u0131nd\u0131r\u0131l\u0131r. Ard\u0131ndan kurutma, UV \u0131\u015f\u0131\u011f\u0131na maruz kalmadan, \u00f6zel havaland\u0131rmal\u0131 ortamlarda ger\u00e7ekle\u015ftirilir.<\/p>\n<\/li>\n<li data-start=\"3257\" data-end=\"3425\">\n<p data-start=\"3260\" data-end=\"3425\"><strong data-start=\"3260\" data-end=\"3285\">Kontrol ve Paketleme:<\/strong><br data-start=\"3285\" data-end=\"3288\" \/>T\u00fcm hal\u0131lar kalite kontrol a\u015famas\u0131ndan ge\u00e7er ve zarar g\u00f6rmemi\u015f, tam hijyen sa\u011flanm\u0131\u015f olarak \u00f6zel ambalajlarla m\u00fc\u015fteriye teslim edilir.<\/p>\n<\/li>\n<\/ol>\n\t\t<\/div>\n\t\t[\/vc_column][\/vc_row][vc_row][vc_column]\n\t\t<div id=\"wd-684b23727c368\" class=\"title-wrapper wd-wpb wd-set-mb reset-last-child  wd-rs-684b23727c368 wd-title-color-default wd-title-style-default text-left  wd-underline-colored\">\n\t\t\t\n\t\t\t<div class=\"liner-continer\">\n\t\t\t\t<h4 class=\"woodmart-title-container title  wd-font-weight- wd-fontsize-l\" >Malta Hal\u0131 Y\u0131kama ve Koltuk Y\u0131kama ile Nepal Hal\u0131lar\u0131n\u0131z Emin Ellerde<\/h4>\n\t\t\t\t\t\t\t<\/div>\n\t\t\t\n\t\t\t\n\t\t\t\n\t\t<\/div>\n\t\t\n\t\t\t\t<div id=\"wd-683964b58d160\" class=\"wd-text-block wd-wpb reset-last-child wd-rs-683964b58d160 text-left \">\n\t\t\t<p data-start=\"3491\" data-end=\"3749\">Malta Hal\u0131 Y\u0131kama, sadece temizlik de\u011fil, hal\u0131n\u0131n yap\u0131s\u0131n\u0131 korumay\u0131 ve ilk g\u00fcnk\u00fc g\u00f6r\u00fcn\u00fcm\u00fcn\u00fc yeniden kazand\u0131rmay\u0131 hedefler. <strong data-start=\"3614\" data-end=\"3641\">\u0130zmit Nepal hal\u0131 y\u0131kama<\/strong> hizmetimizde; tecr\u00fcbeli personel, modern makineler ve %100 m\u00fc\u015fteri memnuniyeti odakl\u0131 sistemle \u00e7al\u0131\u015f\u0131yoruz.<\/p>\n<p data-start=\"3751\" data-end=\"3785\"><strong data-start=\"3751\" data-end=\"3785\">Neden Bizi Tercih Etmelisiniz?<\/strong><\/p>\n<ul data-start=\"3786\" data-end=\"4018\">\n<li data-start=\"3786\" data-end=\"3837\">\n<p data-start=\"3788\" data-end=\"3837\">Nepal hal\u0131lar\u0131na \u00f6zel d\u00fc\u015f\u00fck \u0131s\u0131l\u0131, nazik temizlik<\/p>\n<\/li>\n<li data-start=\"3838\" data-end=\"3884\">\n<p data-start=\"3840\" data-end=\"3884\">Do\u011fal, bitkisel ve alerjen i\u00e7ermeyen \u00fcr\u00fcnler<\/p>\n<\/li>\n<li data-start=\"3885\" data-end=\"3938\">\n<p data-start=\"3887\" data-end=\"3938\">Geli\u015fmi\u015f kurutma sistemleri (g\u00fcne\u015fsiz, iz yapmayan)<\/p>\n<\/li>\n<li data-start=\"3939\" data-end=\"3979\">\n<p data-start=\"3941\" data-end=\"3979\">\u0130zmit ve \u00e7evresine \u00fccretsiz servis a\u011f\u0131<\/p>\n<\/li>\n<li data-start=\"3980\" data-end=\"4018\">\n<p data-start=\"3982\" data-end=\"4018\">Yerel hizmet ama uluslararas\u0131 kalite<\/p>\n<\/li>\n<\/ul>\n\t\t<\/div>\n\t\t[\/vc_column][\/vc_row][vc_row][vc_column]\n\t\t<div id=\"wd-682c6c651a909\" class=\"title-wrapper wd-wpb wd-set-mb reset-last-child  wd-rs-682c6c651a909 wd-title-color-default wd-title-style-default text-left  wd-underline-colored\">\n\t\t\t\n\t\t\t<div class=\"liner-continer\">\n\t\t\t\t<h4 class=\"woodmart-title-container title  wd-font-weight- wd-fontsize-l\" >Nepal Hal\u0131 Y\u0131kama Fiyatlar\u0131<\/h4>\n\t\t\t\t\t\t\t<\/div>\n\t\t\t\n\t\t\t\n\t\t\t\n\t\t<\/div>\n\t\t\n\t\t\t\t<div id=\"wd-684b23915bb1c\" class=\"wd-text-block wd-wpb reset-last-child wd-rs-684b23915bb1c text-left \">\n\t\t\t<p data-start=\"4062\" data-end=\"4321\">Nepal hal\u0131s\u0131 y\u0131kama fiyatlar\u0131, hal\u0131n\u0131n boyutu, iplik cinsi ve leke durumu gibi detaylara g\u00f6re farkl\u0131l\u0131k g\u00f6sterebilir. Standart metrekare fiyatlar\u0131 \u00fczerinden hesaplama yap\u0131lmakla birlikte, \u00e7ok kirli veya i\u015flem gerektiren hal\u0131lar i\u00e7in \u00f6zel teklif sunulmaktad\u0131r.<\/p>\n<p data-start=\"4323\" data-end=\"4497\">???? <strong data-start=\"4326\" data-end=\"4366\">Minimum servis bedelimiz 500 TL&#8217;dir.<\/strong><br data-start=\"4366\" data-end=\"4369\" \/>???? Fiyat teklifi i\u00e7in hemen bizimle ileti\u015fime ge\u00e7ebilir ya da WhatsApp destek hatt\u0131m\u0131zdan hal\u0131n\u0131z\u0131n foto\u011fraf\u0131n\u0131 iletebilirsiniz.<\/p>\n\t\t<\/div>\n\t\t[\/vc_column][\/vc_row][vc_row][vc_column]\n\t\t<div id=\"wd-682c6c7288852\" class=\"title-wrapper wd-wpb wd-set-mb reset-last-child  wd-rs-682c6c7288852 wd-title-color-default wd-title-style-default text-left  wd-underline-colored\">\n\t\t\t\n\t\t\t<div class=\"liner-continer\">\n\t\t\t\t<h4 class=\"woodmart-title-container title  wd-font-weight- wd-fontsize-l\" >Nepal Hal\u0131 Y\u0131kama Hakk\u0131nda S\u0131k Sorulan Sorular<\/h4>\n\t\t\t\t\t\t\t<\/div>\n\t\t\t\n\t\t\t\n\t\t\t\n\t\t<\/div>\n\t\t\n\t\t\t\t<div id=\"wd-682c6c877fbb8\" class=\"wd-text-block wd-wpb reset-last-child wd-rs-682c6c877fbb8 text-left \">\n\t\t\t<p data-start=\"4539\" data-end=\"4706\"><strong data-start=\"4539\" data-end=\"4579\">Nepal hal\u0131m\u0131 evde y\u0131kayabilir miyim?<\/strong><br data-start=\"4579\" data-end=\"4582\" \/>Kesinlikle hay\u0131r. Nepal hal\u0131lar hassas yap\u0131ya sahiptir ve evdeki deterjanlar, s\u0131cak su gibi etkenler hal\u0131ya zarar verebilir.<\/p>\n<p data-start=\"4708\" data-end=\"4839\"><strong data-start=\"4708\" data-end=\"4743\">Nepal hal\u0131lar\u0131n rengi solar m\u0131?<\/strong><br data-start=\"4743\" data-end=\"4746\" \/>Hay\u0131r, firmam\u0131zda uygulanan do\u011fal i\u00e7erikli temizlik \u00fcr\u00fcnleri sayesinde renk solmas\u0131 ya\u015fanmaz.<\/p>\n<p data-start=\"4841\" data-end=\"4958\"><strong data-start=\"4841\" data-end=\"4878\">Y\u0131kama sonras\u0131 hal\u0131 sertle\u015fir mi?<\/strong><br data-start=\"4878\" data-end=\"4881\" \/>Hay\u0131r. Do\u011fru kurutma teknikleri ile hal\u0131 yumu\u015fakl\u0131\u011f\u0131n\u0131 ve parlakl\u0131\u011f\u0131n\u0131 korur.<\/p>\n\t\t<\/div>\n\t\t[\/vc_column][\/vc_row][vc_row][vc_column]\n\t\t<div id=\"wd-684b23a4291c7\" class=\"title-wrapper wd-wpb wd-set-mb reset-last-child  wd-rs-684b23a4291c7 wd-title-color-default wd-title-style-default text-left  wd-underline-colored\">\n\t\t\t\n\t\t\t<div class=\"liner-continer\">\n\t\t\t\t<h4 class=\"woodmart-title-container title  wd-font-weight- wd-fontsize-l\" >Kocaeli Nepal Hal\u0131 Y\u0131kama Hizmetinde G\u00fcvenilir Adres: Malta Hal\u0131 Y\u0131kama ve Koltuk Y\u0131kama Fabrikas\u0131<\/h4>\n\t\t\t\t\t\t\t<\/div>\n\t\t\t\n\t\t\t\n\t\t\t\n\t\t<\/div>\n\t\t\n\t\t\t\t<div id=\"wd-684b23b6cd06d\" class=\"wd-text-block wd-wpb reset-last-child wd-rs-684b23b6cd06d text-left \">\n\t\t\t<p data-start=\"5042\" data-end=\"5258\">Nepal hal\u0131lar\u0131n\u0131z\u0131n zarafetini koruyarak temizlik yapmak profesyonellik ister. Malta Hal\u0131 Y\u0131kama olarak, y\u0131llard\u0131r bu alandaki tecr\u00fcbemizle ipek kadar hassas, y\u00fcn kadar sa\u011flam Nepal hal\u0131lar\u0131n\u0131z\u0131 g\u00fcvenle temizliyoruz.<\/p>\n<p data-start=\"5260\" data-end=\"5402\">???? <strong data-start=\"5263\" data-end=\"5276\">\u0130leti\u015fim:<\/strong> +90 (262) 322 25 82<br data-start=\"5296\" data-end=\"5299\" \/>???? <strong data-start=\"5302\" data-end=\"5323\">Hizmet B\u00f6lgeleri:<\/strong> \u0130zmit, Yahyakaptan, Umuttepe, Derince, K\u00f6rfez, Ye\u015filova ve t\u00fcm Kocaeli \u00e7evresi<\/p>\n\t\t<\/div>\n\t\t[\/vc_column][\/vc_row][\/vc_section]<\/p>\n<\/div>","protected":false},"excerpt":{"rendered":"<p>[vc_section][vc_row woodmart_css_id=&#8221;6858245a226ab&#8221; responsive_spacing=&#8221;eyJwYXJhbV90eXBlIjoid29vZG1hcnRfcmVzcG9uc2l2ZV9zcGFjaW5nIiwic2VsZWN0b3JfaWQiOiI2ODU4MjQ1YTIyNmFiIiwic2hvcnRjb2RlIjoidmNfcm93IiwiZGF0YSI6eyJ0YWJsZXQiOnt9LCJtb2JpbGUiOnt9fX0=&#8221; mobile_bg_img_hidden=&#8221;no&#8221; tablet_bg_img_hidden=&#8221;no&#8221; woodmart_parallax=&#8221;0&#8243; woodmart_gradient_switch=&#8221;no&#8221; woodmart_box_shadow=&#8221;no&#8221; wd_z_index=&#8221;no&#8221; woodmart_disable_overflow=&#8221;0&#8243; row_reverse_mobile=&#8221;0&#8243; row_reverse_tablet=&#8221;0&#8243;][vc_column width=&#8221;1\/2&#8243;][\/vc_column][vc_column width=&#8221;1\/2&#8243;][\/vc_column][\/vc_row][vc_row][vc_column][\/vc_column][\/vc_row][vc_row][vc_column][\/vc_column][\/vc_row][vc_row][vc_column][\/vc_column][\/vc_row][vc_row][vc_column][\/vc_column][\/vc_row][vc_row][vc_column][\/vc_column][\/vc_row][vc_row][vc_column][\/vc_column][\/vc_row][vc_row][vc_column][\/vc_column][\/vc_row][\/vc_section]<\/p>\n","protected":false},"author":1,"featured_media":0,"parent":10131,"menu_order":0,"comment_status":"closed","ping_status":"closed","template":"","meta":{"footnotes":""},"class_list":["post-10182","page","type-page","status-publish","hentry"],"_links":{"self":[{"href":"https:\/\/www.maltahaliyikama.com\/index.php\/wp-json\/wp\/v2\/pages\/10182","targetHints":{"allow":["GET"]}}],"collection":[{"href":"https:\/\/www.maltahaliyikama.com\/index.php\/wp-json\/wp\/v2\/pages"}],"about":[{"href":"https:\/\/www.maltahaliyikama.com\/index.php\/wp-json\/wp\/v2\/types\/page"}],"author":[{"embeddable":true,"href":"https:\/\/www.maltahaliyikama.com\/index.php\/wp-json\/wp\/v2\/users\/1"}],"replies":[{"embeddable":true,"href":"https:\/\/www.maltahaliyikama.com\/index.php\/wp-json\/wp\/v2\/comments?post=10182"}],"version-history":[{"count":7,"href":"https:\/\/www.maltahaliyikama.com\/index.php\/wp-json\/wp\/v2\/pages\/10182\/revisions"}],"predecessor-version":[{"id":10413,"href":"https:\/\/www.maltahaliyikama.com\/index.php\/wp-json\/wp\/v2\/pages\/10182\/revisions\/10413"}],"up":[{"embeddable":true,"href":"https:\/\/www.maltahaliyikama.com\/index.php\/wp-json\/wp\/v2\/pages\/10131"}],"wp:attachment":[{"href":"https:\/\/www.maltahaliyikama.com\/index.php\/wp-json\/wp\/v2\/media?parent=10182"}],"curies":[{"name":"wp","href":"https:\/\/api.w.org\/{rel}","templated":true}]}}