{"id":10184,"date":"2025-05-30T02:58:15","date_gmt":"2025-05-29T23:58:15","guid":{"rendered":"https:\/\/www.maltahaliyikama.com\/?page_id=10184"},"modified":"2025-06-22T18:45:59","modified_gmt":"2025-06-22T15:45:59","slug":"overlok","status":"publish","type":"page","link":"https:\/\/www.maltahaliyikama.com\/index.php\/hizmetlerimiz\/overlok\/","title":{"rendered":"Overlok"},"content":{"rendered":"<div class=\"wpb-content-wrapper\"><p>[vc_section woodmart_css_id=&#8221;685825359064b&#8221; responsive_spacing=&#8221;eyJwYXJhbV90eXBlIjoid29vZG1hcnRfcmVzcG9uc2l2ZV9zcGFjaW5nIiwic2VsZWN0b3JfaWQiOiI2ODU4MjUzNTkwNjRiIiwic2hvcnRjb2RlIjoidmNfc2VjdGlvbiIsImRhdGEiOnsidGFibGV0Ijp7fSwibW9iaWxlIjp7fX19&#8243; mobile_bg_img_hidden=&#8221;no&#8221; tablet_bg_img_hidden=&#8221;no&#8221; woodmart_parallax=&#8221;0&#8243; woodmart_gradient_switch=&#8221;no&#8221; woodmart_box_shadow=&#8221;no&#8221; wd_z_index=&#8221;no&#8221; woodmart_disable_overflow=&#8221;0&#8243;][vc_row woodmart_css_id=&#8221;68582530af52c&#8221; responsive_spacing=&#8221;eyJwYXJhbV90eXBlIjoid29vZG1hcnRfcmVzcG9uc2l2ZV9zcGFjaW5nIiwic2VsZWN0b3JfaWQiOiI2ODU4MjUzMGFmNTJjIiwic2hvcnRjb2RlIjoidmNfcm93IiwiZGF0YSI6eyJ0YWJsZXQiOnt9LCJtb2JpbGUiOnt9fX0=&#8221; mobile_bg_img_hidden=&#8221;no&#8221; tablet_bg_img_hidden=&#8221;no&#8221; woodmart_parallax=&#8221;0&#8243; woodmart_gradient_switch=&#8221;no&#8221; woodmart_box_shadow=&#8221;no&#8221; wd_z_index=&#8221;no&#8221; woodmart_disable_overflow=&#8221;0&#8243; row_reverse_mobile=&#8221;0&#8243; row_reverse_tablet=&#8221;0&#8243;][vc_column width=&#8221;1\/2&#8243;]\n\t\t<div id=\"wd-684b4009e8640\" class=\"title-wrapper wd-wpb wd-set-mb reset-last-child  wd-rs-684b4009e8640 wd-title-color-default wd-title-style-default text-left  wd-underline-colored\">\n\t\t\t\t\t\t\t\n\t\t\t\t<div class=\"title-subtitle  subtitle-color-default font-alt subtitle-style-default wd-font-weight- wd-fontsize-xs\">Malta Hal\u0131 Y\u0131kama ve Koltuk Y\u0131kama Fabrikas\u0131<br \/>\n| \u0130zmit ve Kocaeli\u2019de Hal\u0131 Kenar Diki\u015fi ve Overlok Uygulamas\u0131<\/div>\n\t\t\t\n\t\t\t<div class=\"liner-continer\">\n\t\t\t\t<h4 class=\"woodmart-title-container title  wd-font-weight- wd-fontsize-l\" >Overlok Hizmeti<\/h4>\n\t\t\t\t\t\t\t<\/div>\n\t\t\t\n\t\t\t\n\t\t\t\n\t\t<\/div>\n\t\t\n\t\t\t\t<div id=\"wd-684b40238f303\" class=\"wd-text-block wd-wpb reset-last-child wd-rs-684b40238f303 text-left \">\n\t\t\t<p data-start=\"429\" data-end=\"730\"><strong data-start=\"429\" data-end=\"440\">Overlok<\/strong>, hal\u0131, kilim, yolluk gibi kesilmi\u015f veya kenar\u0131 s\u00f6k\u00fclen tekstil \u00fcr\u00fcnlerinin, kenar diki\u015fi yap\u0131larak sa\u011flamla\u015ft\u0131r\u0131lmas\u0131 i\u015flemidir. Bu i\u015flem yaln\u0131zca estetik ama\u00e7la de\u011fil, ayn\u0131 zamanda hal\u0131n\u0131n \u00f6mr\u00fcn\u00fc uzatmak, kenarlar\u0131n\u0131n y\u0131pranmas\u0131n\u0131 \u00f6nlemek ve d\u00fczg\u00fcn bir g\u00f6r\u00fcn\u00fcm kazand\u0131rmak i\u00e7in uygulan\u0131r.<\/p>\n<p data-start=\"732\" data-end=\"969\">Evde ya da klasik diki\u015f makineleriyle yap\u0131lan i\u015flemler hal\u0131n\u0131n formunu bozabilir veya k\u0131sa s\u00fcrede tekrar s\u00f6k\u00fclmesine neden olabilir.<br data-start=\"864\" data-end=\"867\" \/>Bu y\u00fczden <strong data-start=\"877\" data-end=\"908\">profesyonel \u00f6zel overlok hizmeti<\/strong>, do\u011fru makine, uygun iplik ve tecr\u00fcbeli uygulama gerektirir.<\/p>\n<p data-start=\"971\" data-end=\"1163\"><strong data-start=\"928\" data-end=\"959\">Malta Hal\u0131 Y\u0131kama ve Koltuk Y\u0131kama Fabrikas\u0131<\/strong> olarak, <strong data-start=\"1001\" data-end=\"1010\">\u0130zmit<\/strong>, <strong data-start=\"1012\" data-end=\"1023\">Kocaeli<\/strong>, <strong data-start=\"1025\" data-end=\"1040\">Yahyakaptan<\/strong>, <strong data-start=\"1042\" data-end=\"1054\">Umuttepe<\/strong>, <strong data-start=\"1056\" data-end=\"1067\">Derince<\/strong>, <strong data-start=\"1069\" data-end=\"1079\">K\u00f6rfez<\/strong>, <strong data-start=\"1081\" data-end=\"1093\">Ye\u015filova<\/strong> gibi b\u00f6lgelerde overlok uygulamalar\u0131n\u0131 titizlikle ger\u00e7ekle\u015ftiriyoruz.<\/p>\n\t\t<\/div>\n\t\t[\/vc_column][vc_column width=&#8221;1\/2&#8243;]\t\t<div id=\"wd-6838f47c62a9c\" class=\"wd-image wd-wpb wd-rs-6838f47c62a9c text-right \">\n\t\t\t\n\t\t\t<img loading=\"lazy\" decoding=\"async\" width=\"400\" height=\"300\" src=\"https:\/\/www.maltahaliyikama.com\/wp-content\/uploads\/2025\/05\/Overlok-Hizmeti-Kocaeli-Izmit-Korfez-Malta-Yesilova-Umuttepe-Malta-Hali-Yikamada.jpg\" class=\"attachment-medium size-medium\" alt=\"Overlok Hizmeti Kocaeli \u0130zmit K\u00f6rfez Malta Ye\u015filova Umuttepe Malta Hal\u0131 Y\u0131kama&#039;da!\" \/>\n\t\t\t\t\t<\/div>\n\t\t[\/vc_column][\/vc_row][vc_row][vc_column]\n\t\t<div id=\"wd-682cc3c668540\" class=\"title-wrapper wd-wpb wd-set-mb reset-last-child  wd-rs-682cc3c668540 wd-title-color-default wd-title-style-default text-left  wd-underline-colored\">\n\t\t\t\n\t\t\t<div class=\"liner-continer\">\n\t\t\t\t<h4 class=\"woodmart-title-container title  wd-font-weight- wd-fontsize-l\" >Overlok Nedir?<\/h4>\n\t\t\t\t\t\t\t<\/div>\n\t\t\t\n\t\t\t\n\t\t\t\n\t\t<\/div>\n\t\t\n\t\t\t\t<div id=\"wd-682cc3ca4fd50\" class=\"wd-text-block wd-wpb reset-last-child wd-rs-682cc3ca4fd50 text-left \">\n\t\t\t<p data-start=\"1190\" data-end=\"1324\">Overlok, hal\u0131 ya da kuma\u015f kenarlar\u0131n\u0131n \u00f6zel makinelerde overlock diki\u015fiyle sa\u011flamla\u015ft\u0131r\u0131lmas\u0131 i\u015flemidir.<br data-start=\"1294\" data-end=\"1297\" \/>Bu i\u015flem sayesinde hal\u0131lar:<\/p>\n<ul data-start=\"1326\" data-end=\"1427\">\n<li data-start=\"1326\" data-end=\"1351\">\n<p data-start=\"1328\" data-end=\"1351\">Kenarlardan s\u00f6k\u00fclmez,<\/p>\n<\/li>\n<li data-start=\"1352\" data-end=\"1376\">\n<p data-start=\"1354\" data-end=\"1376\">Kullan\u0131mda bozulmaz,<\/p>\n<\/li>\n<li data-start=\"1377\" data-end=\"1427\">\n<p data-start=\"1379\" data-end=\"1427\">G\u00f6r\u00fcn\u00fcm a\u00e7\u0131s\u0131ndan simetrik ve profesyonel durur.<\/p>\n<\/li>\n<\/ul>\n<p data-start=\"1429\" data-end=\"1545\">\u00d6zellikle yeni kesilmi\u015f yolluklar, koridor hal\u0131lar\u0131 veya \u00f6zel \u00f6l\u00e7\u00fc hal\u0131 kesimleri sonras\u0131nda overlok i\u015flemi \u015fartt\u0131r.<\/p>\n\t\t<\/div>\n\t\t[\/vc_column][\/vc_row][vc_row][vc_column]\n\t\t<div id=\"wd-684b4036390f8\" class=\"title-wrapper wd-wpb wd-set-mb reset-last-child  wd-rs-684b4036390f8 wd-title-color-default wd-title-style-default text-left  wd-underline-colored\">\n\t\t\t\n\t\t\t<div class=\"liner-continer\">\n\t\t\t\t<h4 class=\"woodmart-title-container title  wd-font-weight- wd-fontsize-l\" >Overlok Neden \u00d6zel Olmal\u0131d\u0131r?<\/h4>\n\t\t\t\t\t\t\t<\/div>\n\t\t\t\n\t\t\t\n\t\t\t\n\t\t<\/div>\n\t\t\n\t\t\t\t<div id=\"wd-682cc3d5a6946\" class=\"wd-text-block wd-wpb reset-last-child wd-rs-682cc3d5a6946 text-left \">\n\t\t\t<ul>\n<li data-start=\"1585\" data-end=\"1676\"><strong data-start=\"1585\" data-end=\"1617\">S\u00f6k\u00fclme ve Y\u0131pranmay\u0131 \u00d6nler:<\/strong> Hal\u0131n\u0131n kenarlar\u0131n\u0131n a\u00e7\u0131lmas\u0131n\u0131 ve da\u011f\u0131lmas\u0131n\u0131 engeller.<\/li>\n<li data-start=\"1679\" data-end=\"1742\"><strong data-start=\"1679\" data-end=\"1702\">G\u00f6r\u00fcn\u00fcm Kazand\u0131r\u0131r:<\/strong> Estetik ve simetrik bir biti\u015f sa\u011flar.<\/li>\n<li data-start=\"1745\" data-end=\"1838\"><strong data-start=\"1745\" data-end=\"1772\">Kullan\u0131m \u00d6mr\u00fcn\u00fc Uzat\u0131r:<\/strong> Kenar korumas\u0131 sayesinde hal\u0131n\u0131z y\u0131llarca ilk g\u00fcnk\u00fc gibi kal\u0131r.<\/li>\n<li data-start=\"1841\" data-end=\"1925\"><strong data-start=\"1841\" data-end=\"1875\">Ki\u015fiye \u00d6zel \u00d6l\u00e7\u00fclere Uygunluk:<\/strong> Kesilmi\u015f hal\u0131lar i\u00e7in \u00f6zel boyutland\u0131rma yap\u0131l\u0131r.<\/li>\n<\/ul>\n\t\t<\/div>\n\t\t[\/vc_column][\/vc_row][vc_row][vc_column]\n\t\t<div id=\"wd-682cc3dec55f2\" class=\"title-wrapper wd-wpb wd-set-mb reset-last-child  wd-rs-682cc3dec55f2 wd-title-color-default wd-title-style-default text-left  wd-underline-colored\">\n\t\t\t\n\t\t\t<div class=\"liner-continer\">\n\t\t\t\t<h4 class=\"woodmart-title-container title  wd-font-weight- wd-fontsize-l\" >Overlok Uygulamas\u0131 Nas\u0131l Yap\u0131l\u0131r?<\/h4>\n\t\t\t\t\t\t\t<\/div>\n\t\t\t\n\t\t\t\n\t\t\t\n\t\t<\/div>\n\t\t\n\t\t\t\t<div id=\"wd-684b4054486a1\" class=\"wd-text-block wd-wpb reset-last-child wd-rs-684b4054486a1 text-left \">\n\t\t\t<p data-start=\"1971\" data-end=\"2091\"><strong data-start=\"928\" data-end=\"959\">Malta Hal\u0131 Y\u0131kama ve Koltuk Y\u0131kama Fabrikas\u0131<\/strong> overlok i\u015flemi \u00f6zel end\u00fcstriyel makinelerle, profesyonel ustalar\u0131m\u0131z taraf\u0131ndan \u015fu \u015fekilde yap\u0131l\u0131r:<\/p>\n<ol data-start=\"2093\" data-end=\"2581\">\n<li data-start=\"2093\" data-end=\"2184\">\n<p data-start=\"2096\" data-end=\"2184\"><strong data-start=\"2096\" data-end=\"2118\">Hal\u0131n\u0131n \u00d6l\u00e7\u00fclmesi:<\/strong> Kenar uzunluklar\u0131 hesaplan\u0131r, kesilmesi gereken yer belirlenir.<\/p>\n<\/li>\n<li data-start=\"2185\" data-end=\"2250\">\n<p data-start=\"2188\" data-end=\"2250\"><strong data-start=\"2188\" data-end=\"2208\">Kenar Temizli\u011fi:<\/strong> Kesim yap\u0131lan alanlar d\u00fczg\u00fcnle\u015ftirilir.<\/p>\n<\/li>\n<li data-start=\"2251\" data-end=\"2334\">\n<p data-start=\"2254\" data-end=\"2334\"><strong data-start=\"2254\" data-end=\"2271\">\u0130plik Se\u00e7imi:<\/strong> Hal\u0131n\u0131n rengine ve dokusuna uygun overlok ipli\u011fi belirlenir.<\/p>\n<\/li>\n<li data-start=\"2335\" data-end=\"2430\">\n<p data-start=\"2338\" data-end=\"2430\"><strong data-start=\"2338\" data-end=\"2361\">Makineyle Uygulama:<\/strong> \u00d6zel overlok makineleriyle kenarlara sa\u011flamla\u015ft\u0131r\u0131c\u0131 diki\u015f at\u0131l\u0131r.<\/p>\n<\/li>\n<li data-start=\"2431\" data-end=\"2508\">\n<p data-start=\"2434\" data-end=\"2508\"><strong data-start=\"2434\" data-end=\"2453\">Kalite Kontrol:<\/strong> Simetri, diki\u015f gerginli\u011fi ve g\u00f6rsel kontrol yap\u0131l\u0131r.<\/p>\n<\/li>\n<li data-start=\"2509\" data-end=\"2581\">\n<p data-start=\"2512\" data-end=\"2581\"><strong data-start=\"2512\" data-end=\"2525\">Teslimat:<\/strong> Hal\u0131n\u0131z yeniden kullan\u0131lmaya haz\u0131r halde teslim edilir.<\/p>\n<\/li>\n<\/ol>\n\t\t<\/div>\n\t\t[\/vc_column][\/vc_row][vc_row][vc_column]\n\t\t<div id=\"wd-684b4061602cb\" class=\"title-wrapper wd-wpb wd-set-mb reset-last-child  wd-rs-684b4061602cb wd-title-color-default wd-title-style-default text-left  wd-underline-colored\">\n\t\t\t\n\t\t\t<div class=\"liner-continer\">\n\t\t\t\t<h4 class=\"woodmart-title-container title  wd-font-weight- wd-fontsize-l\" >Malta Hal\u0131 Y\u0131kama ve Koltuk Y\u0131kama Fabrikas\u0131 ile Overlok Uygulaman\u0131z \u00d6zel ve Kusursuz<\/h4>\n\t\t\t\t\t\t\t<\/div>\n\t\t\t\n\t\t\t\n\t\t\t\n\t\t<\/div>\n\t\t\n\t\t\t\t<div id=\"wd-682cc3ee75da2\" class=\"wd-text-block wd-wpb reset-last-child wd-rs-682cc3ee75da2 text-left \">\n\t\t\t<p data-start=\"2641\" data-end=\"2825\">\u2705 Profesyonel overlok makineleri<br data-start=\"2673\" data-end=\"2676\" \/>\u2705 Hal\u0131ya uygun iplik se\u00e7imi<br data-start=\"2703\" data-end=\"2706\" \/>\u2705 Kenar d\u00fczg\u00fcnle\u015ftirme garantisi<br data-start=\"2738\" data-end=\"2741\" \/>\u2705 \u0130zmit ve \u00e7evresine servis imk\u00e2n\u0131<br data-start=\"2775\" data-end=\"2778\" \/>\u2705 Hal\u0131 y\u0131kama + overlok kombine hizmet se\u00e7ene\u011fi<\/p>\n\t\t<\/div>\n\t\t[\/vc_column][\/vc_row][vc_row][vc_column]\n\t\t<div id=\"wd-682cc3f5cb355\" class=\"title-wrapper wd-wpb wd-set-mb reset-last-child  wd-rs-682cc3f5cb355 wd-title-color-default wd-title-style-default text-left  wd-underline-colored\">\n\t\t\t\n\t\t\t<div class=\"liner-continer\">\n\t\t\t\t<h4 class=\"woodmart-title-container title  wd-font-weight- wd-fontsize-l\" >Overlok Fiyatlar\u0131<\/h4>\n\t\t\t\t\t\t\t<\/div>\n\t\t\t\n\t\t\t\n\t\t\t\n\t\t<\/div>\n\t\t\n\t\t\t\t<div id=\"wd-682cc3fb788f2\" class=\"wd-text-block wd-wpb reset-last-child wd-rs-682cc3fb788f2 text-left \">\n\t\t\t<p data-start=\"2855\" data-end=\"3006\">Overlok i\u015flemleri genellikle <strong data-start=\"2884\" data-end=\"2916\">metre ba\u015f\u0131na fiyatland\u0131r\u0131l\u0131r<\/strong>.<br data-start=\"2917\" data-end=\"2920\" \/>Fiyat; hal\u0131n\u0131n kal\u0131nl\u0131\u011f\u0131, kenar tipi ve uygulama alan\u0131na g\u00f6re de\u011fi\u015fiklik g\u00f6sterebilir.<\/p>\n<p data-start=\"3008\" data-end=\"3120\">???? <strong data-start=\"3011\" data-end=\"3044\">Ortalama fiyat: 70 TL \/ metre<\/strong><br data-start=\"3044\" data-end=\"3047\" \/>???? Toplu uygulamalarda ve y\u0131kama sonras\u0131 overlokta \u00f6zel indirim sa\u011flan\u0131r.<\/p>\n\t\t<\/div>\n\t\t[\/vc_column][\/vc_row][vc_row][vc_column]\n\t\t<div id=\"wd-682cc40e315db\" class=\"title-wrapper wd-wpb wd-set-mb reset-last-child  wd-rs-682cc40e315db wd-title-color-default wd-title-style-default text-left  wd-underline-colored\">\n\t\t\t\n\t\t\t<div class=\"liner-continer\">\n\t\t\t\t<h4 class=\"woodmart-title-container title  wd-font-weight- wd-fontsize-l\" >Overlok Hakk\u0131nda S\u0131k Sorulan Sorular<\/h4>\n\t\t\t\t\t\t\t<\/div>\n\t\t\t\n\t\t\t\n\t\t\t\n\t\t<\/div>\n\t\t\n\t\t\t\t<div id=\"wd-682cc41648745\" class=\"wd-text-block wd-wpb reset-last-child wd-rs-682cc41648745 text-left \">\n\t\t\t<p data-start=\"3162\" data-end=\"3297\"><strong data-start=\"3162\" data-end=\"3219\">Yeni kesilmi\u015f hal\u0131ma overlok yapt\u0131rmak zorunda m\u0131y\u0131m?<\/strong><br data-start=\"3219\" data-end=\"3222\" \/>Evet. Kenarlar\u0131 a\u00e7\u0131k kalan hal\u0131lar k\u0131sa s\u00fcrede s\u00f6k\u00fcl\u00fcr ve formunu kaybeder.<\/p>\n<p data-start=\"3299\" data-end=\"3442\"><strong data-start=\"3299\" data-end=\"3346\">Overlok sonras\u0131nda hal\u0131n\u0131n boyu de\u011fi\u015fir mi?<\/strong><br data-start=\"3346\" data-end=\"3349\" \/>Sadece kenarlardan birka\u00e7 milimetrelik i\u015flem yap\u0131l\u0131r. \u00d6l\u00e7\u00fc kayb\u0131 ihmal edilebilir d\u00fczeydedir.<\/p>\n<p data-start=\"3444\" data-end=\"3545\"><strong data-start=\"3444\" data-end=\"3480\">Renk uyumu sa\u011flayabilir misiniz?<\/strong><br data-start=\"3480\" data-end=\"3483\" \/>Evet. Hal\u0131n\u0131n dokusuna ve tonuna en uygun ipli\u011fi kullan\u0131yoruz.<\/p>\n\t\t<\/div>\n\t\t[\/vc_column][\/vc_row][vc_row][vc_column]\n\t\t<div id=\"wd-684b407874341\" class=\"title-wrapper wd-wpb wd-set-mb reset-last-child  wd-rs-684b407874341 wd-title-color-default wd-title-style-default text-left  wd-underline-colored\">\n\t\t\t\n\t\t\t<div class=\"liner-continer\">\n\t\t\t\t<h4 class=\"woodmart-title-container title  wd-font-weight- wd-fontsize-l\" >Kocaeli \u00d6zel Overlok Hizmetinde G\u00fcvenilir Adres: Malta Hal\u0131 Y\u0131kama ve Koltuk Y\u0131kama Fabrikas\u0131<\/h4>\n\t\t\t\t\t\t\t<\/div>\n\t\t\t\n\t\t\t\n\t\t\t\n\t\t<\/div>\n\t\t\n\t\t\t\t<div id=\"wd-684b408264675\" class=\"wd-text-block wd-wpb reset-last-child wd-rs-684b408264675 text-left \">\n\t\t\t<p data-start=\"3615\" data-end=\"3841\">Kesilmi\u015f ya da kenarlar\u0131 zarar g\u00f6rm\u00fc\u015f hal\u0131lar\u0131n\u0131z\u0131 estetik, sa\u011flam ve uzun \u00f6m\u00fcrl\u00fc hale getirmek i\u00e7in do\u011fru adrestesiniz.<br data-start=\"3735\" data-end=\"3738\" \/><strong data-start=\"928\" data-end=\"959\">Malta Hal\u0131 Y\u0131kama ve Koltuk Y\u0131kama Fabrikas\u0131<\/strong>, profesyonel overlok \u00e7\u00f6z\u00fcmleri ile hal\u0131lar\u0131n\u0131z\u0131n kenarlar\u0131n\u0131 g\u00fcvence alt\u0131na al\u0131r.<\/p>\n<p data-start=\"3843\" data-end=\"3977\">???? <strong data-start=\"3846\" data-end=\"3859\">\u0130leti\u015fim:<\/strong> +90 (262) 322 25 82<br data-start=\"3879\" data-end=\"3882\" \/>???? <strong data-start=\"3885\" data-end=\"3906\">Hizmet B\u00f6lgeleri:<\/strong> \u0130zmit, Yahyakaptan, Umuttepe, Derince, K\u00f6rfez, Ye\u015filova ve t\u00fcm Kocaeli<\/p>\n\t\t<\/div>\n\t\t[\/vc_column][\/vc_row][\/vc_section]<\/p>\n<\/div>","protected":false},"excerpt":{"rendered":"<p>[vc_section woodmart_css_id=&#8221;685825359064b&#8221; responsive_spacing=&#8221;eyJwYXJhbV90eXBlIjoid29vZG1hcnRfcmVzcG9uc2l2ZV9zcGFjaW5nIiwic2VsZWN0b3JfaWQiOiI2ODU4MjUzNTkwNjRiIiwic2hvcnRjb2RlIjoidmNfc2VjdGlvbiIsImRhdGEiOnsidGFibGV0Ijp7fSwibW9iaWxlIjp7fX19&#8243; mobile_bg_img_hidden=&#8221;no&#8221; tablet_bg_img_hidden=&#8221;no&#8221; woodmart_parallax=&#8221;0&#8243; woodmart_gradient_switch=&#8221;no&#8221; woodmart_box_shadow=&#8221;no&#8221; wd_z_index=&#8221;no&#8221; woodmart_disable_overflow=&#8221;0&#8243;][vc_row woodmart_css_id=&#8221;68582530af52c&#8221; responsive_spacing=&#8221;eyJwYXJhbV90eXBlIjoid29vZG1hcnRfcmVzcG9uc2l2ZV9zcGFjaW5nIiwic2VsZWN0b3JfaWQiOiI2ODU4MjUzMGFmNTJjIiwic2hvcnRjb2RlIjoidmNfcm93IiwiZGF0YSI6eyJ0YWJsZXQiOnt9LCJtb2JpbGUiOnt9fX0=&#8221; mobile_bg_img_hidden=&#8221;no&#8221; tablet_bg_img_hidden=&#8221;no&#8221; woodmart_parallax=&#8221;0&#8243; woodmart_gradient_switch=&#8221;no&#8221; woodmart_box_shadow=&#8221;no&#8221; wd_z_index=&#8221;no&#8221; woodmart_disable_overflow=&#8221;0&#8243; row_reverse_mobile=&#8221;0&#8243;<\/p>\n","protected":false},"author":1,"featured_media":0,"parent":10131,"menu_order":0,"comment_status":"closed","ping_status":"closed","template":"","meta":{"footnotes":""},"class_list":["post-10184","page","type-page","status-publish","hentry"],"_links":{"self":[{"href":"https:\/\/www.maltahaliyikama.com\/index.php\/wp-json\/wp\/v2\/pages\/10184","targetHints":{"allow":["GET"]}}],"collection":[{"href":"https:\/\/www.maltahaliyikama.com\/index.php\/wp-json\/wp\/v2\/pages"}],"about":[{"href":"https:\/\/www.maltahaliyikama.com\/index.php\/wp-json\/wp\/v2\/types\/page"}],"author":[{"embeddable":true,"href":"https:\/\/www.maltahaliyikama.com\/index.php\/wp-json\/wp\/v2\/users\/1"}],"replies":[{"embeddable":true,"href":"https:\/\/www.maltahaliyikama.com\/index.php\/wp-json\/wp\/v2\/comments?post=10184"}],"version-history":[{"count":6,"href":"https:\/\/www.maltahaliyikama.com\/index.php\/wp-json\/wp\/v2\/pages\/10184\/revisions"}],"predecessor-version":[{"id":10428,"href":"https:\/\/www.maltahaliyikama.com\/index.php\/wp-json\/wp\/v2\/pages\/10184\/revisions\/10428"}],"up":[{"embeddable":true,"href":"https:\/\/www.maltahaliyikama.com\/index.php\/wp-json\/wp\/v2\/pages\/10131"}],"wp:attachment":[{"href":"https:\/\/www.maltahaliyikama.com\/index.php\/wp-json\/wp\/v2\/media?parent=10184"}],"curies":[{"name":"wp","href":"https:\/\/api.w.org\/{rel}","templated":true}]}}