{"id":10186,"date":"2025-05-30T02:59:16","date_gmt":"2025-05-29T23:59:16","guid":{"rendered":"https:\/\/www.maltahaliyikama.com\/?page_id=10186"},"modified":"2025-06-22T18:43:19","modified_gmt":"2025-06-22T15:43:19","slug":"shaggy-hali-yikama","status":"publish","type":"page","link":"https:\/\/www.maltahaliyikama.com\/index.php\/hizmetlerimiz\/shaggy-hali-yikama\/","title":{"rendered":"Shaggy Hal\u0131 Y\u0131kama"},"content":{"rendered":"<div class=\"wpb-content-wrapper\"><p>[vc_section][vc_row woodmart_css_id=&#8221;6858248eecb6d&#8221; responsive_spacing=&#8221;eyJwYXJhbV90eXBlIjoid29vZG1hcnRfcmVzcG9uc2l2ZV9zcGFjaW5nIiwic2VsZWN0b3JfaWQiOiI2ODU4MjQ4ZWVjYjZkIiwic2hvcnRjb2RlIjoidmNfcm93IiwiZGF0YSI6eyJ0YWJsZXQiOnt9LCJtb2JpbGUiOnt9fX0=&#8221; mobile_bg_img_hidden=&#8221;no&#8221; tablet_bg_img_hidden=&#8221;no&#8221; woodmart_parallax=&#8221;0&#8243; woodmart_gradient_switch=&#8221;no&#8221; woodmart_box_shadow=&#8221;no&#8221; wd_z_index=&#8221;no&#8221; woodmart_disable_overflow=&#8221;0&#8243; row_reverse_mobile=&#8221;0&#8243; row_reverse_tablet=&#8221;0&#8243;][vc_column width=&#8221;1\/2&#8243;]\n\t\t<div id=\"wd-683962dd2d8c3\" class=\"title-wrapper wd-wpb wd-set-mb reset-last-child  wd-rs-683962dd2d8c3 wd-title-color-default wd-title-style-default text-left  wd-underline-colored\">\n\t\t\t\t\t\t\t\n\t\t\t\t<div class=\"title-subtitle  subtitle-color-default font-alt subtitle-style-default wd-font-weight- wd-fontsize-xs\">Malta Hal\u0131 Y\u0131kama | Kocaeli Shaggy Hal\u0131 Temizli\u011fi &amp; Profesyonel Hizmet<\/div>\n\t\t\t\n\t\t\t<div class=\"liner-continer\">\n\t\t\t\t<h4 class=\"woodmart-title-container title  wd-font-weight- wd-fontsize-l\" >Shaggy Hal\u0131 Y\u0131kama<\/h4>\n\t\t\t\t\t\t\t<\/div>\n\t\t\t\n\t\t\t\n\t\t\t\n\t\t<\/div>\n\t\t\n\t\t\t\t<div id=\"wd-684b3df397a25\" class=\"wd-text-block wd-wpb reset-last-child wd-rs-684b3df397a25 text-left \">\n\t\t\t<p data-start=\"591\" data-end=\"873\"><strong data-start=\"591\" data-end=\"609\">Shaggy hal\u0131lar<\/strong>, uzun t\u00fcyl\u00fc, yumu\u015fak ve konforlu yap\u0131s\u0131yla ev dekorasyonunda s\u0131kl\u0131kla tercih edilen modern hal\u0131 t\u00fcrlerinden biridir. Ancak bu uzun t\u00fcyl\u00fc yap\u0131, kiri ve tozu \u00e7ok daha derinlere hapsedebilir ve temizlik konusunda standart hal\u0131lara g\u00f6re \u00e7ok daha zorlay\u0131c\u0131 hale gelir.<\/p>\n<p data-start=\"875\" data-end=\"1089\">S\u0131radan temizlik y\u00f6ntemleri, shaggy hal\u0131lar\u0131n taban\u0131na ula\u015famaz ve bakterilerin \u00e7o\u011falmas\u0131na yol a\u00e7abilir. Ayr\u0131ca uzun t\u00fcyler, yanl\u0131\u015f kurutma ve deterjan uygulamalar\u0131yla ke\u00e7ele\u015febilir veya \u015fekil kayb\u0131na u\u011frayabilir.<\/p>\n<p data-start=\"1091\" data-end=\"1308\"><strong data-start=\"928\" data-end=\"959\">Malta Hal\u0131 Y\u0131kama ve Koltuk Y\u0131kama Fabrikas\u0131<\/strong> olarak biz, <strong data-start=\"1125\" data-end=\"1136\">Kocaeli<\/strong>, <strong data-start=\"1138\" data-end=\"1147\">\u0130zmit<\/strong>, <strong data-start=\"1149\" data-end=\"1164\">Yahyakaptan<\/strong>, <strong data-start=\"1166\" data-end=\"1178\">Umuttepe<\/strong>, <strong data-start=\"1180\" data-end=\"1190\">K\u00f6rfez<\/strong>, <strong data-start=\"1192\" data-end=\"1203\">Derince<\/strong>, <strong data-start=\"1205\" data-end=\"1217\">Ye\u015filova<\/strong> gibi bir\u00e7ok b\u00f6lgede shaggy hal\u0131 y\u0131kama hizmetini, \u00f6zel ekipman ve tekniklerle sunmaktay\u0131z.<\/p>\n\t\t<\/div>\n\t\t[\/vc_column][vc_column width=&#8221;1\/2&#8243;]\t\t<div id=\"wd-6838f4bcd2f31\" class=\"wd-image wd-wpb wd-rs-6838f4bcd2f31 text-right \">\n\t\t\t\n\t\t\t<img loading=\"lazy\" decoding=\"async\" width=\"371\" height=\"300\" src=\"https:\/\/www.maltahaliyikama.com\/wp-content\/uploads\/2025\/05\/Shaggy-Hali-Yikama-Hizmeti-Kocaeli-Izmit-Korfez-Malta-Yesilova-Umuttepe-Malta-Hali-Yikamada.png\" class=\"attachment-medium size-medium\" alt=\"Shaggy Hal\u0131 Y\u0131kama Hizmeti Kocaeli \u0130zmit K\u00f6rfez Malta Ye\u015filova Umuttepe Malta Hal\u0131 Y\u0131kama&#039;da!\" \/>\n\t\t\t\t\t<\/div>\n\t\t[\/vc_column][\/vc_row][vc_row][vc_column]\n\t\t<div id=\"wd-682c712f5c227\" class=\"title-wrapper wd-wpb wd-set-mb reset-last-child  wd-rs-682c712f5c227 wd-title-color-default wd-title-style-default text-left  wd-underline-colored\">\n\t\t\t\n\t\t\t<div class=\"liner-continer\">\n\t\t\t\t<h4 class=\"woodmart-title-container title  wd-font-weight- wd-fontsize-l\" >Shaggy Hal\u0131s\u0131 Nedir?<\/h4>\n\t\t\t\t\t\t\t<\/div>\n\t\t\t\n\t\t\t\n\t\t\t\n\t\t<\/div>\n\t\t\n\t\t\t\t<div id=\"wd-682c7133d5638\" class=\"wd-text-block wd-wpb reset-last-child wd-rs-682c7133d5638 text-left \">\n\t\t\t<p data-start=\"1341\" data-end=\"1580\">Shaggy hal\u0131lar, 3 cm\u2019ye kadar uzayabilen iplik boyuna sahip, kabar\u0131k ve yumu\u015fak yap\u0131l\u0131 hal\u0131lard\u0131r. Genellikle viskon, polyester veya akrilik gibi sentetik ipliklerle dokunurlar. En b\u00fcy\u00fck \u00f6zelli\u011fi; konforlu bas\u0131\u015f hissi ve estetik duru\u015fudur.<\/p>\n<p data-start=\"1582\" data-end=\"1787\">Ancak bu uzun t\u00fcy yap\u0131s\u0131, kiri derinlere hapseder ve standart y\u0131kama makineleri ile tam anlam\u0131yla temizlenmesi m\u00fcmk\u00fcn olmaz. Bu nedenle \u00f6zel y\u00f6ntemlerle, katman katman derinlemesine temizlenmeleri gerekir.<\/p>\n\t\t<\/div>\n\t\t[\/vc_column][\/vc_row][vc_row][vc_column]\n\t\t<div id=\"wd-682c714707616\" class=\"title-wrapper wd-wpb wd-set-mb reset-last-child  wd-rs-682c714707616 wd-title-color-default wd-title-style-default text-left  wd-underline-colored\">\n\t\t\t\n\t\t\t<div class=\"liner-continer\">\n\t\t\t\t<h4 class=\"woodmart-title-container title  wd-font-weight- wd-fontsize-l\" >Shaggy Hal\u0131s\u0131 Neden \u00d6zel Y\u0131kama Gerektirir?<\/h4>\n\t\t\t\t\t\t\t<\/div>\n\t\t\t\n\t\t\t\n\t\t\t\n\t\t<\/div>\n\t\t\n\t\t\t\t<div id=\"wd-682c71ab29abe\" class=\"wd-text-block wd-wpb reset-last-child wd-rs-682c71ab29abe text-left \">\n\t\t\t<ul>\n<li><strong data-start=\"1845\" data-end=\"1874\">Yo\u011fun ve Uzun T\u00fcy Yap\u0131s\u0131:<\/strong> Toz, t\u00fcy ve sa\u00e7 gibi maddeler hal\u0131n\u0131n derinlerinde birikir. Bu katmanlara ula\u015fmak i\u00e7in \u00f6zel teknik gerekir.<\/li>\n<li data-start=\"1987\" data-end=\"2093\"><strong data-start=\"1987\" data-end=\"2013\">\u015eekil Bozulmas\u0131 Riski:<\/strong> Y\u00fcksek s\u0131cakl\u0131k ve agresif y\u0131kama makineleri hal\u0131n\u0131n formunu kaybettirebilir.<\/li>\n<li data-start=\"2096\" data-end=\"2195\"><strong data-start=\"2096\" data-end=\"2122\">Koku ve Bakteri Riski:<\/strong> Derin yap\u0131s\u0131 nedeniyle \u0131slak kal\u0131rsa k\u00f6t\u00fc koku ve bakteri \u00fcretimi artar.<\/li>\n<\/ul>\n\t\t<\/div>\n\t\t[\/vc_column][\/vc_row][vc_row][vc_column]\n\t\t<div id=\"wd-682c7150e0d2f\" class=\"title-wrapper wd-wpb wd-set-mb reset-last-child  wd-rs-682c7150e0d2f wd-title-color-default wd-title-style-default text-left  wd-underline-colored\">\n\t\t\t\n\t\t\t<div class=\"liner-continer\">\n\t\t\t\t<h4 class=\"woodmart-title-container title  wd-font-weight- wd-fontsize-l\" >Shaggy Hal\u0131s\u0131 Y\u0131kama S\u00fcreci Nas\u0131l Olmal\u0131?<\/h4>\n\t\t\t\t\t\t\t<\/div>\n\t\t\t\n\t\t\t\n\t\t\t\n\t\t<\/div>\n\t\t\n\t\t\t\t<div id=\"wd-684b3e0e0e095\" class=\"wd-text-block wd-wpb reset-last-child wd-rs-684b3e0e0e095 text-left \">\n\t\t\t<p data-start=\"2249\" data-end=\"2343\"><strong data-start=\"928\" data-end=\"959\">Malta Hal\u0131 Y\u0131kama ve Koltuk Y\u0131kama Fabrikas\u0131<\/strong> olarak shaggy hal\u0131lar\u0131n\u0131za \u00f6zel temizlik s\u00fcrecimiz \u015fu ad\u0131mlardan olu\u015fur:<\/p>\n<ol data-start=\"2345\" data-end=\"3049\">\n<li data-start=\"2345\" data-end=\"2443\">\n<p data-start=\"2348\" data-end=\"2443\"><strong data-start=\"2348\" data-end=\"2373\">\u0130lk Kontrol &amp; Analiz:<\/strong> Hal\u0131n\u0131n iplik tipi, t\u00fcy uzunlu\u011fu ve kirlilik durumu kontrol edilir.<\/p>\n<\/li>\n<li data-start=\"2444\" data-end=\"2542\">\n<p data-start=\"2447\" data-end=\"2542\"><strong data-start=\"2447\" data-end=\"2468\">Vakumlu Toz Alma:<\/strong> \u00d6zel vakumlu makinelerle derinlere inen toz ve partik\u00fcller ar\u0131nd\u0131r\u0131l\u0131r.<\/p>\n<\/li>\n<li data-start=\"2543\" data-end=\"2645\">\n<p data-start=\"2546\" data-end=\"2645\"><strong data-start=\"2546\" data-end=\"2565\">Leke Temizli\u011fi:<\/strong> Do\u011fal, bitkisel bazl\u0131 leke \u00e7\u00f6z\u00fcc\u00fclerle y\u00fczeye zarar vermeden m\u00fcdahale edilir.<\/p>\n<\/li>\n<li data-start=\"2646\" data-end=\"2768\">\n<p data-start=\"2649\" data-end=\"2768\"><strong data-start=\"2649\" data-end=\"2665\">\u00d6zel Y\u0131kama:<\/strong> Shaggy hal\u0131lar i\u00e7in geli\u015ftirilen d\u00fc\u015f\u00fck devirli, y\u00fcksek bas\u0131n\u00e7l\u0131 sistemle hal\u0131 derinlemesine y\u0131kan\u0131r.<\/p>\n<\/li>\n<li data-start=\"2769\" data-end=\"2831\">\n<p data-start=\"2772\" data-end=\"2831\"><strong data-start=\"2772\" data-end=\"2785\">Durulama:<\/strong> Hal\u0131n\u0131n t\u00fcm katmanlar\u0131 bol suyla durulan\u0131r.<\/p>\n<\/li>\n<li data-start=\"2832\" data-end=\"2934\">\n<p data-start=\"2835\" data-end=\"2934\"><strong data-start=\"2835\" data-end=\"2857\">Santrif\u00fcj Kurutma:<\/strong> T\u00fcylerde \u015fekil bozulmas\u0131 olmamas\u0131 i\u00e7in \u00f6zel kurutma tamburlar\u0131 kullan\u0131l\u0131r.<\/p>\n<\/li>\n<li data-start=\"2935\" data-end=\"3049\">\n<p data-start=\"2938\" data-end=\"3049\"><strong data-start=\"2938\" data-end=\"2966\">Do\u011fal Kurutma &amp; Kontrol:<\/strong> Hal\u0131, havaland\u0131rmal\u0131 alanda kurutulur ve t\u00fcylerinin formu f\u0131r\u00e7alanarak d\u00fczeltilir.<\/p>\n<\/li>\n<\/ol>\n\t\t<\/div>\n\t\t[\/vc_column][\/vc_row][vc_row][vc_column]\n\t\t<div id=\"wd-684b3e1820b07\" class=\"title-wrapper wd-wpb wd-set-mb reset-last-child  wd-rs-684b3e1820b07 wd-title-color-default wd-title-style-default text-left  wd-underline-colored\">\n\t\t\t\n\t\t\t<div class=\"liner-continer\">\n\t\t\t\t<h4 class=\"woodmart-title-container title  wd-font-weight- wd-fontsize-l\" >Malta Hal\u0131 Y\u0131kama ve Koltuk Y\u0131kama Fabrikas\u0131 ile Shaggy Hal\u0131lar\u0131n\u0131z Formunu Kaybetmez<\/h4>\n\t\t\t\t\t\t\t<\/div>\n\t\t\t\n\t\t\t\n\t\t\t\n\t\t<\/div>\n\t\t\n\t\t\t\t<div id=\"wd-684b3e369d7c3\" class=\"wd-text-block wd-wpb reset-last-child wd-rs-684b3e369d7c3 text-left \">\n\t\t\t<p data-start=\"3117\" data-end=\"3265\">Shaggy \u00f6zel hal\u0131 temizli\u011fi, yaln\u0131zca y\u0131kama de\u011fil, hal\u0131n\u0131n \u015feklini ve yumu\u015fakl\u0131\u011f\u0131n\u0131 koruyarak uzun \u00f6m\u00fcrl\u00fc kullan\u0131m sa\u011flamakt\u0131r. <strong data-start=\"928\" data-end=\"959\">Malta Hal\u0131 Y\u0131kama ve Koltuk Y\u0131kama Fabrikas\u0131<\/strong> olarak:<\/p>\n<ul data-start=\"3267\" data-end=\"3472\">\n<li data-start=\"3267\" data-end=\"3315\">\n<p data-start=\"3269\" data-end=\"3315\">T\u00fcy yap\u0131s\u0131n\u0131 koruyan \u00f6zel kurutma sistemleri<\/p>\n<\/li>\n<li data-start=\"3316\" data-end=\"3364\">\n<p data-start=\"3318\" data-end=\"3364\">Bitkisel i\u00e7erikli, hassas deterjan kullan\u0131m\u0131<\/p>\n<\/li>\n<li data-start=\"3365\" data-end=\"3398\">\n<p data-start=\"3367\" data-end=\"3398\">Katmanl\u0131 temizlik teknolojisi<\/p>\n<\/li>\n<li data-start=\"3399\" data-end=\"3427\">\n<p data-start=\"3401\" data-end=\"3427\">%100 m\u00fc\u015fteri memnuniyeti<\/p>\n<\/li>\n<li data-start=\"3428\" data-end=\"3472\">\n<p data-start=\"3430\" data-end=\"3472\">\u0130zmit ve \u00e7evresine \u00fccretsiz servis hizmeti<\/p>\n<\/li>\n<\/ul>\n<p data-start=\"3474\" data-end=\"3519\">ile shaggy hal\u0131lar\u0131n\u0131z\u0131 g\u00fcvenle temizliyoruz.<\/p>\n\t\t<\/div>\n\t\t[\/vc_column][\/vc_row][vc_row][vc_column]\n\t\t<div id=\"wd-682c727901f3e\" class=\"title-wrapper wd-wpb wd-set-mb reset-last-child  wd-rs-682c727901f3e wd-title-color-default wd-title-style-default text-left  wd-underline-colored\">\n\t\t\t\n\t\t\t<div class=\"liner-continer\">\n\t\t\t\t<h4 class=\"woodmart-title-container title  wd-font-weight- wd-fontsize-l\" >Shaggy Hal\u0131s\u0131 Y\u0131kama Fiyatlar\u0131<\/h4>\n\t\t\t\t\t\t\t<\/div>\n\t\t\t\n\t\t\t\n\t\t\t\n\t\t<\/div>\n\t\t\n\t\t\t\t<div id=\"wd-684b3e4997216\" class=\"wd-text-block wd-wpb reset-last-child wd-rs-684b3e4997216 text-left \">\n\t\t\t<p data-start=\"3562\" data-end=\"3755\">Shaggy hal\u0131lar, metrekaresine ve t\u00fcy uzunlu\u011funa g\u00f6re \u00f6zel fiyatland\u0131r\u0131l\u0131r. Ayr\u0131ca form bozulmas\u0131n\u0131 \u00f6nlemek i\u00e7in uygulanan teknikler nedeniyle klasik hal\u0131lardan farkl\u0131 fiyat seviyeleri olabilir.<\/p>\n<p data-start=\"3757\" data-end=\"3902\">???? <strong data-start=\"3760\" data-end=\"3800\">Minimum servis bedelimiz 500 TL&#8217;dir.<\/strong><br data-start=\"3800\" data-end=\"3803\" \/>???? Detayl\u0131 bilgi ve fiyat almak i\u00e7in bize hal\u0131 foto\u011fraf\u0131n\u0131z\u0131 ve \u00f6l\u00e7\u00fc bilgilerini g\u00f6nderebilirsiniz.<\/p>\n\t\t<\/div>\n\t\t[\/vc_column][\/vc_row][vc_row][vc_column]\n\t\t<div id=\"wd-684b3e5378ed2\" class=\"title-wrapper wd-wpb wd-set-mb reset-last-child  wd-rs-684b3e5378ed2 wd-title-color-default wd-title-style-default text-left  wd-underline-colored\">\n\t\t\t\n\t\t\t<div class=\"liner-continer\">\n\t\t\t\t<h4 class=\"woodmart-title-container title  wd-font-weight- wd-fontsize-l\" >Shaggy Hal\u0131s\u0131 \u00d6zel Y\u0131kama Hakk\u0131nda S\u0131k Sorulan Sorular<\/h4>\n\t\t\t\t\t\t\t<\/div>\n\t\t\t\n\t\t\t\n\t\t\t\n\t\t<\/div>\n\t\t\n\t\t\t\t<div id=\"wd-682c7183bac9c\" class=\"wd-text-block wd-wpb reset-last-child wd-rs-682c7183bac9c text-left \">\n\t\t\t<p data-start=\"3934\" data-end=\"4063\"><strong data-start=\"3934\" data-end=\"3969\">Shaggy hal\u0131lar evde y\u0131kan\u0131r m\u0131?<\/strong><br data-start=\"3969\" data-end=\"3972\" \/>Hay\u0131r. Ev tipi y\u0131kamalarda t\u00fcyler ke\u00e7ele\u015febilir, hal\u0131n\u0131n i\u00e7 katman\u0131 yeterince temizlenemez.<\/p>\n<p data-start=\"4065\" data-end=\"4210\"><strong data-start=\"4065\" data-end=\"4091\">Hal\u0131 formu bozulur mu?<\/strong><br data-start=\"4091\" data-end=\"4094\" \/>Do\u011fru teknikle y\u0131kanan shaggy hal\u0131lar formunu korur. Biz \u00f6zel kurutma ile hal\u0131n\u0131n yap\u0131s\u0131n\u0131 bozmadan teslim ediyoruz.<\/p>\n<p data-start=\"4212\" data-end=\"4307\"><strong data-start=\"4212\" data-end=\"4238\">Ne kadar s\u00fcrede kurur?<\/strong><br data-start=\"4238\" data-end=\"4241\" \/>24-36 saat i\u00e7inde, havaland\u0131rmal\u0131 ortamda, \u015fekli bozulmadan kurur.<\/p>\n\t\t<\/div>\n\t\t[\/vc_column][\/vc_row][vc_row][vc_column]\n\t\t<div id=\"wd-684b3e62f0ef8\" class=\"title-wrapper wd-wpb wd-set-mb reset-last-child  wd-rs-684b3e62f0ef8 wd-title-color-default wd-title-style-default text-left  wd-underline-colored\">\n\t\t\t\n\t\t\t<div class=\"liner-continer\">\n\t\t\t\t<h4 class=\"woodmart-title-container title  wd-font-weight- wd-fontsize-l\" >Kocaeli Shaggy Hal\u0131s\u0131 Y\u0131kama Hizmetinde G\u00fcvenilir Adres: Malta Hal\u0131 Y\u0131kama ve Koltuk Y\u0131kama Fabrikas\u0131<\/h4>\n\t\t\t\t\t\t\t<\/div>\n\t\t\t\n\t\t\t\n\t\t\t\n\t\t<\/div>\n\t\t\n\t\t\t\t<div id=\"wd-684b3e6b6018d\" class=\"wd-text-block wd-wpb reset-last-child wd-rs-684b3e6b6018d text-left \">\n\t\t\t<p data-start=\"4390\" data-end=\"4539\">Shaggy hal\u0131lar\u0131n\u0131z\u0131 y\u0131kat\u0131rken t\u00fcylerini de\u011fil, konforunu da koruyun! <strong data-start=\"928\" data-end=\"959\">Malta Hal\u0131 Y\u0131kama ve Koltuk Y\u0131kama Fabrikas\u0131<\/strong>; modern tekniklerle, derinlemesine ve g\u00fcvenli temizlik sunar.<\/p>\n<p data-start=\"4541\" data-end=\"4671\">???? <strong data-start=\"4544\" data-end=\"4557\">\u0130leti\u015fim:<\/strong> +90 (262) 322 25 82<br data-start=\"4577\" data-end=\"4580\" \/>???? <strong data-start=\"4583\" data-end=\"4604\">Hizmet B\u00f6lgeleri:<\/strong> \u0130zmit, K\u00f6rfez, Yahyakaptan, Derince, Umuttepe, Ye\u015filova ve \u00e7evresi<\/p>\n\t\t<\/div>\n\t\t[\/vc_column][\/vc_row][\/vc_section]<\/p>\n<\/div>","protected":false},"excerpt":{"rendered":"<p>[vc_section][vc_row woodmart_css_id=&#8221;6858248eecb6d&#8221; responsive_spacing=&#8221;eyJwYXJhbV90eXBlIjoid29vZG1hcnRfcmVzcG9uc2l2ZV9zcGFjaW5nIiwic2VsZWN0b3JfaWQiOiI2ODU4MjQ4ZWVjYjZkIiwic2hvcnRjb2RlIjoidmNfcm93IiwiZGF0YSI6eyJ0YWJsZXQiOnt9LCJtb2JpbGUiOnt9fX0=&#8221; mobile_bg_img_hidden=&#8221;no&#8221; tablet_bg_img_hidden=&#8221;no&#8221; woodmart_parallax=&#8221;0&#8243; woodmart_gradient_switch=&#8221;no&#8221; woodmart_box_shadow=&#8221;no&#8221; wd_z_index=&#8221;no&#8221; woodmart_disable_overflow=&#8221;0&#8243; row_reverse_mobile=&#8221;0&#8243; row_reverse_tablet=&#8221;0&#8243;][vc_column width=&#8221;1\/2&#8243;][\/vc_column][vc_column width=&#8221;1\/2&#8243;][\/vc_column][\/vc_row][vc_row][vc_column][\/vc_column][\/vc_row][vc_row][vc_column][\/vc_column][\/vc_row][vc_row][vc_column][\/vc_column][\/vc_row][vc_row][vc_column][\/vc_column][\/vc_row][vc_row][vc_column][\/vc_column][\/vc_row][vc_row][vc_column][\/vc_column][\/vc_row][vc_row][vc_column][\/vc_column][\/vc_row][\/vc_section]<\/p>\n","protected":false},"author":1,"featured_media":0,"parent":10131,"menu_order":0,"comment_status":"closed","ping_status":"closed","template":"","meta":{"footnotes":""},"class_list":["post-10186","page","type-page","status-publish","hentry"],"_links":{"self":[{"href":"https:\/\/www.maltahaliyikama.com\/index.php\/wp-json\/wp\/v2\/pages\/10186","targetHints":{"allow":["GET"]}}],"collection":[{"href":"https:\/\/www.maltahaliyikama.com\/index.php\/wp-json\/wp\/v2\/pages"}],"about":[{"href":"https:\/\/www.maltahaliyikama.com\/index.php\/wp-json\/wp\/v2\/types\/page"}],"author":[{"embeddable":true,"href":"https:\/\/www.maltahaliyikama.com\/index.php\/wp-json\/wp\/v2\/users\/1"}],"replies":[{"embeddable":true,"href":"https:\/\/www.maltahaliyikama.com\/index.php\/wp-json\/wp\/v2\/comments?post=10186"}],"version-history":[{"count":7,"href":"https:\/\/www.maltahaliyikama.com\/index.php\/wp-json\/wp\/v2\/pages\/10186\/revisions"}],"predecessor-version":[{"id":10417,"href":"https:\/\/www.maltahaliyikama.com\/index.php\/wp-json\/wp\/v2\/pages\/10186\/revisions\/10417"}],"up":[{"embeddable":true,"href":"https:\/\/www.maltahaliyikama.com\/index.php\/wp-json\/wp\/v2\/pages\/10131"}],"wp:attachment":[{"href":"https:\/\/www.maltahaliyikama.com\/index.php\/wp-json\/wp\/v2\/media?parent=10186"}],"curies":[{"name":"wp","href":"https:\/\/api.w.org\/{rel}","templated":true}]}}