{"id":10192,"date":"2025-05-30T03:02:35","date_gmt":"2025-05-30T00:02:35","guid":{"rendered":"https:\/\/www.maltahaliyikama.com\/?page_id=10192"},"modified":"2025-06-22T18:47:03","modified_gmt":"2025-06-22T15:47:03","slug":"yastik-yikama","status":"publish","type":"page","link":"https:\/\/www.maltahaliyikama.com\/index.php\/hizmetlerimiz\/yastik-yikama\/","title":{"rendered":"Yast\u0131k Y\u0131kama"},"content":{"rendered":"<div class=\"wpb-content-wrapper\"><p>[vc_section][vc_row woodmart_css_id=&#8221;68582570b4e4b&#8221; responsive_spacing=&#8221;eyJwYXJhbV90eXBlIjoid29vZG1hcnRfcmVzcG9uc2l2ZV9zcGFjaW5nIiwic2VsZWN0b3JfaWQiOiI2ODU4MjU3MGI0ZTRiIiwic2hvcnRjb2RlIjoidmNfcm93IiwiZGF0YSI6eyJ0YWJsZXQiOnt9LCJtb2JpbGUiOnt9fX0=&#8221; mobile_bg_img_hidden=&#8221;no&#8221; tablet_bg_img_hidden=&#8221;no&#8221; woodmart_parallax=&#8221;0&#8243; woodmart_gradient_switch=&#8221;no&#8221; woodmart_box_shadow=&#8221;no&#8221; wd_z_index=&#8221;no&#8221; woodmart_disable_overflow=&#8221;0&#8243; row_reverse_mobile=&#8221;0&#8243; row_reverse_tablet=&#8221;0&#8243;][vc_column width=&#8221;1\/2&#8243;]\n\t\t<div id=\"wd-684b4152a3d15\" class=\"title-wrapper wd-wpb wd-set-mb reset-last-child  wd-rs-684b4152a3d15 wd-title-color-default wd-title-style-default text-left  wd-underline-colored\">\n\t\t\t\t\t\t\t\n\t\t\t\t<div class=\"title-subtitle  subtitle-color-default font-alt subtitle-style-default wd-font-weight- wd-fontsize-xs\">Malta Hal\u0131 Y\u0131kama ve Koltuk Y\u0131kama Fabrikas\u0131<br \/>\n| \u0130zmit &amp; Kocaeli Yast\u0131k Temizli\u011fi Hizmeti<\/div>\n\t\t\t\n\t\t\t<div class=\"liner-continer\">\n\t\t\t\t<h4 class=\"woodmart-title-container title  wd-font-weight- wd-fontsize-l\" >Yast\u0131k Y\u0131kama<\/h4>\n\t\t\t\t\t\t\t<\/div>\n\t\t\t\n\t\t\t\n\t\t\t\n\t\t<\/div>\n\t\t\n\t\t\t\t<div id=\"wd-684b415fe45fe\" class=\"wd-text-block wd-wpb reset-last-child wd-rs-684b415fe45fe text-left \">\n\t\t\t<p data-start=\"514\" data-end=\"863\"><strong data-start=\"514\" data-end=\"527\">Yast\u0131klar<\/strong>, gece boyunca cildimize, sa\u00e7\u0131m\u0131za ve solunum yollar\u0131m\u0131za temas eden en hassas uyku e\u015fyalar\u0131ndan biridir. Ter, \u00f6l\u00fc deri, toz, sa\u00e7, makyaj art\u0131klar\u0131 ve bakteri zamanla yast\u0131klar\u0131n i\u00e7ine i\u015fler ve hijyenik risk olu\u015fturur.<br data-start=\"745\" data-end=\"748\" \/>Ayr\u0131ca yast\u0131klar yanl\u0131\u015f y\u0131kand\u0131\u011f\u0131nda i\u00e7 dolgusu topaklanabilir, formunu kaybedebilir ya da k\u00f6t\u00fc kokular olu\u015fabilir.<\/p>\n<p data-start=\"865\" data-end=\"1193\">\u00d6zellikle <strong data-start=\"875\" data-end=\"939\">y\u00fcn, pamuk veya silikon dolgulu yast\u0131klar\u0131n y\u0131kama i\u015flemleri<\/strong>, profesyonel makineler, uygun \u0131s\u0131 ve \u00f6zel deterjanlarla yap\u0131lmal\u0131d\u0131r.<br data-start=\"1009\" data-end=\"1012\" \/><strong data-start=\"928\" data-end=\"959\">Malta Hal\u0131 Y\u0131kama ve Koltuk Y\u0131kama Fabrikas\u0131<\/strong> olarak, <strong data-start=\"1042\" data-end=\"1051\">\u0130zmit<\/strong>, <strong data-start=\"1053\" data-end=\"1064\">Kocaeli<\/strong>, <strong data-start=\"1066\" data-end=\"1081\">Yahyakaptan<\/strong>, <strong data-start=\"1083\" data-end=\"1095\">Umuttepe<\/strong>, <strong data-start=\"1097\" data-end=\"1108\">Derince<\/strong>, <strong data-start=\"1110\" data-end=\"1120\">K\u00f6rfez<\/strong>, <strong data-start=\"1122\" data-end=\"1134\">Ye\u015filova<\/strong> gibi t\u00fcm b\u00f6lgelerde uzman yast\u0131k y\u0131kama hizmeti sunuyoruz.<\/p>\n\t\t<\/div>\n\t\t[\/vc_column][vc_column width=&#8221;1\/2&#8243;]\t\t<div id=\"wd-6838f584c4758\" class=\"wd-image wd-wpb wd-rs-6838f584c4758 text-right \">\n\t\t\t\n\t\t\t<img loading=\"lazy\" decoding=\"async\" width=\"400\" height=\"267\" src=\"https:\/\/www.maltahaliyikama.com\/wp-content\/uploads\/2025\/05\/Yastik-Yikama-Hizmeti-Kocaeli-Izmit-Korfez-Malta-Yesilova-Umuttepe-Malta-Hali-Yikamada.jpg\" class=\"attachment-medium size-medium\" alt=\"Yast\u0131k Y\u0131kama Hizmeti Kocaeli \u0130zmit K\u00f6rfez Malta Ye\u015filova Umuttepe Malta Hal\u0131 Y\u0131kama&#039;da!\" \/>\n\t\t\t\t\t<\/div>\n\t\t[\/vc_column][\/vc_row][vc_row][vc_column]\n\t\t<div id=\"wd-684b41762543d\" class=\"title-wrapper wd-wpb wd-set-mb reset-last-child  wd-rs-684b41762543d wd-title-color-default wd-title-style-default text-left  wd-underline-colored\">\n\t\t\t\n\t\t\t<div class=\"liner-continer\">\n\t\t\t\t<h4 class=\"woodmart-title-container title  wd-font-weight- wd-fontsize-l\" >Yast\u0131klar Neden Profesyonelce ve \u00d6zel Y\u0131kanmal\u0131?<\/h4>\n\t\t\t\t\t\t\t<\/div>\n\t\t\t\n\t\t\t\n\t\t\t\n\t\t<\/div>\n\t\t\n\t\t\t\t<div id=\"wd-682ce3ce7e5b6\" class=\"wd-text-block wd-wpb reset-last-child wd-rs-682ce3ce7e5b6 text-left \">\n\t\t\t<ul data-start=\"1246\" data-end=\"1598\">\n<li data-start=\"1246\" data-end=\"1344\">\n<p data-start=\"1248\" data-end=\"1344\"><strong data-start=\"1248\" data-end=\"1269\">Alerjen Birikimi:<\/strong> Ev tipi temizlik toz akarlar\u0131n\u0131 ve bakterileri derinlemesine temizlemez.<\/p>\n<\/li>\n<li data-start=\"1345\" data-end=\"1437\">\n<p data-start=\"1347\" data-end=\"1437\"><strong data-start=\"1347\" data-end=\"1364\">Yast\u0131k Formu:<\/strong> Yanl\u0131\u015f kurutma i\u00e7 dolgunun topaklanmas\u0131na veya sertle\u015fmesine yol a\u00e7ar.<\/p>\n<\/li>\n<li data-start=\"1438\" data-end=\"1508\">\n<p data-start=\"1440\" data-end=\"1508\"><strong data-start=\"1440\" data-end=\"1456\">Koku Sorunu:<\/strong> Nemli kalan yast\u0131klar k\u00f6t\u00fc koku ve k\u00fcf olu\u015fturur.<\/p>\n<\/li>\n<li data-start=\"1509\" data-end=\"1598\">\n<p data-start=\"1511\" data-end=\"1598\"><strong data-start=\"1511\" data-end=\"1530\">Y\u0131pranma Riski:<\/strong> Evde s\u0131cak su veya sert deterjan kullan\u0131m\u0131 kuma\u015f\u0131 ve dolguyu bozar.<\/p>\n<\/li>\n<\/ul>\n\t\t<\/div>\n\t\t[\/vc_column][\/vc_row][vc_row][vc_column]\n\t\t<div id=\"wd-682ce3e0664e8\" class=\"title-wrapper wd-wpb wd-set-mb reset-last-child  wd-rs-682ce3e0664e8 wd-title-color-default wd-title-style-default text-left  wd-underline-colored\">\n\t\t\t\n\t\t\t<div class=\"liner-continer\">\n\t\t\t\t<h4 class=\"woodmart-title-container title  wd-font-weight- wd-fontsize-l\" >Yast\u0131k Y\u0131kama S\u00fcreci Nas\u0131l Olmal\u0131?<\/h4>\n\t\t\t\t\t\t\t<\/div>\n\t\t\t\n\t\t\t\n\t\t\t\n\t\t<\/div>\n\t\t\n\t\t\t\t<div id=\"wd-684b41809ed34\" class=\"wd-text-block wd-wpb reset-last-child wd-rs-684b41809ed34 text-left \">\n\t\t\t<p data-start=\"1645\" data-end=\"1718\"><strong data-start=\"928\" data-end=\"959\">Malta Hal\u0131 Y\u0131kama ve Koltuk Y\u0131kama Fabrikas\u0131<\/strong> olarak yast\u0131klar\u0131n\u0131z\u0131 \u015fu ad\u0131mlarla \u00f6zenle temizliyoruz:<\/p>\n<ol data-start=\"1720\" data-end=\"2377\">\n<li data-start=\"1720\" data-end=\"1831\">\n<p data-start=\"1723\" data-end=\"1831\"><strong data-start=\"1723\" data-end=\"1746\">Dolgu Tipi Analizi:<\/strong> Yast\u0131\u011f\u0131n dolgu malzemesi (y\u00fcn, pamuk, elyaf, silikon) ve kuma\u015f t\u00fcr\u00fc tespit edilir.<\/p>\n<\/li>\n<li data-start=\"1832\" data-end=\"1907\">\n<p data-start=\"1835\" data-end=\"1907\"><strong data-start=\"1835\" data-end=\"1848\">Toz Alma:<\/strong> Vakumlu makinelerle d\u0131\u015f y\u00fczeydeki toz ve kir temizlenir.<\/p>\n<\/li>\n<li data-start=\"1908\" data-end=\"1964\">\n<p data-start=\"1911\" data-end=\"1964\"><strong data-start=\"1911\" data-end=\"1924\">\u00d6n \u0130\u015flem:<\/strong> Leke varsa, uygun \u00fcr\u00fcnle yumu\u015fat\u0131l\u0131r.<\/p>\n<\/li>\n<li data-start=\"1965\" data-end=\"2057\">\n<p data-start=\"1968\" data-end=\"2057\"><strong data-start=\"1968\" data-end=\"1991\">D\u00fc\u015f\u00fck Is\u0131l\u0131 Y\u0131kama:<\/strong> Yast\u0131klar \u00f6zel programlarda, dolguyu koruyacak \u015fekilde y\u0131kan\u0131r.<\/p>\n<\/li>\n<li data-start=\"2058\" data-end=\"2135\">\n<p data-start=\"2061\" data-end=\"2135\"><strong data-start=\"2061\" data-end=\"2074\">Durulama:<\/strong> Bol su ile durulama yap\u0131larak kimyasal kal\u0131nt\u0131 b\u0131rak\u0131lmaz.<\/p>\n<\/li>\n<li data-start=\"2136\" data-end=\"2202\">\n<p data-start=\"2139\" data-end=\"2202\"><strong data-start=\"2139\" data-end=\"2163\">Santrif\u00fcj ile S\u0131kma:<\/strong> \u0130\u00e7 dolgu bozulmadan fazla su al\u0131n\u0131r.<\/p>\n<\/li>\n<li data-start=\"2203\" data-end=\"2279\">\n<p data-start=\"2206\" data-end=\"2279\"><strong data-start=\"2206\" data-end=\"2224\">Do\u011fal Kurutma:<\/strong> \u00d6zel ask\u0131 sistemleriyle hava alan ortamda kurutulur.<\/p>\n<\/li>\n<li data-start=\"2280\" data-end=\"2377\">\n<p data-start=\"2283\" data-end=\"2377\"><strong data-start=\"2283\" data-end=\"2307\">Kontrol &amp; Paketleme:<\/strong> Temizlik, koku ve form kontrol edilip teslimata haz\u0131r hale getirilir.<\/p>\n<\/li>\n<\/ol>\n\t\t<\/div>\n\t\t[\/vc_column][\/vc_row][vc_row][vc_column]\n\t\t<div id=\"wd-684b41898fa92\" class=\"title-wrapper wd-wpb wd-set-mb reset-last-child  wd-rs-684b41898fa92 wd-title-color-default wd-title-style-default text-left  wd-underline-colored\">\n\t\t\t\n\t\t\t<div class=\"liner-continer\">\n\t\t\t\t<h4 class=\"woodmart-title-container title  wd-font-weight- wd-fontsize-l\" >Malta Hal\u0131 Y\u0131kama ve Koltuk Y\u0131kama Fabrikas\u0131 ile Yast\u0131klar\u0131n\u0131z Sa\u011fl\u0131kl\u0131 ve Ferah<\/h4>\n\t\t\t\t\t\t\t<\/div>\n\t\t\t\n\t\t\t\n\t\t\t\n\t\t<\/div>\n\t\t\n\t\t\t\t<div id=\"wd-682ce40378c2a\" class=\"wd-text-block wd-wpb reset-last-child wd-rs-682ce40378c2a text-left \">\n\t\t\t<p data-start=\"3009\" data-end=\"3143\">\u2705 Yast\u0131k i\u00e7eri\u011fine uygun \u00f6zel deterjanlar<br data-start=\"2481\" data-end=\"2484\" \/>\u2705 Formu koruyan y\u0131kama ve kurutma sistemi<br data-start=\"2525\" data-end=\"2528\" \/>\u2705 \u0130zmit ve \u00e7evresinde \u00fccretsiz al\u0131m-teslimat<br data-start=\"2572\" data-end=\"2575\" \/>\u2705 Bebekler ve alerjik b\u00fcnyeler i\u00e7in hijyenik \u00e7\u00f6z\u00fcmler<br data-start=\"2628\" data-end=\"2631\" \/>\u2705 %100 m\u00fc\u015fteri memnuniyeti garantisi<\/p>\n\t\t<\/div>\n\t\t[\/vc_column][\/vc_row][vc_row][vc_column]\n\t\t<div id=\"wd-682ce40e6c00d\" class=\"title-wrapper wd-wpb wd-set-mb reset-last-child  wd-rs-682ce40e6c00d wd-title-color-default wd-title-style-default text-left  wd-underline-colored\">\n\t\t\t\n\t\t\t<div class=\"liner-continer\">\n\t\t\t\t<h4 class=\"woodmart-title-container title  wd-font-weight- wd-fontsize-l\" >Yast\u0131k Y\u0131kama Fiyatlar\u0131<\/h4>\n\t\t\t\t\t\t\t<\/div>\n\t\t\t\n\t\t\t\n\t\t\t\n\t\t<\/div>\n\t\t\n\t\t\t\t<div id=\"wd-684b41928cae5\" class=\"wd-text-block wd-wpb reset-last-child wd-rs-684b41928cae5 text-left \">\n\t\t\t<p data-start=\"2703\" data-end=\"2850\">Yast\u0131k t\u00fcr\u00fcne ve adet say\u0131s\u0131na g\u00f6re fiyatland\u0131rma yap\u0131lmaktad\u0131r.<br data-start=\"2767\" data-end=\"2770\" \/>Standart, y\u00fcn, elyaf veya medikal yast\u0131k tiplerinde farkl\u0131 uygulamalar olabilir.<\/p>\n<p data-start=\"2852\" data-end=\"3023\">???? <strong data-start=\"2855\" data-end=\"2882\">Standart yast\u0131k y\u0131kama:<\/strong> 150 TL \/ adet<br data-start=\"2896\" data-end=\"2899\" \/>???? Toplu y\u0131kamalarda ve yorgan ile birlikte g\u00f6nderimlerde \u00f6zel indirim uygulan\u0131r.<br data-start=\"2980\" data-end=\"2983\" \/>???? Minimum servis bedelimiz: 500 TL\u2019dir.<\/p>\n\t\t<\/div>\n\t\t[\/vc_column][\/vc_row][vc_row][vc_column]\n\t\t<div id=\"wd-682ce42171c84\" class=\"title-wrapper wd-wpb wd-set-mb reset-last-child  wd-rs-682ce42171c84 wd-title-color-default wd-title-style-default text-left  wd-underline-colored\">\n\t\t\t\n\t\t\t<div class=\"liner-continer\">\n\t\t\t\t<h4 class=\"woodmart-title-container title  wd-font-weight- wd-fontsize-l\" >Yast\u0131k Y\u0131kama Hakk\u0131nda S\u0131k Sorulan Sorular<\/h4>\n\t\t\t\t\t\t\t<\/div>\n\t\t\t\n\t\t\t\n\t\t\t\n\t\t<\/div>\n\t\t\n\t\t\t\t<div id=\"wd-682ce441ea570\" class=\"wd-text-block wd-wpb reset-last-child wd-rs-682ce441ea570 text-left \">\n\t\t\t<p data-start=\"3071\" data-end=\"3197\"><strong data-start=\"3071\" data-end=\"3106\">Evde yast\u0131k y\u0131kamak yeterli mi?<\/strong><br data-start=\"3106\" data-end=\"3109\" \/>Hay\u0131r. Evdeki makineler i\u00e7 dolguyu tam temizleyemez, \u0131slak kal\u0131r ve k\u00f6t\u00fc kokular olu\u015fur.<\/p>\n<p data-start=\"3199\" data-end=\"3304\"><strong data-start=\"3199\" data-end=\"3227\">Yast\u0131k formu bozulur mu?<\/strong><br data-start=\"3227\" data-end=\"3230\" \/>Hay\u0131r. Do\u011fru teknikle y\u0131kanan ve kurutulan yast\u0131klar ilk g\u00fcnk\u00fc gibi kal\u0131r.<\/p>\n<p data-start=\"3306\" data-end=\"3411\"><strong data-start=\"3306\" data-end=\"3330\">Kuruma s\u00fcresi nedir?<\/strong><br data-start=\"3330\" data-end=\"3333\" \/>24\u201348 saat aras\u0131nda de\u011fi\u015fir. Tam kuruma sa\u011flanmadan kesinlikle teslim edilmez.<\/p>\n\t\t<\/div>\n\t\t[\/vc_column][\/vc_row][vc_row][vc_column]\n\t\t<div id=\"wd-684b419c6b178\" class=\"title-wrapper wd-wpb wd-set-mb reset-last-child  wd-rs-684b419c6b178 wd-title-color-default wd-title-style-default text-left  wd-underline-colored\">\n\t\t\t\n\t\t\t<div class=\"liner-continer\">\n\t\t\t\t<h4 class=\"woodmart-title-container title  wd-font-weight- wd-fontsize-l\" >Kocaeli Yast\u0131k \u00d6zel Y\u0131kama Hizmetinde G\u00fcvenilir Adres: Malta Hal\u0131 Y\u0131kama ve Koltuk Y\u0131kama Fabrikas\u0131<\/h4>\n\t\t\t\t\t\t\t<\/div>\n\t\t\t\n\t\t\t\n\t\t\t\n\t\t<\/div>\n\t\t\n\t\t\t\t<div id=\"wd-684b41a9323cb\" class=\"wd-text-block wd-wpb reset-last-child wd-rs-684b41a9323cb text-left \">\n\t\t\t<p data-start=\"3487\" data-end=\"3685\">Yast\u0131klar\u0131n\u0131z\u0131n temizli\u011fi, uyku kaliteniz ve sa\u011fl\u0131\u011f\u0131n\u0131z a\u00e7\u0131s\u0131ndan b\u00fcy\u00fck \u00f6nem ta\u015f\u0131r.<br data-start=\"3570\" data-end=\"3573\" \/><strong data-start=\"928\" data-end=\"959\">Malta Hal\u0131 Y\u0131kama ve Koltuk Y\u0131kama Fabrikas\u0131<\/strong>, yast\u0131klar\u0131n\u0131z\u0131 derinlemesine temizler, hijyenik ve formunda olarak size geri teslim eder.<\/p>\n<p data-start=\"3687\" data-end=\"3821\">???? <strong data-start=\"3690\" data-end=\"3703\">\u0130leti\u015fim:<\/strong> +90 (262) 322 25 82<br data-start=\"3723\" data-end=\"3726\" \/>???? <strong data-start=\"3729\" data-end=\"3750\">Hizmet B\u00f6lgeleri:<\/strong> \u0130zmit, Yahyakaptan, Umuttepe, Derince, K\u00f6rfez, Ye\u015filova ve t\u00fcm Kocaeli<\/p>\n\t\t<\/div>\n\t\t[\/vc_column][\/vc_row][\/vc_section]<\/p>\n<\/div>","protected":false},"excerpt":{"rendered":"<p>[vc_section][vc_row woodmart_css_id=&#8221;68582570b4e4b&#8221; responsive_spacing=&#8221;eyJwYXJhbV90eXBlIjoid29vZG1hcnRfcmVzcG9uc2l2ZV9zcGFjaW5nIiwic2VsZWN0b3JfaWQiOiI2ODU4MjU3MGI0ZTRiIiwic2hvcnRjb2RlIjoidmNfcm93IiwiZGF0YSI6eyJ0YWJsZXQiOnt9LCJtb2JpbGUiOnt9fX0=&#8221; mobile_bg_img_hidden=&#8221;no&#8221; tablet_bg_img_hidden=&#8221;no&#8221; woodmart_parallax=&#8221;0&#8243; woodmart_gradient_switch=&#8221;no&#8221; woodmart_box_shadow=&#8221;no&#8221; wd_z_index=&#8221;no&#8221; woodmart_disable_overflow=&#8221;0&#8243; row_reverse_mobile=&#8221;0&#8243; row_reverse_tablet=&#8221;0&#8243;][vc_column width=&#8221;1\/2&#8243;][\/vc_column][vc_column width=&#8221;1\/2&#8243;][\/vc_column][\/vc_row][vc_row][vc_column][\/vc_column][\/vc_row][vc_row][vc_column][\/vc_column][\/vc_row][vc_row][vc_column][\/vc_column][\/vc_row][vc_row][vc_column][\/vc_column][\/vc_row][vc_row][vc_column][\/vc_column][\/vc_row][vc_row][vc_column][\/vc_column][\/vc_row][\/vc_section]<\/p>\n","protected":false},"author":1,"featured_media":0,"parent":10131,"menu_order":0,"comment_status":"closed","ping_status":"closed","template":"","meta":{"footnotes":""},"class_list":["post-10192","page","type-page","status-publish","hentry"],"_links":{"self":[{"href":"https:\/\/www.maltahaliyikama.com\/index.php\/wp-json\/wp\/v2\/pages\/10192","targetHints":{"allow":["GET"]}}],"collection":[{"href":"https:\/\/www.maltahaliyikama.com\/index.php\/wp-json\/wp\/v2\/pages"}],"about":[{"href":"https:\/\/www.maltahaliyikama.com\/index.php\/wp-json\/wp\/v2\/types\/page"}],"author":[{"embeddable":true,"href":"https:\/\/www.maltahaliyikama.com\/index.php\/wp-json\/wp\/v2\/users\/1"}],"replies":[{"embeddable":true,"href":"https:\/\/www.maltahaliyikama.com\/index.php\/wp-json\/wp\/v2\/comments?post=10192"}],"version-history":[{"count":5,"href":"https:\/\/www.maltahaliyikama.com\/index.php\/wp-json\/wp\/v2\/pages\/10192\/revisions"}],"predecessor-version":[{"id":10430,"href":"https:\/\/www.maltahaliyikama.com\/index.php\/wp-json\/wp\/v2\/pages\/10192\/revisions\/10430"}],"up":[{"embeddable":true,"href":"https:\/\/www.maltahaliyikama.com\/index.php\/wp-json\/wp\/v2\/pages\/10131"}],"wp:attachment":[{"href":"https:\/\/www.maltahaliyikama.com\/index.php\/wp-json\/wp\/v2\/media?parent=10192"}],"curies":[{"name":"wp","href":"https:\/\/api.w.org\/{rel}","templated":true}]}}