{"id":10194,"date":"2025-05-30T03:03:52","date_gmt":"2025-05-30T00:03:52","guid":{"rendered":"https:\/\/www.maltahaliyikama.com\/?page_id=10194"},"modified":"2025-06-22T18:44:14","modified_gmt":"2025-06-22T15:44:14","slug":"yun-hali-yikama","status":"publish","type":"page","link":"https:\/\/www.maltahaliyikama.com\/index.php\/hizmetlerimiz\/yun-hali-yikama\/","title":{"rendered":"Y\u00fcn Hal\u0131 Y\u0131kama"},"content":{"rendered":"<div class=\"wpb-content-wrapper\"><p>[vc_section][vc_row][vc_column width=&#8221;1\/2&#8243;]\n\t\t<div id=\"wd-68396318a77f9\" class=\"title-wrapper wd-wpb wd-set-mb reset-last-child  wd-rs-68396318a77f9 wd-title-color-default wd-title-style-default text-left  wd-underline-colored\">\n\t\t\t\t\t\t\t\n\t\t\t\t<div class=\"title-subtitle  subtitle-color-default font-alt subtitle-style-default wd-font-weight- wd-fontsize-xs\">Malta Hal\u0131 Y\u0131kama | Kocaeli Do\u011fal Y\u00fcn Hal\u0131 Temizli\u011fi Uzmanl\u0131\u011f\u0131<\/div>\n\t\t\t\n\t\t\t<div class=\"liner-continer\">\n\t\t\t\t<h4 class=\"woodmart-title-container title  wd-font-weight- wd-fontsize-l\" >Y\u00fcn Hal\u0131 Y\u0131kama<\/h4>\n\t\t\t\t\t\t\t<\/div>\n\t\t\t\n\t\t\t\n\t\t\t\n\t\t<\/div>\n\t\t\n\t\t\t\t<div id=\"wd-6839667101bd7\" class=\"wd-text-block wd-wpb reset-last-child wd-rs-6839667101bd7 text-left \">\n\t\t\t<p data-start=\"449\" data-end=\"802\"><strong data-start=\"449\" data-end=\"464\">Y\u00fcn hal\u0131lar<\/strong>, do\u011fall\u0131\u011f\u0131, \u0131s\u0131 yal\u0131t\u0131m\u0131, dayan\u0131kl\u0131l\u0131\u011f\u0131 ve nefes alabilir yap\u0131s\u0131yla geleneksel hal\u0131 \u00e7e\u015fitleri aras\u0131nda en \u00e7ok tercih edilen t\u00fcrlerden biridir. El dokuma veya makine dokuma olarak \u00fcretilebilen y\u00fcn hal\u0131lar, evlerde hem estetik hem de konfor sa\u011flayan \u00fcr\u00fcnlerdir.<br data-start=\"724\" data-end=\"727\" \/>Ancak bu do\u011fal yap\u0131n\u0131n korunabilmesi i\u00e7in \u00f6zel bir temizlik s\u00fcreci gerekir.<\/p>\n<p data-start=\"804\" data-end=\"994\">Y\u00fcn hal\u0131lar, yanl\u0131\u015f y\u0131kama y\u00f6ntemleriyle kolayca ke\u00e7ele\u015febilir, lifleri zarar g\u00f6rebilir veya \u00e7abuk deforme olabilir. Bu nedenle <strong data-start=\"932\" data-end=\"951\">y\u00fcn hal\u0131 y\u0131kama<\/strong> i\u015flemi, uzmanl\u0131k ve hassasiyet gerektirir.<\/p>\n<p data-start=\"996\" data-end=\"1214\"><strong data-start=\"996\" data-end=\"1017\">Malta Hal\u0131 Y\u0131kama<\/strong> olarak, <strong data-start=\"1026\" data-end=\"1035\">\u0130zmit<\/strong>, <strong data-start=\"1037\" data-end=\"1048\">Kocaeli<\/strong>, <strong data-start=\"1050\" data-end=\"1065\">Yahyakaptan<\/strong>, <strong data-start=\"1067\" data-end=\"1079\">Umuttepe<\/strong>, <strong data-start=\"1081\" data-end=\"1091\">K\u00f6rfez<\/strong>, <strong data-start=\"1093\" data-end=\"1104\">Derince<\/strong>, <strong data-start=\"1106\" data-end=\"1118\">Ye\u015filova<\/strong> gibi t\u00fcm b\u00f6lgelerde y\u00fcn hal\u0131lar\u0131n do\u011fal yap\u0131s\u0131na uygun, profesyonel temizlik hizmeti sunuyoruz.<\/p>\n\t\t<\/div>\n\t\t[\/vc_column][vc_column width=&#8221;1\/2&#8243;]\t\t<div id=\"wd-6838f5cca9fd0\" class=\"wd-image wd-wpb wd-rs-6838f5cca9fd0 text-right \">\n\t\t\t\n\t\t\t<img loading=\"lazy\" decoding=\"async\" width=\"371\" height=\"300\" src=\"https:\/\/www.maltahaliyikama.com\/wp-content\/uploads\/2025\/05\/Yun-Hali-Yikama-Hizmeti-Kocaeli-Izmit-Korfez-Malta-Yesilova-Umuttepe-Malta-Hali-Yikamada.jpg\" class=\"attachment-medium size-medium\" alt=\"Y\u00fcn Hal\u0131 Y\u0131kama Hizmeti Kocaeli \u0130zmit K\u00f6rfez Malta Ye\u015filova Umuttepe Malta Hal\u0131 Y\u0131kama&#039;da!\" \/>\n\t\t\t\t\t<\/div>\n\t\t[\/vc_column][\/vc_row][vc_row][vc_column]\n\t\t<div id=\"wd-682c7406126ae\" class=\"title-wrapper wd-wpb wd-set-mb reset-last-child  wd-rs-682c7406126ae wd-title-color-default wd-title-style-default text-left  wd-underline-colored\">\n\t\t\t\n\t\t\t<div class=\"liner-continer\">\n\t\t\t\t<h4 class=\"woodmart-title-container title  wd-font-weight- wd-fontsize-l\" >Y\u00fcn Hal\u0131s\u0131 Nedir?<\/h4>\n\t\t\t\t\t\t\t<\/div>\n\t\t\t\n\t\t\t\n\t\t\t\n\t\t<\/div>\n\t\t\n\t\t\t\t<div id=\"wd-682c740c2ee76\" class=\"wd-text-block wd-wpb reset-last-child wd-rs-682c740c2ee76 text-left \">\n\t\t\t<p data-start=\"1244\" data-end=\"1486\">Y\u00fcn hal\u0131lar, koyun y\u00fcn\u00fcnden elde edilen do\u011fal liflerle dokunan, uzun \u00f6m\u00fcrl\u00fc ve sa\u011fl\u0131kl\u0131 hal\u0131 t\u00fcrleridir. Antibakteriyel \u00f6zellik ta\u015f\u0131yan bu hal\u0131lar, toz tutmayan yap\u0131s\u0131 ile \u00f6zellikle alerji sorunu ya\u015fayan kullan\u0131c\u0131lar taraf\u0131ndan tercih edilir.<\/p>\n<p data-start=\"1488\" data-end=\"1700\">Ayn\u0131 zamanda \u0131s\u0131y\u0131 muhafaza eden bu hal\u0131lar, k\u0131\u015f aylar\u0131nda ev ortam\u0131nda s\u0131cakl\u0131k sa\u011flar. Ancak bu avantajlar\u0131 sa\u011flayan y\u00fcn lifleri, s\u0131cak su, sert f\u0131r\u00e7alama ve kimyasal i\u00e7erikli deterjanlar nedeniyle bozulabilir.<\/p>\n\t\t<\/div>\n\t\t[\/vc_column][\/vc_row][vc_row][vc_column]\n\t\t<div id=\"wd-682c741270c96\" class=\"title-wrapper wd-wpb wd-set-mb reset-last-child  wd-rs-682c741270c96 wd-title-color-default wd-title-style-default text-left  wd-underline-colored\">\n\t\t\t\n\t\t\t<div class=\"liner-continer\">\n\t\t\t\t<h4 class=\"woodmart-title-container title  wd-font-weight- wd-fontsize-l\" >Y\u00fcn Hal\u0131s\u0131 Neden \u00d6zel Y\u0131kama Gerektirir?<\/h4>\n\t\t\t\t\t\t\t<\/div>\n\t\t\t\n\t\t\t\n\t\t\t\n\t\t<\/div>\n\t\t\n\t\t\t\t<div id=\"wd-682c748e4f3d6\" class=\"wd-text-block wd-wpb reset-last-child wd-rs-682c748e4f3d6 text-left \">\n\t\t\t<ul>\n<li data-start=\"1755\" data-end=\"1868\"><strong data-start=\"1755\" data-end=\"1775\">Ke\u00e7ele\u015fme Riski:<\/strong> Y\u00fcksek s\u0131cakl\u0131kta y\u0131kama, y\u00fcn liflerinin birbirine dolanarak ke\u00e7ele\u015fmesine neden olabilir.<\/li>\n<li data-start=\"1871\" data-end=\"1956\"><strong data-start=\"1871\" data-end=\"1887\">Lif Kopmas\u0131:<\/strong> Y\u00fcn yap\u0131s\u0131, y\u00fcksek devirli makinelerde kopabilir ve t\u00fcy d\u00f6kebilir.<\/li>\n<li data-start=\"1959\" data-end=\"2075\"><strong data-start=\"1959\" data-end=\"1976\">Renk Solmas\u0131:<\/strong> Do\u011fal boyalarla renklendirilmi\u015f y\u00fcn hal\u0131lar, yanl\u0131\u015f \u00fcr\u00fcnle y\u0131kand\u0131\u011f\u0131nda renklerini kaybedebilir.<\/li>\n<li data-start=\"2078\" data-end=\"2157\"><strong data-start=\"2078\" data-end=\"2095\">Koku Olu\u015fumu:<\/strong> Kurutma yanl\u0131\u015f yap\u0131l\u0131rsa, y\u00fcn hal\u0131larda a\u011f\u0131r koku olu\u015fabilir.<\/li>\n<\/ul>\n\t\t<\/div>\n\t\t[\/vc_column][\/vc_row][vc_row][vc_column]\n\t\t<div id=\"wd-682c7422335d0\" class=\"title-wrapper wd-wpb wd-set-mb reset-last-child  wd-rs-682c7422335d0 wd-title-color-default wd-title-style-default text-left  wd-underline-colored\">\n\t\t\t\n\t\t\t<div class=\"liner-continer\">\n\t\t\t\t<h4 class=\"woodmart-title-container title  wd-font-weight- wd-fontsize-l\" >Y\u00fcn Hal\u0131s\u0131 Y\u0131kama S\u00fcreci Nas\u0131l Olmal\u0131?<\/h4>\n\t\t\t\t\t\t\t<\/div>\n\t\t\t\n\t\t\t\n\t\t\t\n\t\t<\/div>\n\t\t\n\t\t\t\t<div id=\"wd-683966822a579\" class=\"wd-text-block wd-wpb reset-last-child wd-rs-683966822a579 text-left \">\n\t\t\t<p data-start=\"2208\" data-end=\"2298\">Malta Hal\u0131 Y\u0131kama olarak, y\u00fcn hal\u0131lar\u0131n\u0131z\u0131 hassas ve profesyonel bir s\u00fcre\u00e7le temizliyoruz:<\/p>\n<ol data-start=\"2300\" data-end=\"2996\">\n<li data-start=\"2300\" data-end=\"2403\">\n<p data-start=\"2303\" data-end=\"2403\"><strong data-start=\"2303\" data-end=\"2317\">\u00d6n Analiz:<\/strong> Hal\u0131n\u0131n yap\u0131s\u0131, leke t\u00fcr\u00fc ve y\u00fcn tipi analiz edilir. \u00d6zel bak\u0131m s\u00fcreci olu\u015fturulur.<\/p>\n<\/li>\n<li data-start=\"2404\" data-end=\"2490\">\n<p data-start=\"2407\" data-end=\"2490\"><strong data-start=\"2407\" data-end=\"2420\">Toz Alma:<\/strong> Derinlemesine vakumlama ile hal\u0131dan partik\u00fcl, toz ve kirler al\u0131n\u0131r.<\/p>\n<\/li>\n<li data-start=\"2491\" data-end=\"2589\">\n<p data-start=\"2494\" data-end=\"2589\"><strong data-start=\"2494\" data-end=\"2513\">Leke Temizli\u011fi:<\/strong> Organik, y\u00fcn dostu temizlik maddeleriyle lekeler yumu\u015fat\u0131larak \u00e7\u0131kar\u0131l\u0131r.<\/p>\n<\/li>\n<li data-start=\"2590\" data-end=\"2703\">\n<p data-start=\"2593\" data-end=\"2703\"><strong data-start=\"2593\" data-end=\"2611\">Hassas Y\u0131kama:<\/strong> Elle veya y\u00fcn hal\u0131lara \u00f6zel d\u00fc\u015f\u00fck devirli makinelerde, kontroll\u00fc su s\u0131cakl\u0131\u011f\u0131yla y\u0131kan\u0131r.<\/p>\n<\/li>\n<li data-start=\"2704\" data-end=\"2780\">\n<p data-start=\"2707\" data-end=\"2780\"><strong data-start=\"2707\" data-end=\"2726\">So\u011fuk Durulama:<\/strong> Y\u00fcn yap\u0131s\u0131n\u0131 korumak i\u00e7in hal\u0131 bol suyla durulan\u0131r.<\/p>\n<\/li>\n<li data-start=\"2781\" data-end=\"2863\">\n<p data-start=\"2784\" data-end=\"2863\"><strong data-start=\"2784\" data-end=\"2802\">Do\u011fal Kurutma:<\/strong> Hal\u0131, g\u00f6lgede ve iyi havaland\u0131r\u0131lm\u0131\u015f ortamlarda kurutulur.<\/p>\n<\/li>\n<li data-start=\"2864\" data-end=\"2996\">\n<p data-start=\"2867\" data-end=\"2996\"><strong data-start=\"2867\" data-end=\"2890\">Kontrol &amp; Teslimat:<\/strong> Ke\u00e7ele\u015fme, koku ve renk solmas\u0131 olup olmad\u0131\u011f\u0131 kontrol edilir, ard\u0131ndan \u00f6zenle paketlenerek teslim edilir.<\/p>\n<\/li>\n<\/ol>\n\t\t<\/div>\n\t\t[\/vc_column][\/vc_row][vc_row][vc_column]\n\t\t<div id=\"wd-683966894bd49\" class=\"title-wrapper wd-wpb wd-set-mb reset-last-child  wd-rs-683966894bd49 wd-title-color-default wd-title-style-default text-left  wd-underline-colored\">\n\t\t\t\n\t\t\t<div class=\"liner-continer\">\n\t\t\t\t<h4 class=\"woodmart-title-container title  wd-font-weight- wd-fontsize-l\" >Malta Temizlik ile Y\u00fcn Hal\u0131lar\u0131n\u0131z Uzun \u00d6m\u00fcrl\u00fc Kal\u0131r<\/h4>\n\t\t\t\t\t\t\t<\/div>\n\t\t\t\n\t\t\t\n\t\t\t\n\t\t<\/div>\n\t\t\n\t\t\t\t<div id=\"wd-68396690e31cc\" class=\"wd-text-block wd-wpb reset-last-child wd-rs-68396690e31cc text-left \">\n\t\t\t<p data-start=\"3061\" data-end=\"3150\">Y\u00fcn hal\u0131lar\u0131n\u0131z\u0131, s\u0131radan temizlik y\u00f6ntemlerine teslim etmeyin. Malta Hal\u0131 Y\u0131kama olarak:<\/p>\n<p data-start=\"3152\" data-end=\"3356\">\u2705 Do\u011fal lif yap\u0131s\u0131na uygun \u00fcr\u00fcnler<br data-start=\"3186\" data-end=\"3189\" \/>\u2705 Ke\u00e7ele\u015fmeyi \u00f6nleyen kontroll\u00fc y\u0131kama teknikleri<br data-start=\"3238\" data-end=\"3241\" \/>\u2705 G\u00f6lge kurutma ile y\u00fcn dokusunu koruma<br data-start=\"3280\" data-end=\"3283\" \/>\u2705 \u0130zmit ve \u00e7evresine \u00fccretsiz servis<br data-start=\"3319\" data-end=\"3322\" \/>\u2705 %100 memnuniyet garantili hizmet<\/p>\n<p data-start=\"3358\" data-end=\"3368\">sunuyoruz.<\/p>\n\t\t<\/div>\n\t\t[\/vc_column][\/vc_row][vc_row][vc_column]\n\t\t<div id=\"wd-682c743b70ef3\" class=\"title-wrapper wd-wpb wd-set-mb reset-last-child  wd-rs-682c743b70ef3 wd-title-color-default wd-title-style-default text-left  wd-underline-colored\">\n\t\t\t\n\t\t\t<div class=\"liner-continer\">\n\t\t\t\t<h4 class=\"woodmart-title-container title  wd-font-weight- wd-fontsize-l\" >Y\u00fcn Hal\u0131s\u0131 Y\u0131kama Fiyatlar\u0131<\/h4>\n\t\t\t\t\t\t\t<\/div>\n\t\t\t\n\t\t\t\n\t\t\t\n\t\t<\/div>\n\t\t\n\t\t\t\t<div id=\"wd-682c743faff8c\" class=\"wd-text-block wd-wpb reset-last-child wd-rs-682c743faff8c text-left \">\n\t\t\t<p data-start=\"3408\" data-end=\"3618\">Y\u00fcn hal\u0131lar\u0131n fiyatland\u0131rmas\u0131; t\u00fcr\u00fcne (el dokuma\/makine), \u00f6l\u00e7\u00fcs\u00fcne, ya\u015f\u0131na ve i\u015flem detaylar\u0131na g\u00f6re belirlenir.<br data-start=\"3520\" data-end=\"3523\" \/>\u00d6zellikle ke\u00e7ele\u015fme riski olan hal\u0131lar, \u00f6zel i\u015flem gerektirdi\u011finden farkl\u0131 fiyat uygulanabilir.<\/p>\n<p data-start=\"3620\" data-end=\"3752\">???? <strong data-start=\"3623\" data-end=\"3663\">Minimum servis bedelimiz 400 TL&#8217;dir.<\/strong><br data-start=\"3663\" data-end=\"3666\" \/>???? Hal\u0131n\u0131z\u0131n \u00f6l\u00e7\u00fclerini ve varsa \u00f6zel durumunu payla\u015farak fiyat teklifi alabilirsiniz.<\/p>\n\t\t<\/div>\n\t\t[\/vc_column][\/vc_row][vc_row][vc_column]\n\t\t<div id=\"wd-682c7444d80f2\" class=\"title-wrapper wd-wpb wd-set-mb reset-last-child  wd-rs-682c7444d80f2 wd-title-color-default wd-title-style-default text-left  wd-underline-colored\">\n\t\t\t\n\t\t\t<div class=\"liner-continer\">\n\t\t\t\t<h4 class=\"woodmart-title-container title  wd-font-weight- wd-fontsize-l\" >Y\u00fcn Hal\u0131s\u0131 Y\u0131kama Hakk\u0131nda S\u0131k Sorulan Sorular<\/h4>\n\t\t\t\t\t\t\t<\/div>\n\t\t\t\n\t\t\t\n\t\t\t\n\t\t<\/div>\n\t\t\n\t\t\t\t<div id=\"wd-682c7465baffc\" class=\"wd-text-block wd-wpb reset-last-child wd-rs-682c7465baffc text-left \">\n\t\t\t<p data-start=\"3784\" data-end=\"3898\"><strong data-start=\"3784\" data-end=\"3816\">Y\u00fcn hal\u0131lar evde y\u0131kan\u0131r m\u0131?<\/strong><br data-start=\"3816\" data-end=\"3819\" \/>Hay\u0131r. Evde y\u0131kanan y\u00fcn hal\u0131lar y\u00fcksek oranda ke\u00e7ele\u015fir veya yap\u0131s\u0131n\u0131 kaybeder.<\/p>\n<p data-start=\"3900\" data-end=\"3998\"><strong data-start=\"3900\" data-end=\"3926\">Ne kadar s\u00fcrede kurur?<\/strong><br data-start=\"3926\" data-end=\"3929\" \/>24\u201348 saat aras\u0131nda, g\u00f6lge ve do\u011fal havaland\u0131rma ortam\u0131nda kurutulur.<\/p>\n<p data-start=\"4000\" data-end=\"4115\"><strong data-start=\"4000\" data-end=\"4038\">Y\u0131kama sonras\u0131 hal\u0131m sertle\u015fir mi?<\/strong><br data-start=\"4038\" data-end=\"4041\" \/>Hay\u0131r. Do\u011fru \u00fcr\u00fcnler ve do\u011fru kurutma ile y\u00fcn hal\u0131lar yumu\u015fakl\u0131\u011f\u0131n\u0131 korur.<\/p>\n\t\t<\/div>\n\t\t[\/vc_column][\/vc_row][vc_row][vc_column]\n\t\t<div id=\"wd-6839669de4750\" class=\"title-wrapper wd-wpb wd-set-mb reset-last-child  wd-rs-6839669de4750 wd-title-color-default wd-title-style-default text-left  wd-underline-colored\">\n\t\t\t\n\t\t\t<div class=\"liner-continer\">\n\t\t\t\t<h4 class=\"woodmart-title-container title  wd-font-weight- wd-fontsize-l\" >Kocaeli Y\u00fcn Hal\u0131s\u0131 Y\u0131kama Hizmetinde G\u00fcvenilir Adres: Malta Temizlik<\/h4>\n\t\t\t\t\t\t\t<\/div>\n\t\t\t\n\t\t\t\n\t\t\t\n\t\t<\/div>\n\t\t\n\t\t\t\t<div id=\"wd-683966a7e2248\" class=\"wd-text-block wd-wpb reset-last-child wd-rs-683966a7e2248 text-left \">\n\t\t\t<p data-start=\"4195\" data-end=\"4412\">Do\u011fall\u0131\u011f\u0131 ile evinize sa\u011fl\u0131k katan y\u00fcn hal\u0131lar\u0131n\u0131z\u0131, ayn\u0131 do\u011fall\u0131kla koruyacak bir temizlik firmas\u0131yla tan\u0131\u015f\u0131n.<br data-start=\"4306\" data-end=\"4309\" \/><strong data-start=\"4309\" data-end=\"4330\">Malta Hal\u0131 Y\u0131kama<\/strong>, y\u00fcn hal\u0131lar\u0131n uzun \u00f6m\u00fcrl\u00fc ve ilk g\u00fcnk\u00fc formda kalmas\u0131 i\u00e7in uzman \u00e7\u00f6z\u00fcmler sunar.<\/p>\n<p data-start=\"4414\" data-end=\"4556\">???? <strong data-start=\"4417\" data-end=\"4430\">\u0130leti\u015fim:<\/strong> +90 (530) 326 25 82<br data-start=\"4450\" data-end=\"4453\" \/>???? <strong data-start=\"4456\" data-end=\"4477\">Hizmet B\u00f6lgeleri:<\/strong> \u0130zmit, Yahyakaptan, Umuttepe, Derince, K\u00f6rfez, Ye\u015filova ve t\u00fcm Kocaeli \u00e7evresi<\/p>\n\t\t<\/div>\n\t\t[\/vc_column][\/vc_row][\/vc_section]<\/p>\n<\/div>","protected":false},"excerpt":{"rendered":"<p>[vc_section][vc_row][vc_column width=&#8221;1\/2&#8243;][\/vc_column][vc_column width=&#8221;1\/2&#8243;][\/vc_column][\/vc_row][vc_row][vc_column][\/vc_column][\/vc_row][vc_row][vc_column][\/vc_column][\/vc_row][vc_row][vc_column][\/vc_column][\/vc_row][vc_row][vc_column][\/vc_column][\/vc_row][vc_row][vc_column][\/vc_column][\/vc_row][vc_row][vc_column][\/vc_column][\/vc_row][vc_row][vc_column][\/vc_column][\/vc_row][\/vc_section]<\/p>\n","protected":false},"author":1,"featured_media":0,"parent":10131,"menu_order":0,"comment_status":"closed","ping_status":"closed","template":"","meta":{"footnotes":""},"class_list":["post-10194","page","type-page","status-publish","hentry"],"_links":{"self":[{"href":"https:\/\/www.maltahaliyikama.com\/index.php\/wp-json\/wp\/v2\/pages\/10194","targetHints":{"allow":["GET"]}}],"collection":[{"href":"https:\/\/www.maltahaliyikama.com\/index.php\/wp-json\/wp\/v2\/pages"}],"about":[{"href":"https:\/\/www.maltahaliyikama.com\/index.php\/wp-json\/wp\/v2\/types\/page"}],"author":[{"embeddable":true,"href":"https:\/\/www.maltahaliyikama.com\/index.php\/wp-json\/wp\/v2\/users\/1"}],"replies":[{"embeddable":true,"href":"https:\/\/www.maltahaliyikama.com\/index.php\/wp-json\/wp\/v2\/comments?post=10194"}],"version-history":[{"count":5,"href":"https:\/\/www.maltahaliyikama.com\/index.php\/wp-json\/wp\/v2\/pages\/10194\/revisions"}],"predecessor-version":[{"id":10420,"href":"https:\/\/www.maltahaliyikama.com\/index.php\/wp-json\/wp\/v2\/pages\/10194\/revisions\/10420"}],"up":[{"embeddable":true,"href":"https:\/\/www.maltahaliyikama.com\/index.php\/wp-json\/wp\/v2\/pages\/10131"}],"wp:attachment":[{"href":"https:\/\/www.maltahaliyikama.com\/index.php\/wp-json\/wp\/v2\/media?parent=10194"}],"curies":[{"name":"wp","href":"https:\/\/api.w.org\/{rel}","templated":true}]}}