{"id":10198,"date":"2025-05-30T03:05:54","date_gmt":"2025-05-30T00:05:54","guid":{"rendered":"https:\/\/www.maltahaliyikama.com\/?page_id=10198"},"modified":"2025-06-22T18:44:42","modified_gmt":"2025-06-22T15:44:42","slug":"zebra-stor-yikama","status":"publish","type":"page","link":"https:\/\/www.maltahaliyikama.com\/index.php\/hizmetlerimiz\/zebra-stor-yikama\/","title":{"rendered":"Zebra Stor Y\u0131kama"},"content":{"rendered":"<div class=\"wpb-content-wrapper\"><p>[vc_section][vc_row woodmart_css_id=&#8221;685824e33a122&#8243; responsive_spacing=&#8221;eyJwYXJhbV90eXBlIjoid29vZG1hcnRfcmVzcG9uc2l2ZV9zcGFjaW5nIiwic2VsZWN0b3JfaWQiOiI2ODU4MjRlMzNhMTIyIiwic2hvcnRjb2RlIjoidmNfcm93IiwiZGF0YSI6eyJ0YWJsZXQiOnt9LCJtb2JpbGUiOnt9fX0=&#8221; mobile_bg_img_hidden=&#8221;no&#8221; tablet_bg_img_hidden=&#8221;no&#8221; woodmart_parallax=&#8221;0&#8243; woodmart_gradient_switch=&#8221;no&#8221; woodmart_box_shadow=&#8221;no&#8221; wd_z_index=&#8221;no&#8221; woodmart_disable_overflow=&#8221;0&#8243; row_reverse_mobile=&#8221;0&#8243; row_reverse_tablet=&#8221;0&#8243;][vc_column width=&#8221;1\/2&#8243;]\n\t\t<div id=\"wd-684b3eafe43a8\" class=\"title-wrapper wd-wpb wd-set-mb reset-last-child  wd-rs-684b3eafe43a8 wd-title-color-default wd-title-style-default text-left  wd-underline-colored\">\n\t\t\t\t\t\t\t\n\t\t\t\t<div class=\"title-subtitle  subtitle-color-default font-alt subtitle-style-default wd-font-weight- wd-fontsize-xs\">Malta Hal\u0131 Y\u0131kama ve Koltuk Y\u0131kama Fabrikas\u0131<br \/>\n| \u0130zmit &amp; Kocaeli\u2019de Zebra Perde Temizli\u011fi Hizmeti<\/div>\n\t\t\t\n\t\t\t<div class=\"liner-continer\">\n\t\t\t\t<h4 class=\"woodmart-title-container title  wd-font-weight- wd-fontsize-l\" >Zebra Stor Y\u0131kama<\/h4>\n\t\t\t\t\t\t\t<\/div>\n\t\t\t\n\t\t\t\n\t\t\t\n\t\t<\/div>\n\t\t\n\t\t\t\t<div id=\"wd-684b3e96404da\" class=\"wd-text-block wd-wpb reset-last-child wd-rs-684b3e96404da text-left \">\n\t\t\t<p data-start=\"452\" data-end=\"696\"><strong data-start=\"452\" data-end=\"475\">Zebra stor perdeler<\/strong>, hem fonksiyonel hem de dekoratif \u00f6zellikleriyle modern ya\u015fam alanlar\u0131n\u0131n vazge\u00e7ilmez par\u00e7alar\u0131ndand\u0131r. G\u00fcn \u0131\u015f\u0131\u011f\u0131n\u0131 ayarlama \u00f6zelli\u011fi, minimal tasar\u0131m\u0131 ve yer kaplamayan yap\u0131s\u0131yla bir\u00e7ok ev ve ofiste tercih edilmektedir.<\/p>\n<p data-start=\"698\" data-end=\"978\">Ancak zebra stor perdeler, yap\u0131lar\u0131 gere\u011fi kolay tozlan\u0131r ve kir tutar. \u00dcstelik mekanizmal\u0131 ve hassas kuma\u015fa sahip olduklar\u0131 i\u00e7in evde yap\u0131lan temizlikler yetersiz kal\u0131r veya perdeye zarar verebilir. Bu nedenle <strong data-start=\"909\" data-end=\"937\">zebra stor \u00f6zel y\u0131kama i\u015flemi<\/strong>, dikkat ve profesyonel bilgi gerektirir.<\/p>\n<p data-start=\"980\" data-end=\"1195\"><strong data-start=\"928\" data-end=\"959\">Malta Hal\u0131 Y\u0131kama ve Koltuk Y\u0131kama Fabrikas\u0131<\/strong> olarak, <strong data-start=\"1010\" data-end=\"1019\">\u0130zmit<\/strong>, <strong data-start=\"1021\" data-end=\"1032\">Kocaeli<\/strong>, <strong data-start=\"1034\" data-end=\"1049\">Yahyakaptan<\/strong>, <strong data-start=\"1051\" data-end=\"1063\">Umuttepe<\/strong>, <strong data-start=\"1065\" data-end=\"1076\">Derince<\/strong>, <strong data-start=\"1078\" data-end=\"1088\">K\u00f6rfez<\/strong>, <strong data-start=\"1090\" data-end=\"1102\">Ye\u015filova<\/strong> gibi b\u00f6lgelerde zebra stor perdeleriniz i\u00e7in \u00f6zenli ve profesyonel y\u0131kama hizmeti sunuyoruz.<\/p>\n\t\t<\/div>\n\t\t[\/vc_column][vc_column width=&#8221;1\/2&#8243;]\t\t<div id=\"wd-6838f650af49c\" class=\"wd-image wd-wpb wd-rs-6838f650af49c text-right \">\n\t\t\t\n\t\t\t<img loading=\"lazy\" decoding=\"async\" width=\"400\" height=\"267\" src=\"https:\/\/www.maltahaliyikama.com\/wp-content\/uploads\/2025\/05\/Zebra-Stor-Perde-Yikama-Hizmeti-Kocaeli-Izmit-Korfez-Malta-Yesilova-Umuttepe-Malta-Hali-Yikamada.jpg\" class=\"attachment-medium size-medium\" alt=\"Zebra Stor Perde Y\u0131kama Hizmeti Kocaeli \u0130zmit K\u00f6rfez Malta Ye\u015filova Umuttepe Malta Hal\u0131 Y\u0131kama&#039;da!\" \/>\n\t\t\t\t\t<\/div>\n\t\t[\/vc_column][\/vc_row][vc_row][vc_column]\n\t\t<div id=\"wd-684b3ec1b078c\" class=\"title-wrapper wd-wpb wd-set-mb reset-last-child  wd-rs-684b3ec1b078c wd-title-color-default wd-title-style-default text-left  wd-underline-colored\">\n\t\t\t\n\t\t\t<div class=\"liner-continer\">\n\t\t\t\t<h4 class=\"woodmart-title-container title  wd-font-weight- wd-fontsize-l\" >Zebra Stor Perde Neden Profesyonelce \u00d6zel Y\u0131kanmal\u0131?<\/h4>\n\t\t\t\t\t\t\t<\/div>\n\t\t\t\n\t\t\t\n\t\t\t\n\t\t<\/div>\n\t\t\n\t\t\t\t<div id=\"wd-682d7322664c0\" class=\"wd-text-block wd-wpb reset-last-child wd-rs-682d7322664c0 text-left \">\n\t\t\t<ul>\n<li data-start=\"1255\" data-end=\"1341\">\n<p data-start=\"1257\" data-end=\"1341\"><strong data-start=\"1257\" data-end=\"1287\">Mekanizma Zarar G\u00f6rmemeli:<\/strong> Evde y\u0131kama s\u0131ras\u0131nda stor mekanizmas\u0131 bozulabilir.<\/p>\n<\/li>\n<li data-start=\"1342\" data-end=\"1442\">\n<p data-start=\"1344\" data-end=\"1442\"><strong data-start=\"1344\" data-end=\"1367\">Kuma\u015f Deformasyonu:<\/strong> Sert f\u0131r\u00e7alama, y\u00fcksek s\u0131cakl\u0131k veya kimyasal deterjan perdeyi y\u0131prat\u0131r.<\/p>\n<\/li>\n<li data-start=\"1443\" data-end=\"1529\">\n<p data-start=\"1445\" data-end=\"1529\"><strong data-start=\"1445\" data-end=\"1471\">Kat \u0130zleri Olu\u015fabilir:<\/strong> Kurutma hatalar\u0131 zebra \u00e7izgilerinin hizas\u0131n\u0131 bozabilir.<\/p>\n<\/li>\n<li data-start=\"1530\" data-end=\"1624\">\n<p data-start=\"1532\" data-end=\"1624\"><strong data-start=\"1532\" data-end=\"1554\">Hijyenik Temizlik:<\/strong> Perde kuma\u015f\u0131 g\u00f6zle g\u00f6r\u00fcnmeyen toz, polen ve mikroorganizmalar\u0131 tutar.<\/p>\n<\/li>\n<\/ul>\n\t\t<\/div>\n\t\t[\/vc_column][\/vc_row][vc_row][vc_column]\n\t\t<div id=\"wd-682d732ba91f0\" class=\"title-wrapper wd-wpb wd-set-mb reset-last-child  wd-rs-682d732ba91f0 wd-title-color-default wd-title-style-default text-left  wd-underline-colored\">\n\t\t\t\n\t\t\t<div class=\"liner-continer\">\n\t\t\t\t<h4 class=\"woodmart-title-container title  wd-font-weight- wd-fontsize-l\" >Zebra Stor Y\u0131kama S\u00fcreci Nas\u0131l Olmal\u0131?<\/h4>\n\t\t\t\t\t\t\t<\/div>\n\t\t\t\n\t\t\t\n\t\t\t\n\t\t<\/div>\n\t\t\n\t\t\t\t<div id=\"wd-684b3ee1ec4b0\" class=\"wd-text-block wd-wpb reset-last-child wd-rs-684b3ee1ec4b0 text-left \">\n\t\t\t<p data-start=\"1675\" data-end=\"1771\"><strong data-start=\"928\" data-end=\"959\">Malta Hal\u0131 Y\u0131kama ve Koltuk Y\u0131kama Fabrikas\u0131<\/strong> olarak zebra stor perdelerinizi \u015fu ad\u0131mlarla profesyonel \u015fekilde \u00f6zel temizliyoruz:<\/p>\n<ol data-start=\"1773\" data-end=\"2448\">\n<li data-start=\"1773\" data-end=\"1880\">\n<p data-start=\"1776\" data-end=\"1880\"><strong data-start=\"1776\" data-end=\"1793\">S\u00f6kme \u0130\u015flemi:<\/strong> Zebra storlar, uzman personelimiz taraf\u0131ndan zarar g\u00f6rmeden mekanizmas\u0131ndan s\u00f6k\u00fcl\u00fcr.<\/p>\n<\/li>\n<li data-start=\"1881\" data-end=\"1955\">\n<p data-start=\"1884\" data-end=\"1955\"><strong data-start=\"1884\" data-end=\"1902\">Toz Temizli\u011fi:<\/strong> Y\u00fczeydeki tozlar g\u00fc\u00e7l\u00fc vakum makineleriyle al\u0131n\u0131r.<\/p>\n<\/li>\n<li data-start=\"1956\" data-end=\"2037\">\n<p data-start=\"1959\" data-end=\"2037\"><strong data-start=\"1959\" data-end=\"1974\">Leke \u00c7\u00f6zme:<\/strong> Leke varsa, y\u00fczeye uygun \u00f6zel sol\u00fcsyonlarla m\u00fcdahale edilir.<\/p>\n<\/li>\n<li data-start=\"2038\" data-end=\"2148\">\n<p data-start=\"2041\" data-end=\"2148\"><strong data-start=\"2041\" data-end=\"2059\">Hassas Y\u0131kama:<\/strong> D\u00fc\u015f\u00fck \u0131s\u0131da, \u00f6zel stor y\u0131kama sol\u00fcsyonlar\u0131 ile perde kuma\u015f\u0131 zarar g\u00f6rmeden temizlenir.<\/p>\n<\/li>\n<li data-start=\"2149\" data-end=\"2216\">\n<p data-start=\"2152\" data-end=\"2216\"><strong data-start=\"2152\" data-end=\"2165\">Durulama:<\/strong> Bol su ile kal\u0131nt\u0131s\u0131z \u015fekilde durulama sa\u011flan\u0131r.<\/p>\n<\/li>\n<li data-start=\"2217\" data-end=\"2328\">\n<p data-start=\"2220\" data-end=\"2328\"><strong data-start=\"2220\" data-end=\"2246\">\u0130z B\u0131rakmayan Kurutma:<\/strong> Perdenin kat izi yapmamas\u0131 i\u00e7in dikey ask\u0131larda, g\u00f6lge ortamda kurutma yap\u0131l\u0131r.<\/p>\n<\/li>\n<li data-start=\"2329\" data-end=\"2448\">\n<p data-start=\"2332\" data-end=\"2448\"><strong data-start=\"2332\" data-end=\"2354\">Montaj &amp; Teslimat:<\/strong> Temizlenen zebra stor perdeniz yeniden monte edilir ve kullan\u0131ma haz\u0131r \u015fekilde teslim edilir.<\/p>\n<\/li>\n<\/ol>\n\t\t<\/div>\n\t\t[\/vc_column][\/vc_row][vc_row][vc_column]\n\t\t<div id=\"wd-684b3eeaf1f03\" class=\"title-wrapper wd-wpb wd-set-mb reset-last-child  wd-rs-684b3eeaf1f03 wd-title-color-default wd-title-style-default text-left  wd-underline-colored\">\n\t\t\t\n\t\t\t<div class=\"liner-continer\">\n\t\t\t\t<h4 class=\"woodmart-title-container title  wd-font-weight- wd-fontsize-l\" >Malta Hal\u0131 Y\u0131kama ve Koltuk Y\u0131kama Fabrikas\u0131 ile Zebra Perdeleriniz Tertemiz<\/h4>\n\t\t\t\t\t\t\t<\/div>\n\t\t\t\n\t\t\t\n\t\t\t\n\t\t<\/div>\n\t\t\n\t\t\t\t<div id=\"wd-682d733bf1212\" class=\"wd-text-block wd-wpb reset-last-child wd-rs-682d733bf1212 text-left \">\n\t\t\t<p data-start=\"2507\" data-end=\"2731\">\u2705 Mekanizmaya zarar vermeden temizlik<br data-start=\"2544\" data-end=\"2547\" \/>\u2705 Zebra \u00e7izgilerinin hizas\u0131n\u0131 koruyan kurutma<br data-start=\"2592\" data-end=\"2595\" \/>\u2705 Antibakteriyel ve leke \u00e7\u0131kar\u0131c\u0131 \u00f6zel \u00fcr\u00fcnler<br data-start=\"2641\" data-end=\"2644\" \/>\u2705 \u0130zmit ve \u00e7evresine adresten al\u0131m\u2013teslim<br data-start=\"2685\" data-end=\"2688\" \/>\u2705 %100 m\u00fc\u015fteri memnuniyeti garantili hizmet<\/p>\n\t\t<\/div>\n\t\t[\/vc_column][\/vc_row][vc_row][vc_column]\n\t\t<div id=\"wd-682d7346cd6e3\" class=\"title-wrapper wd-wpb wd-set-mb reset-last-child  wd-rs-682d7346cd6e3 wd-title-color-default wd-title-style-default text-left  wd-underline-colored\">\n\t\t\t\n\t\t\t<div class=\"liner-continer\">\n\t\t\t\t<h4 class=\"woodmart-title-container title  wd-font-weight- wd-fontsize-l\" >Zebra Stor Y\u0131kama Fiyatlar\u0131<\/h4>\n\t\t\t\t\t\t\t<\/div>\n\t\t\t\n\t\t\t\n\t\t\t\n\t\t<\/div>\n\t\t\n\t\t\t\t<div id=\"wd-684b3ef91b44b\" class=\"wd-text-block wd-wpb reset-last-child wd-rs-684b3ef91b44b text-left \">\n\t\t\t<p data-start=\"2771\" data-end=\"2881\">Zebra stor y\u0131kama fiyatlar\u0131; perdenin boyutuna (en\/boy), kuma\u015f kalitesine ve leke durumuna g\u00f6re de\u011fi\u015fmektedir.<\/p>\n<p data-start=\"2883\" data-end=\"3021\">???? <strong data-start=\"2886\" data-end=\"2905\">Ortalama fiyat:<\/strong> 90 TL \/ m\u00b2<br data-start=\"2916\" data-end=\"2919\" \/>???? Minimum servis bedelimiz: 500 TL\u2019dir<br data-start=\"2958\" data-end=\"2961\" \/>???? \u00c7oklu perde g\u00f6nderimlerinde \u00f6zel fiyat avantaj\u0131 sa\u011flan\u0131r.<\/p>\n\t\t<\/div>\n\t\t[\/vc_column][\/vc_row][vc_row][vc_column]\n\t\t<div id=\"wd-682d735124c14\" class=\"title-wrapper wd-wpb wd-set-mb reset-last-child  wd-rs-682d735124c14 wd-title-color-default wd-title-style-default text-left  wd-underline-colored\">\n\t\t\t\n\t\t\t<div class=\"liner-continer\">\n\t\t\t\t<h4 class=\"woodmart-title-container title  wd-font-weight- wd-fontsize-l\" >Zebra Stor Y\u0131kama Hakk\u0131nda S\u0131k Sorulan Sorular<\/h4>\n\t\t\t\t\t\t\t<\/div>\n\t\t\t\n\t\t\t\n\t\t\t\n\t\t<\/div>\n\t\t\n\t\t\t\t<div id=\"wd-682d73581627c\" class=\"wd-text-block wd-wpb reset-last-child wd-rs-682d73581627c text-left \">\n\t\t\t<p data-start=\"3073\" data-end=\"3193\"><strong data-start=\"3073\" data-end=\"3119\">Zebra stor perdemi evde y\u0131kayabilir miyim?<\/strong><br data-start=\"3119\" data-end=\"3122\" \/>Tavsiye edilmez. Mekanizma ve kuma\u015f zarar g\u00f6rebilir, kat izi kalabilir.<\/p>\n<p data-start=\"3195\" data-end=\"3269\"><strong data-start=\"3195\" data-end=\"3219\">Kuruma s\u00fcresi nedir?<\/strong><br data-start=\"3219\" data-end=\"3222\" \/>24\u201336 saat i\u00e7inde do\u011fal kurutma ile tamamlan\u0131r.<\/p>\n<p data-start=\"3271\" data-end=\"3375\"><strong data-start=\"3271\" data-end=\"3299\">Renklerde solma olur mu?<\/strong><br data-start=\"3299\" data-end=\"3302\" \/>Hay\u0131r. D\u00fc\u015f\u00fck \u0131s\u0131 ve \u00f6zel temizlik sol\u00fcsyonlar\u0131 sayesinde renkler korunur.<\/p>\n\t\t<\/div>\n\t\t[\/vc_column][\/vc_row][vc_row][vc_column]\n\t\t<div id=\"wd-684b3f1375262\" class=\"title-wrapper wd-wpb wd-set-mb reset-last-child  wd-rs-684b3f1375262 wd-title-color-default wd-title-style-default text-left  wd-underline-colored\">\n\t\t\t\n\t\t\t<div class=\"liner-continer\">\n\t\t\t\t<h4 class=\"woodmart-title-container title  wd-font-weight- wd-fontsize-l\" >Kocaeli Zebra Stor \u00d6zel Y\u0131kama Hizmetinde G\u00fcvenilir Adres: Malta Hal\u0131 Y\u0131kama ve Koltuk Y\u0131kama Fabrikas\u0131<\/h4>\n\t\t\t\t\t\t\t<\/div>\n\t\t\t\n\t\t\t\n\t\t\t\n\t\t<\/div>\n\t\t\n\t\t\t\t<div id=\"wd-684b3f1eefa5a\" class=\"wd-text-block wd-wpb reset-last-child wd-rs-684b3f1eefa5a text-left \">\n\t\t\t<p data-start=\"3455\" data-end=\"3666\">Zebra stor perdelerinizin estetik g\u00f6r\u00fcn\u00fcm\u00fcn\u00fc ve kullan\u0131m \u00f6mr\u00fcn\u00fc korumak i\u00e7in do\u011fru temizlik \u00f6nemlidir.<br data-start=\"3557\" data-end=\"3560\" \/><strong data-start=\"928\" data-end=\"959\">Malta Hal\u0131 Y\u0131kama ve Koltuk Y\u0131kama Fabrikas\u0131<\/strong>, storlar\u0131n\u0131z\u0131 profesyonelce temizleyerek ilk g\u00fcnk\u00fc \u015f\u0131kl\u0131\u011f\u0131yla size geri teslim eder.<\/p>\n<p data-start=\"3668\" data-end=\"3802\">???? <strong data-start=\"3671\" data-end=\"3684\">\u0130leti\u015fim:<\/strong> +90 (262) 322 25 82<br data-start=\"3704\" data-end=\"3707\" \/>???? <strong data-start=\"3710\" data-end=\"3731\">Hizmet B\u00f6lgeleri:<\/strong> \u0130zmit, Yahyakaptan, Umuttepe, Derince, K\u00f6rfez, Ye\u015filova ve t\u00fcm Kocaeli<\/p>\n\t\t<\/div>\n\t\t[\/vc_column][\/vc_row][\/vc_section]<\/p>\n<\/div>","protected":false},"excerpt":{"rendered":"<p>[vc_section][vc_row woodmart_css_id=&#8221;685824e33a122&#8243; responsive_spacing=&#8221;eyJwYXJhbV90eXBlIjoid29vZG1hcnRfcmVzcG9uc2l2ZV9zcGFjaW5nIiwic2VsZWN0b3JfaWQiOiI2ODU4MjRlMzNhMTIyIiwic2hvcnRjb2RlIjoidmNfcm93IiwiZGF0YSI6eyJ0YWJsZXQiOnt9LCJtb2JpbGUiOnt9fX0=&#8221; mobile_bg_img_hidden=&#8221;no&#8221; tablet_bg_img_hidden=&#8221;no&#8221; woodmart_parallax=&#8221;0&#8243; woodmart_gradient_switch=&#8221;no&#8221; woodmart_box_shadow=&#8221;no&#8221; wd_z_index=&#8221;no&#8221; woodmart_disable_overflow=&#8221;0&#8243; row_reverse_mobile=&#8221;0&#8243; row_reverse_tablet=&#8221;0&#8243;][vc_column width=&#8221;1\/2&#8243;][\/vc_column][vc_column width=&#8221;1\/2&#8243;][\/vc_column][\/vc_row][vc_row][vc_column][\/vc_column][\/vc_row][vc_row][vc_column][\/vc_column][\/vc_row][vc_row][vc_column][\/vc_column][\/vc_row][vc_row][vc_column][\/vc_column][\/vc_row][vc_row][vc_column][\/vc_column][\/vc_row][vc_row][vc_column][\/vc_column][\/vc_row][\/vc_section]<\/p>\n","protected":false},"author":1,"featured_media":0,"parent":10131,"menu_order":0,"comment_status":"closed","ping_status":"closed","template":"","meta":{"footnotes":""},"class_list":["post-10198","page","type-page","status-publish","hentry"],"_links":{"self":[{"href":"https:\/\/www.maltahaliyikama.com\/index.php\/wp-json\/wp\/v2\/pages\/10198","targetHints":{"allow":["GET"]}}],"collection":[{"href":"https:\/\/www.maltahaliyikama.com\/index.php\/wp-json\/wp\/v2\/pages"}],"about":[{"href":"https:\/\/www.maltahaliyikama.com\/index.php\/wp-json\/wp\/v2\/types\/page"}],"author":[{"embeddable":true,"href":"https:\/\/www.maltahaliyikama.com\/index.php\/wp-json\/wp\/v2\/users\/1"}],"replies":[{"embeddable":true,"href":"https:\/\/www.maltahaliyikama.com\/index.php\/wp-json\/wp\/v2\/comments?post=10198"}],"version-history":[{"count":6,"href":"https:\/\/www.maltahaliyikama.com\/index.php\/wp-json\/wp\/v2\/pages\/10198\/revisions"}],"predecessor-version":[{"id":10422,"href":"https:\/\/www.maltahaliyikama.com\/index.php\/wp-json\/wp\/v2\/pages\/10198\/revisions\/10422"}],"up":[{"embeddable":true,"href":"https:\/\/www.maltahaliyikama.com\/index.php\/wp-json\/wp\/v2\/pages\/10131"}],"wp:attachment":[{"href":"https:\/\/www.maltahaliyikama.com\/index.php\/wp-json\/wp\/v2\/media?parent=10198"}],"curies":[{"name":"wp","href":"https:\/\/api.w.org\/{rel}","templated":true}]}}