{"id":5288,"date":"2021-08-25T09:00:10","date_gmt":"2021-08-25T09:00:10","guid":{"rendered":"http:\/\/dummy.xtemos.com\/woodmart2\/?page_id=5288"},"modified":"2025-06-23T15:15:52","modified_gmt":"2025-06-23T12:15:52","slug":"iletisim","status":"publish","type":"page","link":"https:\/\/www.maltahaliyikama.com\/index.php\/iletisim\/","title":{"rendered":"\u0130leti\u015fim"},"content":{"rendered":"<div class=\"wpb-content-wrapper\"><p>[vc_row full_width=&#8221;stretch_row_content_no_spaces&#8221; css_animation=&#8221;none&#8221; css=&#8221;.vc_custom_1635871490467{margin-top: -40px !important;margin-bottom: 80px !important;}&#8221; woodmart_css_id=&#8221;61816afa77f62&#8243; responsive_spacing=&#8221;eyJwYXJhbV90eXBlIjoid29vZG1hcnRfcmVzcG9uc2l2ZV9zcGFjaW5nIiwic2VsZWN0b3JfaWQiOiI2MTgxNmFmYTc3ZjYyIiwic2hvcnRjb2RlIjoidmNfcm93IiwiZGF0YSI6eyJ0YWJsZXQiOnsibWFyZ2luLWJvdHRvbSI6IjYwIn0sIm1vYmlsZSI6e319fQ==&#8221; mobile_bg_img_hidden=&#8221;no&#8221; tablet_bg_img_hidden=&#8221;no&#8221; woodmart_parallax=&#8221;0&#8243; woodmart_gradient_switch=&#8221;no&#8221; woodmart_box_shadow=&#8221;no&#8221; wd_z_index=&#8221;no&#8221; woodmart_disable_overflow=&#8221;0&#8243; row_reverse_mobile=&#8221;0&#8243; row_reverse_tablet=&#8221;0&#8243;][vc_column][vc_goo_maps location=&#8221;Hayal Temizlik ve Hal\u0131 Y\u0131kama Fabrikas\u0131&#8221; height=&#8221;600&#8243; zoom=&#8221;16&#8243; css=&#8221;&#8221;][\/vc_column][\/vc_row][vc_row equal_height=&#8221;yes&#8221; css_animation=&#8221;none&#8221; css=&#8221;.vc_custom_1496926452255{margin-right: -50px !important;margin-left: -50px !important;}&#8221;][vc_column width=&#8221;1\/2&#8243; css=&#8221;.vc_custom_1747735324452{border-right-width: 1px !important;padding-top: 20px !important;padding-right: 50px !important;padding-bottom: 10px !important;padding-left: 50px !important;border-right-style: solid !important;border-color: #e8e8e8 !important;}&#8221; offset=&#8221;vc_col-lg-6 vc_col-md-6&#8243; woodmart_css_id=&#8221;682c531808bf0&#8243; parallax_scroll=&#8221;no&#8221; woodmart_sticky_column=&#8221;false&#8221; wd_collapsible_content_switcher=&#8221;no&#8221; wd_column_role_offcanvas_desktop=&#8221;no&#8221; wd_column_role_offcanvas_tablet=&#8221;no&#8221; wd_column_role_offcanvas_mobile=&#8221;no&#8221; wd_column_role_content_desktop=&#8221;no&#8221; wd_column_role_content_tablet=&#8221;no&#8221; wd_column_role_content_mobile=&#8221;no&#8221; mobile_bg_img_hidden=&#8221;no&#8221; tablet_bg_img_hidden=&#8221;no&#8221; woodmart_parallax=&#8221;0&#8243; woodmart_box_shadow=&#8221;no&#8221; responsive_spacing=&#8221;eyJwYXJhbV90eXBlIjoid29vZG1hcnRfcmVzcG9uc2l2ZV9zcGFjaW5nIiwic2VsZWN0b3JfaWQiOiI2ODJjNTMxODA4YmYwIiwic2hvcnRjb2RlIjoidmNfY29sdW1uIiwiZGF0YSI6eyJ0YWJsZXQiOnt9LCJtb2JpbGUiOnt9fX0=&#8221; mobile_reset_margin=&#8221;no&#8221; tablet_reset_margin=&#8221;no&#8221; wd_z_index=&#8221;no&#8221;]\n\t\t<div id=\"wd-684b47f75b07b\" class=\"title-wrapper wd-wpb wd-set-mb reset-last-child  wd-rs-684b47f75b07b wd-title-color-default wd-title-style-default text-left  wd-underline-colored\">\n\t\t\t\t\t\t\t\n\t\t\t\t<div class=\"title-subtitle  subtitle-color-default font-alt subtitle-style-default wd-font-weight-500 wd-fontsize-xs\">Malta Hal\u0131 Y\u0131kama ve Koltuk Y\u0131kama Fabrikas\u0131<\/div>\n\t\t\t\n\t\t\t<div class=\"liner-continer\">\n\t\t\t\t<h4 class=\"woodmart-title-container title  wd-font-weight- wd-fontsize-l\" >S\u0131k Sorulan Sorular (SSS)<\/h4>\n\t\t\t\t\t\t\t<\/div>\n\t\t\t\n\t\t\t\n\t\t\t\n\t\t<\/div>\n\t\t\n\t\t\n\t\t<div id=\"wd-61825698b13f0\" class=\"wd-accordion wd-wpb wd-rs-61825698b13f0  wd-style-default wd-titles-left wd-opener-pos-right wd-opener-style-arrow\" data-state=\"first\">\n\t\t\t\t\t\t\t\n\t\t\t\t\n\t\t\t\t<div class=\"wd-accordion-item\">\n\t\t\t\t\t<div class=\"wd-accordion-title wd-active font-text wd-fontsize-s wd-font-weight-600\" data-accordion-index=\"0\">\n\t\t\t\t\t\t<div class=\"wd-accordion-title-text\">\n\t\t\t\t\t\t\t\t\t\t\t\t\t\t<span>\n\t\t\t\t\t\t\t\tHangi b\u00f6lgelere hal\u0131 y\u0131kama hizmeti veriyorsunuz?\t\t\t\t\t\t\t<\/span>\n\t\t\t\t\t\t<\/div>\n\t\t\t\t\t\t<span class=\"wd-accordion-opener\"><\/span>\n\t\t\t\t\t<\/div>\n\n\t\t\t\t\t<div class=\"wd-accordion-content wd-entry-content wd-active\" data-accordion-index=\"0\">\n\t\t\t\t\t\t\t\t\t\t\t\t\t\n<p data-start=\"373\" data-end=\"629\">\u0130zmit merkezli firmam\u0131z, ba\u015fta <strong>Malta Hal\u0131 Y\u0131kama ve Koltuk Y\u0131kama<\/strong>\u00a0hizmeti olmak \u00fczere; <strong data-start=\"508\" data-end=\"518\">K\u00f6rfez<\/strong>, <strong data-start=\"520\" data-end=\"535\">Yahyakaptan<\/strong>, <strong data-start=\"537\" data-end=\"549\">Umuttepe<\/strong>, <strong data-start=\"551\" data-end=\"562\">Derince<\/strong> ve \u00e7evre mahallelerde profesyonel hal\u0131 y\u0131kama hizmeti sunmaktad\u0131r.<\/p>\n\t\t\t\t\t\t\t\t\t\t\t<\/div>\n\t\t\t\t<\/div>\n\t\t\t\t\t\t\t\n\t\t\t\t\n\t\t\t\t<div class=\"wd-accordion-item\">\n\t\t\t\t\t<div class=\"wd-accordion-title font-text wd-fontsize-s wd-font-weight-600\" data-accordion-index=\"1\">\n\t\t\t\t\t\t<div class=\"wd-accordion-title-text\">\n\t\t\t\t\t\t\t\t\t\t\t\t\t\t<span>\n\t\t\t\t\t\t\t\tSadece hal\u0131 m\u0131 y\u0131k\u0131yorsunuz?\t\t\t\t\t\t\t<\/span>\n\t\t\t\t\t\t<\/div>\n\t\t\t\t\t\t<span class=\"wd-accordion-opener\"><\/span>\n\t\t\t\t\t<\/div>\n\n\t\t\t\t\t<div class=\"wd-accordion-content wd-entry-content\" data-accordion-index=\"1\">\n\t\t\t\t\t\t\t\t\t\t\t\t\t\n<p data-start=\"1355\" data-end=\"1545\">Hay\u0131r, firmam\u0131z <strong data-start=\"1409\" data-end=\"1459\">yorgan, battaniye, koltuk ve stor perde y\u0131kama<\/strong> gibi hizmetler de sunmaktad\u0131r. T\u00fcm i\u015flemler uzman ekip ve modern makinelerle yap\u0131l\u0131r.<\/p>\n\t\t\t\t\t\t\t\t\t\t\t<\/div>\n\t\t\t\t<\/div>\n\t\t\t\t\t\t\t\n\t\t\t\t\n\t\t\t\t<div class=\"wd-accordion-item\">\n\t\t\t\t\t<div class=\"wd-accordion-title font-text wd-fontsize-s wd-font-weight-600\" data-accordion-index=\"2\">\n\t\t\t\t\t\t<div class=\"wd-accordion-title-text\">\n\t\t\t\t\t\t\t\t\t\t\t\t\t\t<span>\n\t\t\t\t\t\t\t\tHal\u0131 y\u0131kama i\u015fleminde hangi temizlik \u00fcr\u00fcnlerini kullan\u0131yorsunuz?\t\t\t\t\t\t\t<\/span>\n\t\t\t\t\t\t<\/div>\n\t\t\t\t\t\t<span class=\"wd-accordion-opener\"><\/span>\n\t\t\t\t\t<\/div>\n\n\t\t\t\t\t<div class=\"wd-accordion-content wd-entry-content\" data-accordion-index=\"2\">\n\t\t\t\t\t\t\t\t\t\t\t\t\t\n<p data-start=\"636\" data-end=\"864\">%100 bitkisel, antibakteriyel ve insan sa\u011fl\u0131\u011f\u0131na zarars\u0131z deterjanlar kullan\u0131yoruz. Bu \u00fcr\u00fcnler, hal\u0131n\u0131z\u0131n dokusuna zarar vermezken maksimum hijyen sa\u011flar.<\/p>\n\t\t\t\t\t\t\t\t\t\t\t<\/div>\n\t\t\t\t<\/div>\n\t\t\t\t\t\t\t\n\t\t\t\t\n\t\t\t\t<div class=\"wd-accordion-item\">\n\t\t\t\t\t<div class=\"wd-accordion-title font-text wd-fontsize-s wd-font-weight-600\" data-accordion-index=\"3\">\n\t\t\t\t\t\t<div class=\"wd-accordion-title-text\">\n\t\t\t\t\t\t\t\t\t\t\t\t\t\t<span>\n\t\t\t\t\t\t\t\tHal\u0131m\u0131 evimden al\u0131p tekrar teslim ediyor musunuz?\t\t\t\t\t\t\t<\/span>\n\t\t\t\t\t\t<\/div>\n\t\t\t\t\t\t<span class=\"wd-accordion-opener\"><\/span>\n\t\t\t\t\t<\/div>\n\n\t\t\t\t\t<div class=\"wd-accordion-content wd-entry-content\" data-accordion-index=\"3\">\n\t\t\t\t\t\t\t\t\t\t\t\t\t\n<p data-start=\"871\" data-end=\"1131\">Evet, <strong data-start=\"936\" data-end=\"957\">\u0130zmit Hal\u0131 Y\u0131kama<\/strong> hizmetlerimizde \u00fccretsiz al\u0131m ve teslimat hizmeti sunuyoruz. \u00d6zellikle <strong data-start=\"1029\" data-end=\"1039\">K\u00f6rfez<\/strong>, <strong data-start=\"1041\" data-end=\"1052\">Derince<\/strong>, <strong data-start=\"1054\" data-end=\"1069\">Yahyakaptan<\/strong> ve <strong data-start=\"1073\" data-end=\"1085\">Umuttepe<\/strong> b\u00f6lgelerinde g\u00fcnl\u00fck servis hizmetimiz vard\u0131r.<\/p>\n\t\t\t\t\t\t\t\t\t\t\t<\/div>\n\t\t\t\t<\/div>\n\t\t\t\t\t\t\t\n\t\t\t\t\n\t\t\t\t<div class=\"wd-accordion-item\">\n\t\t\t\t\t<div class=\"wd-accordion-title font-text wd-fontsize-s wd-font-weight-600\" data-accordion-index=\"4\">\n\t\t\t\t\t\t<div class=\"wd-accordion-title-text\">\n\t\t\t\t\t\t\t\t\t\t\t\t\t\t<span>\n\t\t\t\t\t\t\t\tHal\u0131 y\u0131kama ne kadar s\u00fcrer?\t\t\t\t\t\t\t<\/span>\n\t\t\t\t\t\t<\/div>\n\t\t\t\t\t\t<span class=\"wd-accordion-opener\"><\/span>\n\t\t\t\t\t<\/div>\n\n\t\t\t\t\t<div class=\"wd-accordion-content wd-entry-content\" data-accordion-index=\"4\">\n\t\t\t\t\t\t\t\t\t\t\t\t\t\n<p data-start=\"1138\" data-end=\"1348\">Teslim al\u0131nan hal\u0131lar ortalama 3 i\u015f g\u00fcn\u00fc i\u00e7erisinde profesyonelce y\u0131kan\u0131p kurutularak teslim edilir. <strong data-start=\"1276\" data-end=\"1310\">Kocaeli hal\u0131 y\u0131kama fabrikam\u0131z<\/strong>, h\u0131zl\u0131 ve kaliteli hizmeti esas al\u0131r.<\/p>\n\t\t\t\t\t\t\t\t\t\t\t<\/div>\n\t\t\t\t<\/div>\n\t\t\t\t\t\t\t\n\t\t\t\t\n\t\t\t\t<div class=\"wd-accordion-item\">\n\t\t\t\t\t<div class=\"wd-accordion-title font-text wd-fontsize-s wd-font-weight-600\" data-accordion-index=\"5\">\n\t\t\t\t\t\t<div class=\"wd-accordion-title-text\">\n\t\t\t\t\t\t\t\t\t\t\t\t\t\t<span>\n\t\t\t\t\t\t\t\tHal\u0131m\u0131n zarar g\u00f6rme ihtimali var m\u0131?\t\t\t\t\t\t\t<\/span>\n\t\t\t\t\t\t<\/div>\n\t\t\t\t\t\t<span class=\"wd-accordion-opener\"><\/span>\n\t\t\t\t\t<\/div>\n\n\t\t\t\t\t<div class=\"wd-accordion-content wd-entry-content\" data-accordion-index=\"5\">\n\t\t\t\t\t\t\t\t\t\t\t\t\t\n<p data-start=\"1552\" data-end=\"1741\">Hay\u0131r, her hal\u0131 t\u00fcr\u00fcne \u00f6zel y\u0131kama programlar\u0131m\u0131z mevcuttur. \u00d6zellikle <strong data-start=\"1669\" data-end=\"1703\">el dokumas\u0131 ve de\u011ferli hal\u0131lar<\/strong>, \u00f6zel bak\u0131m protokol\u00fc ile temizlenir.<\/p>\n\t\t\t\t\t\t\t\t\t\t\t<\/div>\n\t\t\t\t<\/div>\n\t\t\t\t\t\t\t\n\t\t\t\t\n\t\t\t\t<div class=\"wd-accordion-item\">\n\t\t\t\t\t<div class=\"wd-accordion-title font-text wd-fontsize-s wd-font-weight-600\" data-accordion-index=\"6\">\n\t\t\t\t\t\t<div class=\"wd-accordion-title-text\">\n\t\t\t\t\t\t\t\t\t\t\t\t\t\t<span>\n\t\t\t\t\t\t\t\tHal\u0131 y\u0131kama \u00fccretleri nas\u0131l belirleniyor?\t\t\t\t\t\t\t<\/span>\n\t\t\t\t\t\t<\/div>\n\t\t\t\t\t\t<span class=\"wd-accordion-opener\"><\/span>\n\t\t\t\t\t<\/div>\n\n\t\t\t\t\t<div class=\"wd-accordion-content wd-entry-content\" data-accordion-index=\"6\">\n\t\t\t\t\t\t\t\t\t\t\t\t\t\n<p data-start=\"1552\" data-end=\"1741\">Fiyatland\u0131rma hal\u0131n\u0131n cinsi, boyutu ve leke durumuna g\u00f6re de\u011fi\u015fir. Detayl\u0131 fiyat bilgisi i\u00e7in bizimle ileti\u015fime ge\u00e7ebilirsiniz.<\/p>\n\t\t\t\t\t\t\t\t\t\t\t<\/div>\n\t\t\t\t<\/div>\n\t\t\t\t\t\t\t\n\t\t\t\t\n\t\t\t\t<div class=\"wd-accordion-item\">\n\t\t\t\t\t<div class=\"wd-accordion-title font-text wd-fontsize-s wd-font-weight-600\" data-accordion-index=\"7\">\n\t\t\t\t\t\t<div class=\"wd-accordion-title-text\">\n\t\t\t\t\t\t\t\t\t\t\t\t\t\t<span>\n\t\t\t\t\t\t\t\tUmuttepe\u2019de \u00f6\u011frenci yurtlar\u0131na hizmet veriyor musunuz?\t\t\t\t\t\t\t<\/span>\n\t\t\t\t\t\t<\/div>\n\t\t\t\t\t\t<span class=\"wd-accordion-opener\"><\/span>\n\t\t\t\t\t<\/div>\n\n\t\t\t\t\t<div class=\"wd-accordion-content wd-entry-content\" data-accordion-index=\"7\">\n\t\t\t\t\t\t\t\t\t\t\t\t\t\n<p data-start=\"1933\" data-end=\"2109\">Evet, <strong data-start=\"2003\" data-end=\"2027\">Umuttepe hal\u0131 y\u0131kama<\/strong> hizmetimiz kapsam\u0131nda \u00f6\u011frenci yurtlar\u0131na ve apartlara \u00f6zel kampanyalar sunuyoruz.<\/p>\n\t\t\t\t\t\t\t\t\t\t\t<\/div>\n\t\t\t\t<\/div>\n\t\t\t\t\t\t\t\t\t\t\t\t\t\t<\/div>\n\n\t\t[\/vc_column][vc_column width=&#8221;1\/2&#8243;][vc_raw_html css=&#8221;&#8221;]JTNDc3R5bGUlM0UlMEQlMEEuY29udGFjdC1ib3glMjAlN0IlMEQlMEElMjAlMjBkaXNwbGF5JTNBJTIwaW5saW5lLWJsb2NrJTNCJTBEJTBBJTIwJTIwd2lkdGglM0ElMjA2NTBweCUzQiUwRCUwQSUyMCUyMHBhZGRpbmclM0ElMjAzMHB4JTIwMjBweCUzQiUwRCUwQSUyMCUyMG1hcmdpbiUzQSUyMDEwcHglM0IlMEQlMEElMjAlMjBiYWNrZ3JvdW5kLWNvbG9yJTNBJTIwJTIzZjJmMmYyJTNCJTBEJTBBJTIwJTIwYm9yZGVyLXJhZGl1cyUzQSUyMDEwcHglM0IlMEQlMEElMjAlMjB0ZXh0LWFsaWduJTNBJTIwY2VudGVyJTNCJTBEJTBBJTIwJTIwdHJhbnNpdGlvbiUzQSUyMGJhY2tncm91bmQtY29sb3IlMjAwLjRzJTIwZWFzZSUyQyUyMGJveC1zaGFkb3clMjAwLjRzJTIwZWFzZSUzQiUwRCUwQSUyMCUyMGJveC1zaGFkb3clM0ElMjAwJTIwMCUyMDEwcHglMjByZ2JhJTI4MCUyQzAlMkMwJTJDMC4wNSUyOSUzQiUwRCUwQSUyMCUyMGJvcmRlciUzQSUyMDFweCUyMHNvbGlkJTIwdHJhbnNwYXJlbnQlM0IlMEQlMEElN0QlMEQlMEElMEQlMEEuY29udGFjdC1ib3glM0Fob3ZlciUyMCU3QiUwRCUwQSUyMCUyMGJhY2tncm91bmQtY29sb3IlM0ElMjAlMjNmZmU2ZjAlM0IlMEQlMEElMjAlMjBib3JkZXIlM0ElMjAxcHglMjBzb2xpZCUyMCUyM2U5MWU2MyUzQiUwRCUwQSU3RCUwRCUwQSUwRCUwQS5jb250YWN0LWJveCUyMGltZyUyMCU3QiUwRCUwQSUyMCUyMHdpZHRoJTNBJTIwNjBweCUzQiUwRCUwQSUyMCUyMGhlaWdodCUzQSUyMDYwcHglM0IlMEQlMEElMjAlMjBtYXJnaW4tYm90dG9tJTNBJTIwMTVweCUzQiUwRCUwQSU3RCUwRCUwQSUwRCUwQS5jb250YWN0LXRpdGxlJTIwJTdCJTBEJTBBJTIwJTIwZm9udC13ZWlnaHQlM0ElMjBib2xkJTNCJTBEJTBBJTIwJTIwY29sb3IlM0ElMjAlMjM5OTklM0IlMEQlMEElMjAlMjBtYXJnaW4tYm90dG9tJTNBJTIwMTBweCUzQiUwRCUwQSUyMCUyMGxldHRlci1zcGFjaW5nJTNBJTIwMXB4JTNCJTBEJTBBJTdEJTBEJTBBJTBEJTBBLmNvbnRhY3QtZGV0YWlsJTIwJTdCJTBEJTBBJTIwJTIwZm9udC1zaXplJTNBJTIwMTZweCUzQiUwRCUwQSUyMCUyMGNvbG9yJTNBJTIwJTIzMDAwJTNCJTBEJTBBJTIwJTIwZm9udC13ZWlnaHQlM0ElMjBib2xkJTNCJTBEJTBBJTdEJTBEJTBBJTBEJTBBLmNvbnRhY3Qtc3VidGV4dCUyMCU3QiUwRCUwQSUyMCUyMGZvbnQtc2l6ZSUzQSUyMDE0cHglM0IlMEQlMEElMjAlMjBjb2xvciUzQSUyMCUyMzMzMyUzQiUwRCUwQSUyMCUyMG1hcmdpbi10b3AlM0ElMjA1cHglM0IlMEQlMEElN0QlMEQlMEEuZm9vdGVyLWNvbnRhY3QtZGV0YWlsJTIwYSUyMCU3QiUwRCUwQSUyMCUyMGNvbG9yJTNBJTIwJTIzMDAwJTIwJTIxaW1wb3J0YW50JTNCJTBEJTBBJTIwJTIwdGV4dC1kZWNvcmF0aW9uJTNBJTIwbm9uZSUzQiUwRCUwQSU3RCUwRCUwQS5mb290ZXItY29udGFjdC1kZXRhaWwlMjBhJTVCaHJlZiU1RSUzRCUyMm1haWx0byUzQSUyMiU1RCUyMCU3QiUwRCUwQSUyMCUyMGNvbG9yJTNBJTIwJTIzMDAwJTIwJTIxaW1wb3J0YW50JTNCJTBEJTBBJTIwJTIwdGV4dC1kZWNvcmF0aW9uJTNBJTIwbm9uZSUzQiUwRCUwQSU3RCUwRCUwQSU0MG1lZGlhJTIwc2NyZWVuJTIwYW5kJTIwJTI4bWF4LXdpZHRoJTNBJTIwNTc2cHglMjklMjAlN0IlMjAlMjAlMEQlMEElMjAlMjAlMjAuY29udGFjdC1ib3glN0IlMEQlMEElMjAlMjAlMjAlMjAlMjAlMjAlMjB3aWR0aCUzQSUyMDQzNXB4JTNCJTBEJTBBJTIwJTIwJTIwJTdEJTBEJTBBJTdEJTBEJTBBJTBEJTBBJTNDJTJGc3R5bGUlM0UlMEQlMEElMEQlMEElM0NkaXYlMjBjbGFzcyUzRCUyMmNvbnRhY3QtYm94JTIyJTNFJTBEJTBBJTIwJTIwJTNDaW1nJTIwc3JjJTNEJTIyaHR0cHMlM0ElMkYlMkZ3d3cubWFsdGFoYWxpeWlrYW1hLmNvbSUyRndwLWNvbnRlbnQlMkZ1cGxvYWRzJTJGMjAyMSUyRjA4JTJGd2QtY3Vyc29yLWRhcmsuc3ZnJTIyJTIwYWx0JTNEJTIyU2FhdCUyMiUzRSUwRCUwQSUyMCUyMCUzQ2RpdiUyMGNsYXNzJTNEJTIyY29udGFjdC10aXRsZSUyMiUzRSVDMyU4N0FMSSVDNSU5RU1BJTIwU0FBVExFUiVDNCVCMCUzQyUyRmRpdiUzRSUwRCUwQSUyMCUyMCUzQ2RpdiUyMGNsYXNzJTNEJTIyY29udGFjdC1kZXRhaWwlMjIlM0VQYXphcnRlc2klMjAtJTIwQ3VtYXJ0ZXNpJTNBJTNDYnIlM0UwOCUzQTAwJTIwLSUyMDE4JTNBMDAlM0MlMkZkaXYlM0UlMEQlMEElMjAlMjAlM0NkaXYlMjBjbGFzcyUzRCUyMmNvbnRhY3Qtc3VidGV4dCUyMiUzRVBhemFyJTIwJTNBJTIwS2FwYWwlQzQlQjElM0MlMkZkaXYlM0UlMEQlMEElM0MlMkZkaXYlM0UlMEQlMEElMEQlMEElM0NkaXYlMjBjbGFzcyUzRCUyMmNvbnRhY3QtYm94JTIyJTNFJTBEJTBBJTIwJTIwJTNDaW1nJTIwc3JjJTNEJTIyaHR0cHMlM0ElMkYlMkZjZG4taWNvbnMtcG5nLmZsYXRpY29uLmNvbSUyRjUxMiUyRjU5NyUyRjU5NzE3Ny5wbmclMjIlMjBhbHQlM0QlMjJUZWxlZm9uJTIyJTNFJTBEJTBBJTIwJTIwJTNDZGl2JTIwY2xhc3MlM0QlMjJjb250YWN0LXRpdGxlJTIyJTNFVEVMRUZPTiUzQyUyRmRpdiUzRSUwRCUwQSUyMCUyMCUzQ2RpdiUyMGNsYXNzJTNEJTIyZm9vdGVyLWNvbnRhY3QtZGV0YWlsJTIyJTNFJTNDYSUyMGhyZWYlM0QlMjJ0ZWwlM0ElMkI5MDI2MjMyMjI1ODIlMjIlM0UlMkI5MCUyMCUyODI2MiUyOSUyMDMyMiUyMDI1JTIwODIlM0MlMkZhJTNFJTNDJTJGZGl2JTNFJTBEJTBBJTIwJTIwJTNDZGl2JTIwY2xhc3MlM0QlMjJmb290ZXItY29udGFjdC1kZXRhaWwlMjIlM0UlM0NhJTIwaHJlZiUzRCUyMnRlbCUzQSUyQjkwNTMwMzI2MjU4MiUyMiUzRSUyQjkwJTIwJTI4NTMwJTI5JTIwMzI2JTIwMjUlMjA4MiUzQyUyRmElM0UlM0MlMkZkaXYlM0UlMEQlMEElMjAlMjAlM0NkaXYlMjBjbGFzcyUzRCUyMmNvbnRhY3Qtc3VidGV4dCUyMiUzRTclMkYyNCUyMFNpcGFyaSVDNSU5RiUzQyUyRmRpdiUzRSUwRCUwQSUzQyUyRmRpdiUzRSUwRCUwQSUwRCUwQSUzQ2RpdiUyMGNsYXNzJTNEJTIyY29udGFjdC1ib3glMjIlM0UlMEQlMEElMjAlMjAlM0NpbWclMjBzcmMlM0QlMjJodHRwcyUzQSUyRiUyRmNkbi1pY29ucy1wbmcuZmxhdGljb24uY29tJTJGNTEyJTJGNTYxJTJGNTYxMTI3LnBuZyUyMiUyMGFsdCUzRCUyMkUtUG9zdGElMjIlM0UlMEQlMEElMjAlMjAlM0NkaXYlMjBjbGFzcyUzRCUyMmNvbnRhY3QtdGl0bGUlMjIlM0VFLVBPU1RBJTNDJTJGZGl2JTNFJTBEJTBBJTIwJTIwJTNDZGl2JTIwY2xhc3MlM0QlMjJmb290ZXItY29udGFjdC1kZXRhaWwlMjIlM0UlM0NhJTIwaHJlZiUzRCUyMm1haWx0byUzQWluZm8lNDBtYWx0YWhhbGl5aWthbWEuY29tJTIyJTNFaW5mbyU0MG1hbHRhaGFsaXlpa2FtYS5jb20lM0MlMkZhJTNFJTNDJTJGZGl2JTNFJTBEJTBBJTIwJTIwJTNDZGl2JTIwY2xhc3MlM0QlMjJjb250YWN0LXN1YnRleHQlMjIlM0VTb3J1JTJDJTIwJUMzJUI2bmVyaSUyMHZlJTIwJUM1JTlGaWtheWV0JTNDJTJGZGl2JTNFJTBEJTBBJTNDJTJGZGl2JTNFJTBEJTBB[\/vc_raw_html][\/vc_column][\/vc_row]<\/p>\n<\/div>","protected":false},"excerpt":{"rendered":"<p>[vc_row full_width=&#8221;stretch_row_content_no_spaces&#8221; css_animation=&#8221;none&#8221; css=&#8221;.vc_custom_1635871490467{margin-top: -40px !important;margin-bottom: 80px !important;}&#8221; woodmart_css_id=&#8221;61816afa77f62&#8243; responsive_spacing=&#8221;eyJwYXJhbV90eXBlIjoid29vZG1hcnRfcmVzcG9uc2l2ZV9zcGFjaW5nIiwic2VsZWN0b3JfaWQiOiI2MTgxNmFmYTc3ZjYyIiwic2hvcnRjb2RlIjoidmNfcm93IiwiZGF0YSI6eyJ0YWJsZXQiOnsibWFyZ2luLWJvdHRvbSI6IjYwIn0sIm1vYmlsZSI6e319fQ==&#8221; mobile_bg_img_hidden=&#8221;no&#8221; tablet_bg_img_hidden=&#8221;no&#8221; woodmart_parallax=&#8221;0&#8243; woodmart_gradient_switch=&#8221;no&#8221; woodmart_box_shadow=&#8221;no&#8221; wd_z_index=&#8221;no&#8221; woodmart_disable_overflow=&#8221;0&#8243; row_reverse_mobile=&#8221;0&#8243; row_reverse_tablet=&#8221;0&#8243;][vc_column][vc_goo_maps location=&#8221;Hayal<\/p>\n","protected":false},"author":1,"featured_media":0,"parent":0,"menu_order":0,"comment_status":"closed","ping_status":"closed","template":"","meta":{"footnotes":""},"class_list":["post-5288","page","type-page","status-publish","hentry"],"_links":{"self":[{"href":"https:\/\/www.maltahaliyikama.com\/index.php\/wp-json\/wp\/v2\/pages\/5288","targetHints":{"allow":["GET"]}}],"collection":[{"href":"https:\/\/www.maltahaliyikama.com\/index.php\/wp-json\/wp\/v2\/pages"}],"about":[{"href":"https:\/\/www.maltahaliyikama.com\/index.php\/wp-json\/wp\/v2\/types\/page"}],"author":[{"embeddable":true,"href":"https:\/\/www.maltahaliyikama.com\/index.php\/wp-json\/wp\/v2\/users\/1"}],"replies":[{"embeddable":true,"href":"https:\/\/www.maltahaliyikama.com\/index.php\/wp-json\/wp\/v2\/comments?post=5288"}],"version-history":[{"count":10,"href":"https:\/\/www.maltahaliyikama.com\/index.php\/wp-json\/wp\/v2\/pages\/5288\/revisions"}],"predecessor-version":[{"id":10439,"href":"https:\/\/www.maltahaliyikama.com\/index.php\/wp-json\/wp\/v2\/pages\/5288\/revisions\/10439"}],"wp:attachment":[{"href":"https:\/\/www.maltahaliyikama.com\/index.php\/wp-json\/wp\/v2\/media?parent=5288"}],"curies":[{"name":"wp","href":"https:\/\/api.w.org\/{rel}","templated":true}]}}